{"id":13043,"date":"2021-10-21T19:33:35","date_gmt":"2021-10-21T17:33:35","guid":{"rendered":"https:\/\/kommit-bike.de\/mon-compte\/"},"modified":"2025-12-04T17:05:42","modified_gmt":"2025-12-04T16:05:42","slug":"mein-konto","status":"publish","type":"page","link":"https:\/\/kommit-bike.de\/fr\/mein-konto\/","title":{"rendered":"Mon compte"},"content":{"rendered":"\n<h2 class=\"wp-block-heading\" data-block-type=\"core\">\ud83e\udde1 <strong>Rejoignez la #kommitfamily<\/strong><\/h2>\n\n<p>Avec votre <strong>compte #kommitfamily<\/strong> personnel, vous ferez v\u00e9ritablement partie de kommit\u00ae.<br\/>Vous b\u00e9n\u00e9ficierez d\u2019avantages exclusifs, pourrez donner un feedback direct sur les produits et serez toujours plus proche de notre communaut\u00e9.<\/p>\n\n<p>Connectez-vous ci-dessous ou cr\u00e9ez votre compte gratuit en quelques \u00e9tapes.<\/p>\n\n<h3 class=\"wp-block-heading\" data-block-type=\"core\"><strong>Vos avantages en tant que membre #kommitfamily<\/strong><\/h3>\n\n<ul class=\"wp-block-list\" data-block-type=\"core\">\n<li data-block-type=\"core\"><strong>10 % de r\u00e9duction permanente sur les produits <em>kommit\u00ae<\/em><\/strong><br\/>Avec votre compte, vous b\u00e9n\u00e9ficiez automatiquement de 10 % de r\u00e9duction sur tous les produits <strong><em>kommit\u00ae<\/em><\/strong> \u2013 \u00e0 tout moment.<\/li>\n<\/ul>\n\n<ul class=\"wp-block-list\" data-block-type=\"core\">\n<li data-block-type=\"core\"><strong>Actions exclusives de <em>kommit\u00ae<\/em> &amp; partenaires<\/strong><br\/>Seule la #kommitfamily a acc\u00e8s \u00e0 des offres sp\u00e9ciales, des actions et des offres de partenaires.<\/li>\n<\/ul>\n\n<ul class=\"wp-block-list\" data-block-type=\"core\">\n<li data-block-type=\"core\"><strong>Newsletter <em>kommit\u00ae<\/em> gratuite<\/strong><br\/>Restez inform\u00e9 des nouveaux produits, des actions, des aper\u00e7us passionnants et des histoires de la communaut\u00e9.<\/li>\n<\/ul>\n\n<ul class=\"wp-block-list\" data-block-type=\"core\">\n<li data-block-type=\"core\"><strong>Participez au lieu de simplement consommer<\/strong><br\/>Votre opinion compte\u00a0!<br\/>Donnez-nous votre avis, devenez testeur et aidez-nous \u00e0 d\u00e9velopper les produits <strong><em>kommit\u00ae<\/em><\/strong>.<\/li>\n<\/ul>\n\n<h3 class=\"wp-block-heading\" data-block-type=\"core\"><strong>Comment rejoindre la #kommitfamily<\/strong><\/h3>\n\n<ol class=\"wp-block-list\" data-block-type=\"core\">\n<li data-block-type=\"core\"><strong>Cr\u00e9er un compte\u00a0:<\/strong> Inscrivez-vous gratuitement en tant que membre #kommitfamily avec votre adresse e-mail.<\/li>\n\n\n\n<li data-block-type=\"core\"><strong>Se connecter\u00a0:<\/strong> Connectez-vous avec votre nouveau compte.<\/li>\n\n\n\n<li data-block-type=\"core\"><strong>Profiter des avantages\u00a0:<\/strong> B\u00e9n\u00e9ficiez automatiquement d\u2019une r\u00e9duction, d\u2019une newsletter, d\u2019actions et d\u2019un acc\u00e8s \u00e0 la communaut\u00e9.<\/li>\n<\/ol>\n\n<p>Si vous \u00eates d\u00e9j\u00e0 membre de la #kommitfamily, connectez-vous simplement ci-dessous et profitez de tous vos avantages.<\/p>\n\n<p>Nous sommes heureux de vous accueillir dans la #kommitfamily.<br\/><strong>Ride together.<\/strong><\/p>\n\n<hr class=\"wp-block-separator has-alpha-channel-opacity\"\/ data-block-type=\"core\">\n\n<p><strong>Vous \u00eates un client B2B et poss\u00e9dez donc un magasin de v\u00e9los\u00a0? Cr\u00e9ez un compte avec le groupe d\u2019utilisateurs\u00a0: H\u00e4ndler-B2B. Apr\u00e8s v\u00e9rification par nos soins, vous pouvez commander directement.  <\/strong><\/p>\n\n<div style=\"height:100px\" aria-hidden=\"true\" class=\"wp-block-spacer\" data-block-type=\"core\"><\/div>\n<p data-block-type=\"core\"><div class=\"woocommerce\"><\/div><\/p>\n","protected":false},"excerpt":{"rendered":"<p>\ud83e\udde1 Rejoignez la #kommitfamily Avec votre compte #kommitfamily personnel, vous ferez v\u00e9ritablement partie de kommit\u00ae.Vous b\u00e9n\u00e9ficierez d\u2019avantages exclusifs, pourrez donner &#8230; <\/p>\n<p class=\"read-more-container\"><a title=\"Mon compte\" class=\"read-more button\" href=\"https:\/\/kommit-bike.de\/fr\/mein-konto\/#more-13043\" aria-label=\"En savoir plus sur Mon compte\">Lire plus<\/a><\/p>\n","protected":false},"author":1013,"featured_media":12767,"parent":0,"menu_order":27,"comment_status":"closed","ping_status":"closed","template":"","meta":{"footnotes":""},"class_list":{"0":"post-13043","1":"page","2":"type-page","3":"status-publish","4":"has-post-thumbnail","6":"resize-featured-image"},"featured_image_urls_v2":{"full":["https:\/\/kommit-bike.de\/wp-content\/uploads\/2020\/10\/kommit-button-web-icon-512x512-1.png",512,512,false],"thumbnail":["https:\/\/kommit-bike.de\/wp-content\/uploads\/2020\/10\/kommit-button-web-icon-512x512-1-450x450.png",450,450,true],"medium":["https:\/\/kommit-bike.de\/wp-content\/uploads\/2020\/10\/kommit-button-web-icon-512x512-1-450x450.png",450,450,true],"medium_large":["https:\/\/kommit-bike.de\/wp-content\/uploads\/2020\/10\/kommit-button-web-icon-512x512-1.png",512,512,false],"large":["https:\/\/kommit-bike.de\/wp-content\/uploads\/2020\/10\/kommit-button-web-icon-512x512-1.png",512,512,false],"1536x1536":["https:\/\/kommit-bike.de\/wp-content\/uploads\/2020\/10\/kommit-button-web-icon-512x512-1.png",512,512,false],"2048x2048":["https:\/\/kommit-bike.de\/wp-content\/uploads\/2020\/10\/kommit-button-web-icon-512x512-1.png",512,512,false],"woocommerce_thumbnail":["https:\/\/kommit-bike.de\/wp-content\/uploads\/2020\/10\/kommit-button-web-icon-512x512-1-300x300.png",300,300,true],"woocommerce_single":["https:\/\/kommit-bike.de\/wp-content\/uploads\/2020\/10\/kommit-button-web-icon-512x512-1.png",512,512,false],"woocommerce_gallery_thumbnail":["https:\/\/kommit-bike.de\/wp-content\/uploads\/2020\/10\/kommit-button-web-icon-512x512-1-100x100.png",100,100,true]},"post_excerpt_stackable_v2":"<p>\ud83e\udde1 Rejoignez la #kommitfamily Avec votre compte #kommitfamily personnel, vous ferez v\u00e9ritablement partie de kommit\u00ae.Vous b\u00e9n\u00e9ficierez d\u2019avantages exclusifs, pourrez donner un feedback direct sur les produits et serez toujours plus proche de notre communaut\u00e9. Connectez-vous ci-dessous ou cr\u00e9ez votre compte gratuit en quelques \u00e9tapes. Vos avantages en tant que membre #kommitfamily 10 % de r\u00e9duction permanente sur les produits kommit\u00aeAvec votre compte, vous b\u00e9n\u00e9ficiez automatiquement de 10 % de r\u00e9duction sur tous les produits kommit\u00ae \u2013 \u00e0 tout moment. Actions exclusives de kommit\u00ae &amp; partenairesSeule la #kommitfamily a acc\u00e8s \u00e0 des offres sp\u00e9ciales, des actions et des offres de partenaires.\u2026<\/p>\n","category_list_v2":"","author_info_v2":{"name":"Kursawe Sebastian","url":"https:\/\/kommit-bike.de\/fr\/author\/sebastian\/"},"comments_num_v2":"0 commentaire","_links":{"self":[{"href":"https:\/\/kommit-bike.de\/fr\/wp-json\/wp\/v2\/pages\/13043","targetHints":{"allow":["GET"]}}],"collection":[{"href":"https:\/\/kommit-bike.de\/fr\/wp-json\/wp\/v2\/pages"}],"about":[{"href":"https:\/\/kommit-bike.de\/fr\/wp-json\/wp\/v2\/types\/page"}],"author":[{"embeddable":true,"href":"https:\/\/kommit-bike.de\/fr\/wp-json\/wp\/v2\/users\/1013"}],"replies":[{"embeddable":true,"href":"https:\/\/kommit-bike.de\/fr\/wp-json\/wp\/v2\/comments?post=13043"}],"version-history":[{"count":0,"href":"https:\/\/kommit-bike.de\/fr\/wp-json\/wp\/v2\/pages\/13043\/revisions"}],"wp:featuredmedia":[{"embeddable":true,"href":"https:\/\/kommit-bike.de\/fr\/wp-json\/wp\/v2\/media\/12767"}],"wp:attachment":[{"href":"https:\/\/kommit-bike.de\/fr\/wp-json\/wp\/v2\/media?parent=13043"}],"curies":[{"name":"wp","href":"https:\/\/api.w.org\/{rel}","templated":true}]}}