{"id":30416,"date":"2025-11-03T18:00:55","date_gmt":"2025-11-03T17:00:55","guid":{"rendered":"https:\/\/kommit-bike.de\/shop\/paypal-zahlung-erfolgreich\/"},"modified":"2025-11-03T18:00:56","modified_gmt":"2025-11-03T17:00:56","slug":"paypal-zahlung-erfolgreich","status":"publish","type":"page","link":"https:\/\/kommit-bike.de\/fr\/boutique\/paypal-zahlung-erfolgreich\/","title":{"rendered":"Paiement Paypal r\u00e9ussi"},"content":{"rendered":"\n<p>Merci pour votre paiement. Votre transaction a \u00e9t\u00e9 effectu\u00e9e et vous recevrez une confirmation d&#8217;achat par e-mail. Connecte-toi \u00e0 ton compte PayPal pour consulter les d\u00e9tails de la transaction.  <\/p>\n","protected":false},"excerpt":{"rendered":"<p>Merci pour votre paiement. Votre transaction a \u00e9t\u00e9 effectu\u00e9e et vous recevrez une confirmation d&#8217;achat par e-mail. Connecte-toi \u00e0 ton &#8230; <\/p>\n<p class=\"read-more-container\"><a title=\"Paiement Paypal r\u00e9ussi\" class=\"read-more button\" href=\"https:\/\/kommit-bike.de\/fr\/boutique\/paypal-zahlung-erfolgreich\/#more-30416\" aria-label=\"En savoir plus sur Paiement Paypal r\u00e9ussi\">Lire plus<\/a><\/p>\n","protected":false},"author":1013,"featured_media":0,"parent":13040,"menu_order":22,"comment_status":"closed","ping_status":"closed","template":"","meta":{"footnotes":""},"class_list":["post-30416","page","type-page","status-publish"],"featured_image_urls_v2":{"full":"","thumbnail":"","medium":"","medium_large":"","large":"","1536x1536":"","2048x2048":"","woocommerce_thumbnail":"","woocommerce_single":"","woocommerce_gallery_thumbnail":""},"post_excerpt_stackable_v2":"<p>Merci pour votre paiement. Votre transaction a \u00e9t\u00e9 effectu\u00e9e et vous recevrez une confirmation d&#8217;achat par e-mail. Connecte-toi \u00e0 ton compte PayPal pour consulter les d\u00e9tails de la transaction.<\/p>\n","category_list_v2":"","author_info_v2":{"name":"Kursawe Sebastian","url":"https:\/\/kommit-bike.de\/fr\/author\/sebastian\/"},"comments_num_v2":"0 commentaire","_links":{"self":[{"href":"https:\/\/kommit-bike.de\/fr\/wp-json\/wp\/v2\/pages\/30416","targetHints":{"allow":["GET"]}}],"collection":[{"href":"https:\/\/kommit-bike.de\/fr\/wp-json\/wp\/v2\/pages"}],"about":[{"href":"https:\/\/kommit-bike.de\/fr\/wp-json\/wp\/v2\/types\/page"}],"author":[{"embeddable":true,"href":"https:\/\/kommit-bike.de\/fr\/wp-json\/wp\/v2\/users\/1013"}],"replies":[{"embeddable":true,"href":"https:\/\/kommit-bike.de\/fr\/wp-json\/wp\/v2\/comments?post=30416"}],"version-history":[{"count":0,"href":"https:\/\/kommit-bike.de\/fr\/wp-json\/wp\/v2\/pages\/30416\/revisions"}],"up":[{"embeddable":true,"href":"https:\/\/kommit-bike.de\/fr\/wp-json\/wp\/v2\/pages\/13040"}],"wp:attachment":[{"href":"https:\/\/kommit-bike.de\/fr\/wp-json\/wp\/v2\/media?parent=30416"}],"curies":[{"name":"wp","href":"https:\/\/api.w.org\/{rel}","templated":true}]}}