{"id":30424,"date":"2025-11-03T18:00:59","date_gmt":"2025-11-03T17:00:59","guid":{"rendered":"https:\/\/kommit-bike.de\/shop\/widerruf_fuer_digitale_inhalte\/"},"modified":"2025-11-03T18:00:59","modified_gmt":"2025-11-03T17:00:59","slug":"widerruf_fuer_digitale_inhalte","status":"publish","type":"page","link":"https:\/\/kommit-bike.de\/fr\/boutique\/widerruf_fuer_digitale_inhalte\/","title":{"rendered":"R\u00e9tractation pour les contenus num\u00e9riques"},"content":{"rendered":"<h3>Informations concernant le droit de r\u00e9tractation pour les consommateurs concernant la fourniture de contenus num\u00e9riques qui ne sont pas fournis sur un support physique (par exemple, un livre \u00e9lectronique, un t\u00e9l\u00e9chargement de logiciel)<\/h3>\n<p><strong>Politique de r\u00e9tractation<\/strong><\/p>\n<p>Un consommateur est toute personne physique qui conclut une transaction juridique \u00e0 des fins qui ne peuvent \u00eatre attribu\u00e9es de mani\u00e8re pr\u00e9dominante ni \u00e0 son activit\u00e9 commerciale ni \u00e0 son activit\u00e9 professionnelle ind\u00e9pendante.<\/p>\n<p><strong>Droit de r\u00e9tractation<\/strong><\/p>\n<p>Vous avez le droit de vous r\u00e9tracter de ce contrat dans un d\u00e9lai de quatorze jours sans indication de motif. Le d\u00e9lai de r\u00e9tractation est de quatorze jours \u00e0 compter du jour de la conclusion du contrat. Pour exercer votre droit de r\u00e9tractation, vous devez nous informer ([Ins\u00e9rer&nbsp;: Nom\/Soci\u00e9t\u00e9, adresse du destinataire de la r\u00e9tractation, num\u00e9ro de t\u00e9l\u00e9phone, adresse e-mail et, le cas \u00e9ch\u00e9ant, num\u00e9ro de fax. Vous pouvez \u00e9galement utiliser le shortcode kommit Outdoor GmbH<br \/>\r\nUhlbergstra\u00dfe 54<br \/>\r\n91757 Treuchtlingen<br \/>\r\nGERMANY \u00e0 cet effet et enregistrer l\u2019adresse dans les param\u00e8tres DE.]) au moyen d\u2019une d\u00e9claration claire (par exemple, une lettre envoy\u00e9e par la poste, un fax ou un e-mail) de votre d\u00e9cision de vous r\u00e9tracter de ce contrat. Vous pouvez utiliser le mod\u00e8le de formulaire de r\u00e9tractation ci-joint, mais ce n\u2019est pas obligatoire. Pour respecter le d\u00e9lai de r\u00e9tractation, il suffit que vous envoyiez la notification de l\u2019exercice du droit de r\u00e9tractation avant l\u2019expiration du d\u00e9lai de r\u00e9tractation.   <\/p>\n<p><strong>Cons\u00e9quences de la r\u00e9tractation<\/strong><br \/>\nSi vous vous r\u00e9tractez de ce contrat, nous devons vous rembourser tous les paiements que nous avons re\u00e7us de votre part, y compris les frais de livraison (\u00e0 l\u2019exception des frais suppl\u00e9mentaires r\u00e9sultant du fait que vous avez choisi un type de livraison autre que la livraison standard la moins ch\u00e8re que nous proposons), imm\u00e9diatement et au plus tard dans les quatorze jours \u00e0 compter du jour o\u00f9 nous avons re\u00e7u la notification de votre r\u00e9tractation de ce contrat. Pour ce remboursement, nous utilisons le m\u00eame moyen de paiement que celui que vous avez utilis\u00e9 lors de la transaction initiale, \u00e0 moins qu\u2019il n\u2019en ait \u00e9t\u00e9 express\u00e9ment convenu autrement avec vous&nbsp;; en aucun cas, des frais ne vous seront factur\u00e9s pour ce remboursement. <\/p>\n<p><strong>Mod\u00e8le de formulaire de r\u00e9tractation<\/strong><\/p>\n<p>(Si vous souhaitez vous r\u00e9tracter du contrat, veuillez remplir ce formulaire et le renvoyer.)<br \/>\n&#8211; \u00c0 [Ins\u00e9rer&nbsp;: Nom\/Soci\u00e9t\u00e9, adresse du destinataire de la r\u00e9tractation, adresse e-mail et, le cas \u00e9ch\u00e9ant, num\u00e9ro de fax.]&nbsp;:<br \/>\n&#8211; Par la pr\u00e9sente, je\/nous (*) r\u00e9voque(ons) le contrat que j\u2019ai\/nous avons (*) conclu pour l\u2019achat des marchandises suivantes (*)\/la fourniture du service suivant (*)&nbsp;:<br \/>\n&#8211; Command\u00e9 le (*)\/re\u00e7u le (*)&nbsp;:<br \/>\n&#8211; Nom du\/des consommateur(s)&nbsp;:<br \/>\n&#8211; Adresse du\/des consommateur(s)&nbsp;:<br \/>\n&#8211; Signature du\/des consommateur(s) (uniquement en cas de notification sur papier)&nbsp;:<br \/>\n&#8211; Date&nbsp;:<br \/>\n&#8212;&#8212;&#8212;&#8212;&#8212;&#8212;&#8212;&#8212;&#8212;&#8212;&#8212;&#8212;&#8212;<br \/>\n(*) Biffer les mentions inutiles.<\/p>\n<p><strong>Exclusion ou expiration anticip\u00e9e du droit de r\u00e9tractation<\/strong><br \/>\nLe droit de r\u00e9tractation n\u2019existe pas pour les contrats de fourniture de contenus num\u00e9riques qui ne sont pas pr\u00e9fabriqu\u00e9s et pour lesquels une s\u00e9lection ou une d\u00e9termination individuelle par le consommateur est d\u00e9terminante ou qui sont clairement adapt\u00e9s aux besoins personnels du consommateur.<br \/>\nLe droit de r\u00e9tractation expire pr\u00e9matur\u00e9ment si nous avons commenc\u00e9 \u00e0 ex\u00e9cuter le contrat seulement apr\u00e8s que vous y ayez express\u00e9ment consenti et que vous ayez en m\u00eame temps confirm\u00e9 avoir connaissance du fait que vous perdez votre droit de r\u00e9tractation au d\u00e9but de l\u2019ex\u00e9cution du contrat de notre part. Nous attirons votre attention sur le fait que nous pouvons subordonner la conclusion du contrat au consentement et \u00e0 la confirmation susmentionn\u00e9s. <\/p>\n","protected":false},"excerpt":{"rendered":"<p>Informations concernant le droit de r\u00e9tractation pour les consommateurs concernant la fourniture de contenus num\u00e9riques qui ne sont pas fournis &#8230; <\/p>\n<p class=\"read-more-container\"><a title=\"R\u00e9tractation pour les contenus num\u00e9riques\" class=\"read-more button\" href=\"https:\/\/kommit-bike.de\/fr\/boutique\/widerruf_fuer_digitale_inhalte\/#more-30424\" aria-label=\"En savoir plus sur R\u00e9tractation pour les contenus num\u00e9riques\">Lire plus<\/a><\/p>\n","protected":false},"author":1013,"featured_media":0,"parent":13040,"menu_order":6,"comment_status":"closed","ping_status":"closed","template":"","meta":{"footnotes":""},"class_list":["post-30424","page","type-page","status-publish"],"featured_image_urls_v2":{"full":"","thumbnail":"","medium":"","medium_large":"","large":"","1536x1536":"","2048x2048":"","woocommerce_thumbnail":"","woocommerce_single":"","woocommerce_gallery_thumbnail":""},"post_excerpt_stackable_v2":"<p>Informations concernant le droit de r\u00e9tractation pour les consommateurs concernant la fourniture de contenus num\u00e9riques qui ne sont pas fournis sur un support physique (par exemple, un livre \u00e9lectronique, un t\u00e9l\u00e9chargement de logiciel) Politique de r\u00e9tractation Un consommateur est toute personne physique qui conclut une transaction juridique \u00e0 des fins qui ne peuvent \u00eatre attribu\u00e9es de mani\u00e8re pr\u00e9dominante ni \u00e0 son activit\u00e9 commerciale ni \u00e0 son activit\u00e9 professionnelle ind\u00e9pendante. Droit de r\u00e9tractation Vous avez le droit de vous r\u00e9tracter de ce contrat dans un d\u00e9lai de quatorze jours sans indication de motif. Le d\u00e9lai de r\u00e9tractation est de quatorze jours\u2026<\/p>\n","category_list_v2":"","author_info_v2":{"name":"Kursawe Sebastian","url":"https:\/\/kommit-bike.de\/fr\/author\/sebastian\/"},"comments_num_v2":"0 commentaire","_links":{"self":[{"href":"https:\/\/kommit-bike.de\/fr\/wp-json\/wp\/v2\/pages\/30424","targetHints":{"allow":["GET"]}}],"collection":[{"href":"https:\/\/kommit-bike.de\/fr\/wp-json\/wp\/v2\/pages"}],"about":[{"href":"https:\/\/kommit-bike.de\/fr\/wp-json\/wp\/v2\/types\/page"}],"author":[{"embeddable":true,"href":"https:\/\/kommit-bike.de\/fr\/wp-json\/wp\/v2\/users\/1013"}],"replies":[{"embeddable":true,"href":"https:\/\/kommit-bike.de\/fr\/wp-json\/wp\/v2\/comments?post=30424"}],"version-history":[{"count":0,"href":"https:\/\/kommit-bike.de\/fr\/wp-json\/wp\/v2\/pages\/30424\/revisions"}],"up":[{"embeddable":true,"href":"https:\/\/kommit-bike.de\/fr\/wp-json\/wp\/v2\/pages\/13040"}],"wp:attachment":[{"href":"https:\/\/kommit-bike.de\/fr\/wp-json\/wp\/v2\/media?parent=30424"}],"curies":[{"name":"wp","href":"https:\/\/api.w.org\/{rel}","templated":true}]}}