{"id":30430,"date":"2025-11-03T18:01:00","date_gmt":"2025-11-03T17:01:00","guid":{"rendered":"https:\/\/kommit-bike.de\/shop\/zahlungsweisen\/"},"modified":"2025-11-26T20:32:06","modified_gmt":"2025-11-26T19:32:06","slug":"zahlungsweisen","status":"publish","type":"page","link":"https:\/\/kommit-bike.de\/fr\/boutique\/zahlungsweisen\/","title":{"rendered":"Modes de paiement"},"content":{"rendered":"\n<p>Nous vous proposons les modes de paiement suivants. Choisissez simplement le mode de paiement qui vous convient le mieux. Les frais d&#8217;exp\u00e9dition d\u00e9pendent en partie du mode de paiement choisi. Les prix indiqu\u00e9s dans les offres respectives sont des prix finaux. Ils comprennent tous les \u00e9l\u00e9ments du prix, y compris les taxes \u00e9ventuelles telles que la TVA. Seules les livraisons transfrontali\u00e8res peuvent entra\u00eener, dans des cas particuliers, le paiement d&#8217;autres imp\u00f4ts (par exemple, en cas d&#8217;acquisition intracommunautaire) et\/ou de taxes (par exemple, les droits de douane), non pas au vendeur, mais aux autorit\u00e9s douani\u00e8res ou fiscales comp\u00e9tentes. Les frais de livraison et d&#8217;exp\u00e9dition ne sont pas inclus dans le prix d&#8217;achat, ils peuvent \u00eatre consult\u00e9s sur la page \u00ab Frais d&#8217;exp\u00e9dition \u00bb, sont indiqu\u00e9s s\u00e9par\u00e9ment au cours du processus de commande et doivent \u00eatre support\u00e9s en sus par vous.      <\/p>\n\n<h3 class=\"wp-block-heading\" data-block-type=\"core\"><em>Stripe Giropay<\/em><\/h3>\n\n<p>Virement via le prestataire de services Stripe en vous connectant \u00e0 votre page bancaire.<\/p>\n\n<h3 class=\"wp-block-heading\" data-block-type=\"core\"><em>Stripe Klarna<\/em><\/h3>\n\n<p>Virement via le prestataire de services Stripe en vous connectant \u00e0 votre page bancaire.<\/p>\n\n<h3 class=\"wp-block-heading\" data-block-type=\"core\"><em>Stripe Carte de cr\u00e9dit<\/em><\/h3>\n\n<p>Payez facilement par carte de cr\u00e9dit via le prestataire de services de paiement Stripe.<\/p>\n\n<h3 class=\"wp-block-heading\" data-block-type=\"core\"><em>Apple Pay<\/em><\/h3>\n\n<p>Payez facilement via Apple Pay via le prestataire de services de paiement Stripe.<\/p>\n\n<h3 class=\"wp-block-heading\" data-block-type=\"core\"><em>PayPal<\/em><\/h3>\n\n<p>Payez encore plus rapidement et en toute s\u00e9curit\u00e9 avec votre compte PayPal. <\/p>\n","protected":false},"excerpt":{"rendered":"<p>Nous vous proposons les modes de paiement suivants. Choisissez simplement le mode de paiement qui vous convient le mieux. Les &#8230; <\/p>\n<p class=\"read-more-container\"><a title=\"Modes de paiement\" class=\"read-more button\" href=\"https:\/\/kommit-bike.de\/fr\/boutique\/zahlungsweisen\/#more-30430\" aria-label=\"En savoir plus sur Modes de paiement\">Lire plus<\/a><\/p>\n","protected":false},"author":1013,"featured_media":0,"parent":13040,"menu_order":5,"comment_status":"closed","ping_status":"closed","template":"","meta":{"footnotes":""},"class_list":["post-30430","page","type-page","status-publish"],"featured_image_urls_v2":{"full":"","thumbnail":"","medium":"","medium_large":"","large":"","1536x1536":"","2048x2048":"","woocommerce_thumbnail":"","woocommerce_single":"","woocommerce_gallery_thumbnail":""},"post_excerpt_stackable_v2":"<p>Nous vous proposons les modes de paiement suivants. Choisissez simplement le mode de paiement qui vous convient le mieux. Les frais d&#8217;exp\u00e9dition d\u00e9pendent en partie du mode de paiement choisi. Les prix indiqu\u00e9s dans les offres respectives sont des prix finaux. Ils comprennent tous les \u00e9l\u00e9ments du prix, y compris les taxes \u00e9ventuelles telles que la TVA. Seules les livraisons transfrontali\u00e8res peuvent entra\u00eener, dans des cas particuliers, le paiement d&#8217;autres imp\u00f4ts (par exemple, en cas d&#8217;acquisition intracommunautaire) et\/ou de taxes (par exemple, les droits de douane), non pas au vendeur, mais aux autorit\u00e9s douani\u00e8res ou fiscales comp\u00e9tentes. Les frais de\u2026<\/p>\n","category_list_v2":"","author_info_v2":{"name":"Kursawe Sebastian","url":"https:\/\/kommit-bike.de\/fr\/author\/sebastian\/"},"comments_num_v2":"0 commentaire","_links":{"self":[{"href":"https:\/\/kommit-bike.de\/fr\/wp-json\/wp\/v2\/pages\/30430","targetHints":{"allow":["GET"]}}],"collection":[{"href":"https:\/\/kommit-bike.de\/fr\/wp-json\/wp\/v2\/pages"}],"about":[{"href":"https:\/\/kommit-bike.de\/fr\/wp-json\/wp\/v2\/types\/page"}],"author":[{"embeddable":true,"href":"https:\/\/kommit-bike.de\/fr\/wp-json\/wp\/v2\/users\/1013"}],"replies":[{"embeddable":true,"href":"https:\/\/kommit-bike.de\/fr\/wp-json\/wp\/v2\/comments?post=30430"}],"version-history":[{"count":0,"href":"https:\/\/kommit-bike.de\/fr\/wp-json\/wp\/v2\/pages\/30430\/revisions"}],"up":[{"embeddable":true,"href":"https:\/\/kommit-bike.de\/fr\/wp-json\/wp\/v2\/pages\/13040"}],"wp:attachment":[{"href":"https:\/\/kommit-bike.de\/fr\/wp-json\/wp\/v2\/media?parent=30430"}],"curies":[{"name":"wp","href":"https:\/\/api.w.org\/{rel}","templated":true}]}}