{"id":30434,"date":"2025-11-03T18:01:01","date_gmt":"2025-11-03T17:01:01","guid":{"rendered":"https:\/\/kommit-bike.de\/shop\/widerruf\/"},"modified":"2025-11-03T18:01:01","modified_gmt":"2025-11-03T17:01:01","slug":"widerruf","status":"publish","type":"page","link":"https:\/\/kommit-bike.de\/fr\/boutique\/widerruf\/","title":{"rendered":"R\u00e9tractation"},"content":{"rendered":"<div>\n<h2>A. Informations concernant la r\u00e9tractation<\/h2>\n<h3>Introduction<\/h3>\n<p>Les consommateurs ont un droit de r\u00e9tractation selon les dispositions suivantes, \u00e9tant entendu que le consommateur est toute personne physique qui conclut un acte juridique \u00e0 des fins qui ne peuvent \u00eatre imput\u00e9es de mani\u00e8re pr\u00e9pond\u00e9rante ni \u00e0 son activit\u00e9 commerciale, ni \u00e0 son activit\u00e9 professionnelle ind\u00e9pendante :<\/p>\n<h3>Droit de r\u00e9tractation<\/h3>\n<p>Tu as le droit de te r\u00e9tracter de ce contrat dans un d\u00e9lai de quatorze jours sans indication de motif.<\/p>\n<p>Le d\u00e9lai de r\u00e9tractation est de quatorze jours \u00e0 compter du jour o\u00f9 toi ou un tiers d\u00e9sign\u00e9 par toi, qui n&#8217;est pas le transporteur, as\/a pris possession du dernier produit.<\/p>\n<p>Pour exercer ton droit de r\u00e9tractation, tu dois nous informer (kommit Outdoor GmbH, Uhlbergstra\u00dfe 54, 91757 Treuchtlingen, Allemagne, T\u00e9l. : +49 (0) 9142 9454880, E-mail : office@kommit-outdoor.de) de ta d\u00e9cision de te r\u00e9tracter de ce contrat au moyen d&#8217;une d\u00e9claration claire (par exemple, une lettre envoy\u00e9e par la poste ou un e-mail). Tu peux utiliser pour cela le mod\u00e8le de formulaire de r\u00e9tractation ci-joint, qui n&#8217;est toutefois pas obligatoire.<\/p>\n<p>Pour que le d\u00e9lai de r\u00e9tractation soit respect\u00e9, il suffit que tu envoies la notification de l&#8217;exercice du droit de r\u00e9tractation avant l&#8217;expiration du d\u00e9lai de r\u00e9tractation.<\/p>\n<h3>Cons\u00e9quences de la r\u00e9tractation<\/h3>\n<p>Si tu te r\u00e9tractes de ce contrat, nous devons te rembourser tous les paiements que nous avons re\u00e7us de toi, y compris les frais de livraison (\u00e0 l&#8217;exception des frais suppl\u00e9mentaires r\u00e9sultant du fait que tu as choisi un autre mode de livraison que la livraison standard la moins ch\u00e8re que nous proposons), imm\u00e9diatement et au plus tard dans les quatorze jours \u00e0 compter du jour o\u00f9 nous avons re\u00e7u la notification de ta r\u00e9tractation de ce contrat. Pour ce remboursement, nous utilisons le m\u00eame moyen de paiement que celui que tu as utilis\u00e9 lors de la transaction initiale, \u00e0 moins qu&#8217;il n&#8217;en ait \u00e9t\u00e9 express\u00e9ment convenu autrement avec toi&nbsp;; en aucun cas, des frais ne te seront factur\u00e9s pour ce remboursement. Nous pouvons refuser le remboursement jusqu&#8217;\u00e0 ce que nous ayons r\u00e9cup\u00e9r\u00e9 les marchandises ou jusqu&#8217;\u00e0 ce que tu aies fourni la preuve que tu as renvoy\u00e9 les marchandises, selon la date la plus proche.  <\/p>\n<p>Tu dois nous renvoyer ou nous remettre les marchandises, ou \u00e0 RideTime GmbH, Uhlbergstra\u00dfe 54 91757 Treuchtlingen, Allemagne, imm\u00e9diatement et, en tout \u00e9tat de cause, au plus tard dans les quatorze jours \u00e0 compter du jour o\u00f9 tu nous as inform\u00e9s de ta r\u00e9tractation du pr\u00e9sent contrat. Le d\u00e9lai est respect\u00e9 si tu envoies les marchandises avant l&#8217;expiration du d\u00e9lai de quatorze jours. <\/p>\n<p>Tu prends en charge les frais directs de renvoi des marchandises.<\/p>\n<p>Tu ne dois prendre en charge une \u00e9ventuelle perte de valeur des marchandises que si cette perte de valeur est due \u00e0 une manipulation des marchandises qui n&#8217;est pas n\u00e9cessaire pour v\u00e9rifier la nature, les propri\u00e9t\u00e9s et le fonctionnement des marchandises.<\/p>\n<h3>Remarques g\u00e9n\u00e9rales<\/h3>\n<p>1) Merci d&#8217;\u00e9viter d&#8217;endommager ou de salir la marchandise. Merci de nous retourner la marchandise dans son emballage d&#8217;origine avec tous les accessoires et tous les \u00e9l\u00e9ments d&#8217;emballage. Utilise \u00e9ventuellement un suremballage protecteur. Si tu ne poss\u00e8des plus l&#8217;emballage d&#8217;origine, merci de veiller \u00e0 un emballage appropri\u00e9 pour une protection suffisante contre les dommages de transport.<br \/>2) Merci de ne pas nous renvoyer la marchandise en port d\u00fb.<br \/>3) Merci de noter que les chiffres 1 \u00e0 2 susmentionn\u00e9s ne sont pas une condition pr\u00e9alable \u00e0 l&#8217;exercice effectif du droit de r\u00e9tractation.   <\/p>\n<h2>B. Formulaire de r\u00e9tractation<\/h2>\n<p>Si tu souhaites te r\u00e9tracter du contrat, merci de remplir ce formulaire et de le renvoyer.<\/p>\n<p>\u00c0 l&#8217;attention de<\/p>\n<p>kommit Outdoor GmbH<br \/>Uhlbergstra\u00dfe 54<br \/>91757 Treuchtlingen<br \/>Allemagne<\/p>\n<p>E-mail&nbsp;: office@kommit-outdoor.de<\/p>\n<p>Par la pr\u00e9sente, je\/nous (*) r\u00e9voque(ons) le contrat que j&#8217;ai\/nous avons (*) conclu concernant l&#8217;achat des marchandises suivantes (*) \/ la fourniture du service suivant (*)<\/p>\n<p>_______________________________________________________<\/p>\n<p>_______________________________________________________<\/p>\n<p>Command\u00e9 le (*) ____________ \/ re\u00e7u le (*) __________________<\/p>\n<p>________________________________________________________<br \/>Nom du\/des consommateur(s)<\/p>\n<p>________________________________________________________<br \/>Adresse du\/des consommateur(s)<\/p>\n<p>________________________________________________________<br \/>Signature du\/des consommateur(s) (uniquement en cas de notification sur papier)<\/p>\n<p>_________________________<br \/>Date<\/p>\n<p>(*) Biffer les mentions inutiles<\/p>\n<\/div>\n<div id=\"itkanzlei_txt_copyright\" style=\"font-size: 12px; margin-top: 8em;\">\n<div style=\"display: inline-block; vertical-align: top;\"><a href=\"https:\/\/www.it-recht-kanzlei.de\/\" target=\"_blank\"><img decoding=\"async\" src=\"https:\/\/www.it-recht-kanzlei.de\/logo\/Copyright-Logo_Widerrufsbelehrung.png?i=41ac1-28243-39c9-907f-1\" id=\"itkanzlei_img_copyright\" alt=\"\u00a9 IT-Recht Kanzlei\" title=\"\u00a9 IT-Recht Kanzlei\" style=\"margin-top: -20px; border-style: none; max-width: 100%;\"><\/a><\/div>\n<div style=\"display: inline-block; vertical-align: top; margin-left: 5px; float: right; white-space: nowrap;\">Version du 16.10.2025, 18:37:25<\/div>\n<div style=\"clear: right;\"><\/div>\n<\/div>\n","protected":false},"excerpt":{"rendered":"<p>A. Informations concernant la r\u00e9tractation Introduction Les consommateurs ont un droit de r\u00e9tractation selon les dispositions suivantes, \u00e9tant entendu que &#8230; <\/p>\n<p class=\"read-more-container\"><a title=\"R\u00e9tractation\" class=\"read-more button\" href=\"https:\/\/kommit-bike.de\/fr\/boutique\/widerruf\/#more-30434\" aria-label=\"En savoir plus sur R\u00e9tractation\">Lire plus<\/a><\/p>\n","protected":false},"author":1013,"featured_media":0,"parent":13040,"menu_order":7,"comment_status":"closed","ping_status":"closed","template":"","meta":{"footnotes":""},"class_list":["post-30434","page","type-page","status-publish"],"featured_image_urls_v2":{"full":"","thumbnail":"","medium":"","medium_large":"","large":"","1536x1536":"","2048x2048":"","woocommerce_thumbnail":"","woocommerce_single":"","woocommerce_gallery_thumbnail":""},"post_excerpt_stackable_v2":"<p>A. Informations concernant la r\u00e9tractation Introduction Les consommateurs ont un droit de r\u00e9tractation selon les dispositions suivantes, \u00e9tant entendu que le consommateur est toute personne physique qui conclut un acte juridique \u00e0 des fins qui ne peuvent \u00eatre imput\u00e9es de mani\u00e8re pr\u00e9pond\u00e9rante ni \u00e0 son activit\u00e9 commerciale, ni \u00e0 son activit\u00e9 professionnelle ind\u00e9pendante : Droit de r\u00e9tractation Tu as le droit de te r\u00e9tracter de ce contrat dans un d\u00e9lai de quatorze jours sans indication de motif. Le d\u00e9lai de r\u00e9tractation est de quatorze jours \u00e0 compter du jour o\u00f9 toi ou un tiers d\u00e9sign\u00e9 par toi, qui n&#8217;est pas\u2026<\/p>\n","category_list_v2":"","author_info_v2":{"name":"Kursawe Sebastian","url":"https:\/\/kommit-bike.de\/fr\/author\/sebastian\/"},"comments_num_v2":"0 commentaire","_links":{"self":[{"href":"https:\/\/kommit-bike.de\/fr\/wp-json\/wp\/v2\/pages\/30434","targetHints":{"allow":["GET"]}}],"collection":[{"href":"https:\/\/kommit-bike.de\/fr\/wp-json\/wp\/v2\/pages"}],"about":[{"href":"https:\/\/kommit-bike.de\/fr\/wp-json\/wp\/v2\/types\/page"}],"author":[{"embeddable":true,"href":"https:\/\/kommit-bike.de\/fr\/wp-json\/wp\/v2\/users\/1013"}],"replies":[{"embeddable":true,"href":"https:\/\/kommit-bike.de\/fr\/wp-json\/wp\/v2\/comments?post=30434"}],"version-history":[{"count":0,"href":"https:\/\/kommit-bike.de\/fr\/wp-json\/wp\/v2\/pages\/30434\/revisions"}],"up":[{"embeddable":true,"href":"https:\/\/kommit-bike.de\/fr\/wp-json\/wp\/v2\/pages\/13040"}],"wp:attachment":[{"href":"https:\/\/kommit-bike.de\/fr\/wp-json\/wp\/v2\/media?parent=30434"}],"curies":[{"name":"wp","href":"https:\/\/api.w.org\/{rel}","templated":true}]}}