{"id":30438,"date":"2025-11-03T18:01:04","date_gmt":"2025-11-03T17:01:04","guid":{"rendered":"https:\/\/kommit-bike.de\/impressum\/"},"modified":"2025-11-03T18:01:04","modified_gmt":"2025-11-03T17:01:04","slug":"impressum","status":"publish","type":"page","link":"https:\/\/kommit-bike.de\/fr\/impressum\/","title":{"rendered":"Mentions l\u00e9gales"},"content":{"rendered":"<div>kommit Outdoor GmbH<br \/>Uhlbergstra\u00dfe 54<br \/>91757 Treuchtlingen<br \/>Allemagne<\/p>\n<p>T\u00e9l. : +49 (0) 9142 9454880<br \/>E-mail : office@kommit-outdoor.de<\/p>\n<p>Tribunal d&#8217;enregistrement : Registergericht<br \/>Num\u00e9ro d&#8217;enregistrement : HRB 7819<\/p>\n<p>Directeurs : Frank Hofmann, Andreas Rieger, Rieger Robert, Sebastian Kursawe<\/p>\n<p>Num\u00e9ro d&#8217;identification TVA : DE352534159<\/p>\n<p>Nous ne sommes ni oblig\u00e9s ni dispos\u00e9s \u00e0 participer \u00e0 une proc\u00e9dure de r\u00e8glement des litiges devant un organisme de conciliation pour les consommateurs.<\/p><\/div>\n<div id=\"itkanzlei_txt_copyright\" style=\"font-size: 12px; margin-top: 8em;\">\n<div style=\"display: inline-block; vertical-align: top; margin-left: 5px; float: right; white-space: nowrap;\">Date : 16\/10\/2025, 21:17:23<\/div>\n<div style=\"clear: right;\"><\/div>\n<\/div>\n","protected":false},"excerpt":{"rendered":"<p>kommit Outdoor GmbHUhlbergstra\u00dfe 5491757 TreuchtlingenAllemagne T\u00e9l. : +49 (0) 9142 9454880E-mail : office@kommit-outdoor.de Tribunal d&#8217;enregistrement : RegistergerichtNum\u00e9ro d&#8217;enregistrement : HRB &#8230; <\/p>\n<p class=\"read-more-container\"><a title=\"Mentions l\u00e9gales\" class=\"read-more button\" href=\"https:\/\/kommit-bike.de\/fr\/impressum\/#more-30438\" aria-label=\"En savoir plus sur Mentions l\u00e9gales\">Lire plus<\/a><\/p>\n","protected":false},"author":1013,"featured_media":0,"parent":0,"menu_order":57,"comment_status":"closed","ping_status":"closed","template":"","meta":{"footnotes":""},"class_list":["post-30438","page","type-page","status-publish"],"featured_image_urls_v2":{"full":"","thumbnail":"","medium":"","medium_large":"","large":"","1536x1536":"","2048x2048":"","woocommerce_thumbnail":"","woocommerce_single":"","woocommerce_gallery_thumbnail":""},"post_excerpt_stackable_v2":"<p>kommit Outdoor GmbHUhlbergstra\u00dfe 5491757 TreuchtlingenAllemagne T\u00e9l. : +49 (0) 9142 9454880E-mail : office@kommit-outdoor.de Tribunal d&#8217;enregistrement : RegistergerichtNum\u00e9ro d&#8217;enregistrement : HRB 7819 Directeurs : Frank Hofmann, Andreas Rieger, Rieger Robert, Sebastian Kursawe Num\u00e9ro d&#8217;identification TVA : DE352534159 Nous ne sommes ni oblig\u00e9s ni dispos\u00e9s \u00e0 participer \u00e0 une proc\u00e9dure de r\u00e8glement des litiges devant un organisme de conciliation pour les consommateurs. Date : 16\/10\/2025, 21:17:23<\/p>\n","category_list_v2":"","author_info_v2":{"name":"Kursawe Sebastian","url":"https:\/\/kommit-bike.de\/fr\/author\/sebastian\/"},"comments_num_v2":"0 commentaire","_links":{"self":[{"href":"https:\/\/kommit-bike.de\/fr\/wp-json\/wp\/v2\/pages\/30438","targetHints":{"allow":["GET"]}}],"collection":[{"href":"https:\/\/kommit-bike.de\/fr\/wp-json\/wp\/v2\/pages"}],"about":[{"href":"https:\/\/kommit-bike.de\/fr\/wp-json\/wp\/v2\/types\/page"}],"author":[{"embeddable":true,"href":"https:\/\/kommit-bike.de\/fr\/wp-json\/wp\/v2\/users\/1013"}],"replies":[{"embeddable":true,"href":"https:\/\/kommit-bike.de\/fr\/wp-json\/wp\/v2\/comments?post=30438"}],"version-history":[{"count":0,"href":"https:\/\/kommit-bike.de\/fr\/wp-json\/wp\/v2\/pages\/30438\/revisions"}],"wp:attachment":[{"href":"https:\/\/kommit-bike.de\/fr\/wp-json\/wp\/v2\/media?parent=30438"}],"curies":[{"name":"wp","href":"https:\/\/api.w.org\/{rel}","templated":true}]}}