{"id":31013,"date":"2025-11-03T18:51:02","date_gmt":"2025-11-03T17:51:02","guid":{"rendered":"https:\/\/kommit-bike.de\/gewinn\/"},"modified":"2025-11-26T20:25:41","modified_gmt":"2025-11-26T19:25:41","slug":"benefice","status":"publish","type":"page","link":"https:\/\/kommit-bike.de\/fr\/benefice\/","title":{"rendered":"Conditions de participation au jeu-concours"},"content":{"rendered":"\n<p><\/p>\n\n<h3 class=\"wp-block-heading\" data-block-type=\"core\">1. Organisateur<\/h3>\n\n<p>L&#8217;organisateur du jeu-concours est:<br\/>kommit Outdoor GmbH<br\/>Uhlbergstra\u00dfe 54, 91757 Treuchtlingen, Allemagne<\/p>\n\n<p>49 (0) 9142 9454880<br\/>Email : <a href=\"mailto:office@kommit-outdoor.com\">office@kommit-outdoor.com<\/a><\/p>\n\n<h3 class=\"wp-block-heading\" data-block-type=\"core\">2. Droit de participation<\/h3>\n\n<p>Toutes les personnes physiques domicili\u00e9es en <strong>Europe<\/strong> et ayant au moins <strong>18 ans<\/strong> au moment de la participation sont autoris\u00e9es \u00e0 participer.<br\/>Les employ\u00e9\u00b7e\u00b7s de l&#8217;organisateur et leurs proches sont exclus de la participation.<\/p>\n\n<h3 class=\"wp-block-heading\" data-block-type=\"core\">3. Participation<\/h3>\n\n<p>La participation au jeu-concours se fait en<strong> remplissant un formulaire<\/strong>.<br\/>Les participations multiples ne seront <strong>comptabilis\u00e9es qu&#8217;une seule fois<\/strong>.<\/p>\n\n<h3 class=\"wp-block-heading\" data-block-type=\"core\">4. Gain, notification et transmission<\/h3>\n\n<p>Le lot mis en jeu est : <strong>un week-end au Trailpark de Treuchtlingen pour 2 personnes.<\/strong><br\/>Les gagnant\u00b7e\u00b7s seront inform\u00e9\u00b7e\u00b7s <strong>par e-mail<\/strong>.<br\/>Le gain n&#8217;est ni transmissible, ni \u00e9changeable, ni payable en esp\u00e8ces.<\/p>\n\n<h3 class=\"wp-block-heading\" data-block-type=\"core\">5. P\u00e9riode de l&#8217;action<\/h3>\n\n<p>Le jeu-concours commence le mercredi 25 juin et se termine le dimanche 29 juin 2025 \u00e0 23h59.<br\/>Le tirage au sort aura lieu au plus tard <strong>7 jours<\/strong> apr\u00e8s la date limite de participation.<\/p>\n\n<h3 class=\"wp-block-heading\" data-block-type=\"core\">6. Protection des donn\u00e9es<\/h3>\n\n<p>Dans le cadre du jeu-concours, les donn\u00e9es personnelles seront utilis\u00e9es exclusivement pour la r\u00e9alisation et le d\u00e9roulement.<br\/>Plus d&#8217;informations sur : <a href=\"https:\/\/kommit-bike.de\/fr\/datenschutz-2\/\">https:\/\/kommit-bike.de\/datenschutz\/<\/a><\/p>\n\n<h3 class=\"wp-block-heading\" data-block-type=\"core\">7. Exclusion de responsabilit\u00e9 \/ Droit de modification<\/h3>\n\n<p>L&#8217;organisateur se r\u00e9serve le droit de mettre fin pr\u00e9matur\u00e9ment au jeu-concours ou d&#8217;adapter les conditions de participation pour des raisons importantes.<\/p>\n\n<h3 class=\"wp-block-heading\" data-block-type=\"core\">8. Voies juridiques<\/h3>\n\n<p>Les voies juridiques sont exclues.<\/p>\n\n<h3 class=\"wp-block-heading\" data-block-type=\"core\">9. Droit applicable<\/h3>\n\n<p>Le droit de la <strong>[par ex. R\u00e9publique f\u00e9d\u00e9rale d&#8217;Allemagne]<\/strong> est applicable.<\/p>\n","protected":false},"excerpt":{"rendered":"<p>1. Organisateur L&#8217;organisateur du jeu-concours est:kommit Outdoor GmbHUhlbergstra\u00dfe 54, 91757 Treuchtlingen, Allemagne 49 (0) 9142 9454880Email : office@kommit-outdoor.com 2. Droit &#8230; <\/p>\n<p class=\"read-more-container\"><a title=\"Conditions de participation au jeu-concours\" class=\"read-more button\" href=\"https:\/\/kommit-bike.de\/fr\/benefice\/#more-31013\" aria-label=\"En savoir plus sur Conditions de participation au jeu-concours\">Lire plus<\/a><\/p>\n","protected":false},"author":2,"featured_media":0,"parent":0,"menu_order":0,"comment_status":"closed","ping_status":"closed","template":"","meta":{"footnotes":""},"class_list":["post-31013","page","type-page","status-publish"],"featured_image_urls_v2":{"full":"","thumbnail":"","medium":"","medium_large":"","large":"","1536x1536":"","2048x2048":"","woocommerce_thumbnail":"","woocommerce_single":"","woocommerce_gallery_thumbnail":""},"post_excerpt_stackable_v2":"<p>1. Organisateur L&#8217;organisateur du jeu-concours est:kommit Outdoor GmbHUhlbergstra\u00dfe 54, 91757 Treuchtlingen, Allemagne 49 (0) 9142 9454880Email : office@kommit-outdoor.com 2. Droit de participation Toutes les personnes physiques domicili\u00e9es en Europe et ayant au moins 18 ans au moment de la participation sont autoris\u00e9es \u00e0 participer.Les employ\u00e9\u00b7e\u00b7s de l&#8217;organisateur et leurs proches sont exclus de la participation. 3. Participation La participation au jeu-concours se fait en remplissant un formulaire.Les participations multiples ne seront comptabilis\u00e9es qu&#8217;une seule fois. 4. Gain, notification et transmission Le lot mis en jeu est : un week-end au Trailpark de Treuchtlingen pour 2 personnes.Les gagnant\u00b7e\u00b7s seront inform\u00e9\u00b7e\u00b7s par\u2026<\/p>\n","category_list_v2":"","author_info_v2":{"name":"Rieger Andy","url":"https:\/\/kommit-bike.de\/fr\/author\/andy\/"},"comments_num_v2":"0 commentaire","_links":{"self":[{"href":"https:\/\/kommit-bike.de\/fr\/wp-json\/wp\/v2\/pages\/31013","targetHints":{"allow":["GET"]}}],"collection":[{"href":"https:\/\/kommit-bike.de\/fr\/wp-json\/wp\/v2\/pages"}],"about":[{"href":"https:\/\/kommit-bike.de\/fr\/wp-json\/wp\/v2\/types\/page"}],"author":[{"embeddable":true,"href":"https:\/\/kommit-bike.de\/fr\/wp-json\/wp\/v2\/users\/2"}],"replies":[{"embeddable":true,"href":"https:\/\/kommit-bike.de\/fr\/wp-json\/wp\/v2\/comments?post=31013"}],"version-history":[{"count":0,"href":"https:\/\/kommit-bike.de\/fr\/wp-json\/wp\/v2\/pages\/31013\/revisions"}],"wp:attachment":[{"href":"https:\/\/kommit-bike.de\/fr\/wp-json\/wp\/v2\/media?parent=31013"}],"curies":[{"name":"wp","href":"https:\/\/api.w.org\/{rel}","templated":true}]}}