{"id":31091,"date":"2025-11-03T18:51:37","date_gmt":"2025-11-03T17:51:37","guid":{"rendered":"https:\/\/kommit-bike.de\/shop\/versand__lieferung\/"},"modified":"2025-11-03T18:51:38","modified_gmt":"2025-11-03T17:51:38","slug":"versand__lieferung","status":"publish","type":"page","link":"https:\/\/kommit-bike.de\/fr\/boutique\/versand__lieferung\/","title":{"rendered":"Exp\u00e9dition et livraison"},"content":{"rendered":"\n<h3 class=\"wp-block-heading\" data-block-type=\"core\"><strong>Prix, frais de port et informations de livraison<\/strong><\/h3>\n\n<p>Les prix indiqu\u00e9s sur les pages des produits comprennent la TVA l\u00e9gale et les autres \u00e9l\u00e9ments constitutifs du prix.<\/p>\n\n<p>Frais de port pour les clients finaux avec livraison en Allemagne, en Europe et dans le monde entier.<\/p>\n\n<h4 class=\"wp-block-heading\" data-block-type=\"core\"><strong>Frais de port Allemagne<\/strong><\/h4>\n\n<p><strong>Actuellement, la livraison est gratuite en Allemagne<\/strong> \u00e0 partir d&#8217;une valeur de commande de 50 euros. <br\/>En dessous, nous facturons en plus des prix indiqu\u00e9s pour la livraison en Allemagne <strong>un forfait de 6,95 euros par commande<\/strong>.<br\/>Les frais de port te seront clairement indiqu\u00e9s une nouvelle fois dans le syst\u00e8me de panier et sur la page de commande.<\/p>\n\n<h4 class=\"wp-block-heading\" data-block-type=\"core\"><strong>Frais de port Zone 1\u00a0: Europe<\/strong><\/h4>\n\n<p><em>(Tch\u00e9quie, Espagne, Slov\u00e9nie, Slovaquie, Su\u00e8de, Roumanie, Portugal, Pologne, Autriche, Pays-Bas, Chypre, Belgique, Bulgarie, Danemark, Estonie, Finlande, France, Gr\u00e8ce, Italie, Croatie, Lettonie, Lituanie, Luxembourg, Malte, Monaco, Hongrie)<\/em><\/p>\n\n<p><strong>Livraison gratuite en Zone 1\u00a0: Europe<\/strong> \u00e0 partir d&#8217;une valeur de commande de 150\u00a0euros. <br\/>En plus des prix indiqu\u00e9s, nous facturons pour la <strong>livraison en Zone\u00a01\u00a0: Europe jusqu&#8217;\u00e0 une valeur de commande de 150\u00a0euros un forfait d&#8217;environ 12,95\u00a0euros par commande<\/strong>, en fonction du taux d&#8217;imposition. Les frais de port te seront clairement indiqu\u00e9s une nouvelle fois dans le syst\u00e8me de panier et sur la page de commande. <\/p>\n\n<h4 class=\"wp-block-heading\" data-block-type=\"core\"><strong>Frais de port Zone 2\u00a0: Hors UE, Suisse et autres pays hors UE<\/strong><\/h4>\n\n<p>En plus des prix indiqu\u00e9s, nous facturons pour la livraison en Zone\u00a02\u00a0: Hors UE<strong> <\/strong>et autres pays hors UE <strong>un forfait de <strong>environ<\/strong> 13,95\u00a0euros par commande<\/strong> \u2013, <strong>Suisse <strong>environ<\/strong><\/strong> <strong>22,50\u00a0euros par commande.<\/strong> Les frais de port te seront clairement indiqu\u00e9s une nouvelle fois dans le syst\u00e8me de panier et sur la page de commande. <strong>Actuellement, en raison de frais administratifs trop \u00e9lev\u00e9s, nous ne pouvons pas rembourser la TVA aux clients de Suisse et des pays hors UE.<\/strong><\/p>\n\n<h4 class=\"wp-block-heading\" data-block-type=\"core\"><strong>Frais de port Zone 3\u00a0: Monde<\/strong><\/h4>\n\n<p>Actuellement, nous livrons uniquement en Zone\u00a01 et Zone\u00a02. Si tu as d&#8217;autres questions, contacte-nous simplement via le <a href=\"https:\/\/kommit-bike.de\/#kontakt\">lien<\/a> suivant.<\/p>\n\n<div class=\"wp-block-ugb-notification ugb-notification ugb-e3976af ugb-notification--v2 ugb-notification--design-plain ugb-notification--type-success ugb-main-block\"><style>.ugb-e3976af .ugb-notification__icon svg:not(.ugb-custom-icon){color:#f28d00 !important}.ugb-e3976af .ugb-notification__icon{margin-left:auto !important;margin-right:auto !important;height:77px !important;width:77px !important}.ugb-e3976af .ugb-notification__icon .ugb-icon-inner-svg,.ugb-e3976af .ugb-notification__icon .ugb-icon-inner-svg svg{width:77px !important;height:77px !important}.ugb-e3976af .ugb-notification__icon .ugb-icon-inner-svg{color:#f28d00 !important}.ugb-e3976af .ugb-notification__title{color:#f28d00 !important}.ugb-e3976af .ugb-notification__description{font-weight:600 !important;color:#f28d00 !important;margin-bottom:27px !important}.ugb-e3976af .ugb-button .ugb-button--inner{color:#f28d00 !important}.ugb-e3976af .ugb-button{border-color:#f28d00 !important}.ugb-e3976af .ugb-button:hover .ugb-button--inner{color:#f28d00 !important}.ugb-e3976af .ugb-button.ugb-button--has-icon.ugb-button--has-icon svg:not(.ugb-custom-icon){color:#f28d00}.ugb-e3976af .ugb-button.ugb-button--has-icon.ugb-button--has-icon:hover svg:not(.ugb-custom-icon){color:#f28d00}.ugb-e3976af .ugb-button-container{margin-bottom:12px !important}.ugb-e3976af .ugb-inner-block{text-align:center}.ugb-e3976af .ugb-notification__icon .ugb-icon-inner-svg,.ugb-e3976af .ugb-notification__icon .ugb-icon-inner-svg svg *{color:#f28d00 !important;fill:#f28d00 !important}<\/style><div class=\"ugb-inner-block\"><div class=\"ugb-block-content\"><div class=\"ugb-notification__item ugb-notification--new-icon ugb--shadow-3\"><div class=\"ugb-notification__icon\"><div class=\"ugb-icon-inner-svg\"><svg aria-hidden=\"true\" focusable=\"false\" data-prefix=\"fal\" data-icon=\"shipping-fast\" class=\"svg-inline--fa fa-shipping-fast fa-w-20\" role=\"img\" xmlns=\"http:\/\/www.w3.org\/2000\/svg\" viewbox=\"0 0 640 512\"><path fill=\"currentColor\" d=\"M280 192c4.4 0 8-3.6 8-8v-16c0-4.4-3.6-8-8-8H40c-4.4 0-8 3.6-8 8v16c0 4.4 3.6 8 8 8h240zm352 192h-24V275.9c0-16.8-6.8-33.3-18.8-45.2l-83.9-83.9c-11.8-12-28.3-18.8-45.2-18.8H416V78.6c0-25.7-22.2-46.6-49.4-46.6H113.4C86.2 32 64 52.9 64 78.6V96H8c-4.4 0-8 3.6-8 8v16c0 4.4 3.6 8 8 8h240c4.4 0 8-3.6 8-8v-16c0-4.4-3.6-8-8-8H96V78.6c0-8.1 7.8-14.6 17.4-14.6h253.2c9.6 0 17.4 6.5 17.4 14.6V384H207.6C193 364.7 170 352 144 352c-18.1 0-34.6 6.2-48 16.4V288H64v144c0 44.2 35.8 80 80 80s80-35.8 80-80c0-5.5-.6-10.8-1.6-16h195.2c-1.1 5.2-1.6 10.5-1.6 16 0 44.2 35.8 80 80 80s80-35.8 80-80c0-5.5-.6-10.8-1.6-16H632c4.4 0 8-3.6 8-8v-16c0-4.4-3.6-8-8-8zm-488 96c-26.5 0-48-21.5-48-48s21.5-48 48-48 48 21.5 48 48-21.5 48-48 48zm272-320h44.1c8.4 0 16.7 3.4 22.6 9.4l83.9 83.9c.8.8 1.1 1.9 1.8 2.8H416V160zm80 320c-26.5 0-48-21.5-48-48s21.5-48 48-48 48 21.5 48 48-21.5 48-48 48zm80-96h-16.4C545 364.7 522 352 496 352s-49 12.7-63.6 32H416v-96h160v96zM256 248v-16c0-4.4-3.6-8-8-8H8c-4.4 0-8 3.6-8 8v16c0 4.4 3.6 8 8 8h240c4.4 0 8-3.6 8-8z\"><\/path><\/svg><\/div><\/div><h2 class=\"ugb-notification__title\">Livraison gratuite en Allemagne<\/h2><p class=\"ugb-notification__description\">TU SOUHAITES COMMANDER UN PRODUIT KOMMIT EN DEHORS DE L\u2019EUROPE\u00a0?<\/p><div class=\"ugb-button-container\"><a class=\"ugb-button ugb-button--size-large ugb-button--design-ghost ugb-button--has-icon\" href=\"#kontakt\" rel=\"\" title=\"\"><div class=\"ugb-icon-inner-svg\"><svg aria-hidden=\"true\" focusable=\"false\" data-prefix=\"far\" data-icon=\"id-card-alt\" class=\"svg-inline--fa fa-id-card-alt fa-w-18\" role=\"img\" xmlns=\"http:\/\/www.w3.org\/2000\/svg\" viewbox=\"0 0 576 512\"><path fill=\"currentColor\" d=\"M512 64H368V32c0-17.7-14.3-32-32-32h-96c-17.7 0-32 14.3-32 32v32H64C28.7 64 0 92.7 0 128v320c0 35.3 28.7 64 64 64h448c35.3 0 64-28.7 64-64V128c0-35.3-28.7-64-64-64zM256 48h64v64h-64V48zm272 400c0 8.8-7.2 16-16 16H399.2c.2-1.1.8-2.1.8-3.2v-19.2c0-31.8-30.1-57.6-67.2-57.6-10.8 0-18.7 8-44.8 8-26.9 0-33.4-8-44.8-8-37.1 0-67.2 25.8-67.2 57.6v19.2c0 1.1.5 2.1.8 3.2H64c-8.8 0-16-7.2-16-16V128c0-8.8 7.2-16 16-16h144v48h160v-48h144c8.8 0 16 7.2 16 16v320zM288 224c-35.3 0-64 28.7-64 64s28.7 64 64 64 64-28.7 64-64-28.7-64-64-64z\"><\/path><\/svg><\/div><span class=\"ugb-button--inner\"><strong>Contacte-nous<\/strong><\/span><\/a><\/div><\/div><\/div><\/div><\/div>\n\n<div class=\"alignfull wp-block-ugb-container ugb-container ugb-43af7fd ugb-container--v2 ugb-container--design-basic ugb-main-block\"><style>.ugb-43af7fd-wrapper.ugb-container__wrapper{min-height:50vh}.ugb-43af7fd.ugb-container{z-index:1 !important}@media screen and (min-width:768px){.ugb-43af7fd.ugb-container{margin-top:0px !important;margin-bottom:0px !important;padding-right:35px !important;padding-bottom:0px !important;padding-left:35px !important}}.ugb-43af7fd > .ugb-inner-block > .ugb-block-content > *{justify-content:flex-end !important}<\/style><div class=\"ugb-inner-block\"><div class=\"ugb-block-content\"><div class=\"ugb-container__wrapper ugb-43af7fd-wrapper ugb--shadow-0 ugb--restrict-content-width\"><div class=\"ugb-container__side\"><div class=\"ugb-container__content-wrapper ugb-43af7fd-content-wrapper ugb-content-wrapper\">\n<div class=\"wp-block-ugb-icon ugb-icon ugb-0285b8a ugb-icon--v2 ugb-icon--design-basic ugb-main-block\"><div class=\"ugb-inner-block\"><div class=\"ugb-block-content\"><div class=\"ugb-icon__content-wrapper\"><div class=\"ugb-icon__item ugb-icon__item1\"><div class=\"ugb-icon__icon\" rel=\"\"><div class=\"ugb-icon-inner-svg\"><svg aria-hidden=\"true\" data-prefix=\"far\" data-icon=\"shopping-cart\" class=\"svg-inline--fa fa-shopping-cart fa-w-18\" role=\"img\" xmlns=\"http:\/\/www.w3.org\/2000\/svg\" viewbox=\"0 0 576 512\"><path fill=\"currentColor\" d=\"M551.991 64H144.28l-8.726-44.608C133.35 8.128 123.478 0 112 0H12C5.373 0 0 5.373 0 12v24c0 6.627 5.373 12 12 12h80.24l69.594 355.701C150.796 415.201 144 430.802 144 448c0 35.346 28.654 64 64 64s64-28.654 64-64a63.681 63.681 0 0 0-8.583-32h145.167a63.681 63.681 0 0 0-8.583 32c0 35.346 28.654 64 64 64 35.346 0 64-28.654 64-64 0-18.136-7.556-34.496-19.676-46.142l1.035-4.757c3.254-14.96-8.142-29.101-23.452-29.101H203.76l-9.39-48h312.405c11.29 0 21.054-7.869 23.452-18.902l45.216-208C578.695 78.139 567.299 64 551.991 64zM208 472c-13.234 0-24-10.766-24-24s10.766-24 24-24 24 10.766 24 24-10.766 24-24 24zm256 0c-13.234 0-24-10.766-24-24s10.766-24 24-24 24 10.766 24 24-10.766 24-24 24zm23.438-200H184.98l-31.31-160h368.548l-34.78 160z\"><\/path><\/svg><\/div><\/div><\/div><\/div><\/div><\/div><\/div>\n\n\n\n<h2 class=\"wp-block-heading\" id=\"produkt\" data-block-type=\"core\">Commandez d\u00e8s maintenant votre <strong><em>kommit<\/em><\/strong><sup>\u00ae<\/sup> : d<meta charset=\"utf-8\"\/>irectement aupr\u00e8s du fabricant<br\/><\/h2>\n\n\n\n<p class=\"has-medium-font-size\">Tu peux nous soutenir personnellement en commandant ton syst\u00e8me de traction <strong><em>kommit<\/em><\/strong><sup>\u00ae<\/sup> directement sur notre page d&#8217;accueil. <\/p>\n\n\n\n<p class=\"has-medium-font-size\">Con\u00e7u et d\u00e9velopp\u00e9 en Bavi\u00e8re, c&#8217;est la solution id\u00e9ale pour votre prochaine excursion commune \u00e0 v\u00e9lo. Que ce soit avec vos enfants ou toute la famille. <strong>Commandez ici maintenant<\/strong> ! <\/p>\n\n\n<div data-block-name=\"woocommerce\/featured-product\" data-edit-mode=\"false\" data-focal-point=\"{&quot;x&quot;:&quot;0.50&quot;,&quot;y&quot;:&quot;0.55&quot;}\" data-media-id=\"13403\" data-media-src=\"https:\/\/kommit-bike.de\/wp-content\/uploads\/2021\/12\/kommit_2021_produktbild-00009.jpg\" data-overlay-color=\"ts-grey\" data-product-id=\"30793\" data-show-desc=\"false\" class=\"wc-block-featured-product alignnone has-background-dim wp-block-woocommerce-featured-product\" style=\"min-height:500px;\"><div class=\"wc-block-featured-product__wrapper\"><div class=\"background-dim__overlay\" style=\"background-color: ts-grey\"><\/div><img decoding=\"async\" alt=\"Syst\u00e8me de traction pour v\u00e9lo kommit\u00ae\" class=\"wc-block-featured-product__background-image\" src=\"https:\/\/kommit-bike.de\/wp-content\/uploads\/2021\/12\/kommit_2021_produktbild-00009-975x650.jpg\" style=\"object-fit: none;object-position: 50% 55%;\" \/><h2 class=\"wc-block-featured-product__title\">Syst\u00e8me de traction pour v\u00e9lo kommit\u00ae<\/h2><div class=\"wc-block-featured-product__price\"><small><\/small><span class=\"woocommerce-Price-amount amount\">59,95<span class=\"woocommerce-Price-currencySymbol\">&euro;<\/span><\/span><\/div><div class=\"wc-block-featured-product__inner-blocks\">\n\n<div class=\"wp-block-buttons is-content-justification-center is-layout-flex wp-container-core-buttons-is-layout-16018d1d wp-block-buttons-is-layout-flex\" data-block-type=\"core\">\n<div class=\"wp-block-button\" data-block-type=\"core\"><a class=\"wp-block-button__link wp-element-button\" href=\"https:\/\/kommit-bike.de\/fr\/produkt\/kommit-dein-zugsystem-fuer-mehr-fahrspass\/\">Acheter maintenant<\/a><\/div>\n<\/div>\n\n<\/div><\/div><\/div><\/div><\/div><\/div><\/div><\/div><\/div>\n","protected":false},"excerpt":{"rendered":"<p>Prix, frais de port et informations de livraison Les prix indiqu\u00e9s sur les pages des produits comprennent la TVA l\u00e9gale &#8230; <\/p>\n<p class=\"read-more-container\"><a title=\"Exp\u00e9dition et livraison\" class=\"read-more button\" href=\"https:\/\/kommit-bike.de\/fr\/boutique\/versand__lieferung\/#more-31091\" aria-label=\"En savoir plus sur Exp\u00e9dition et livraison\">Lire plus<\/a><\/p>\n","protected":false},"author":1013,"featured_media":0,"parent":13040,"menu_order":21,"comment_status":"closed","ping_status":"closed","template":"","meta":{"footnotes":""},"class_list":["post-31091","page","type-page","status-publish"],"featured_image_urls_v2":{"full":"","thumbnail":"","medium":"","medium_large":"","large":"","1536x1536":"","2048x2048":"","woocommerce_thumbnail":"","woocommerce_single":"","woocommerce_gallery_thumbnail":""},"post_excerpt_stackable_v2":"<p>Prix, frais de port et informations de livraison Les prix indiqu\u00e9s sur les pages des produits comprennent la TVA l\u00e9gale et les autres \u00e9l\u00e9ments constitutifs du prix. Frais de port pour les clients finaux avec livraison en Allemagne, en Europe et dans le monde entier. Frais de port Allemagne Actuellement, la livraison est gratuite en Allemagne \u00e0 partir d&#8217;une valeur de commande de 50 euros. En dessous, nous facturons en plus des prix indiqu\u00e9s pour la livraison en Allemagne un forfait de 6,95 euros par commande.Les frais de port te seront clairement indiqu\u00e9s une nouvelle fois dans le syst\u00e8me de\u2026<\/p>\n","category_list_v2":"","author_info_v2":{"name":"Kursawe Sebastian","url":"https:\/\/kommit-bike.de\/fr\/author\/sebastian\/"},"comments_num_v2":"0 commentaire","_links":{"self":[{"href":"https:\/\/kommit-bike.de\/fr\/wp-json\/wp\/v2\/pages\/31091","targetHints":{"allow":["GET"]}}],"collection":[{"href":"https:\/\/kommit-bike.de\/fr\/wp-json\/wp\/v2\/pages"}],"about":[{"href":"https:\/\/kommit-bike.de\/fr\/wp-json\/wp\/v2\/types\/page"}],"author":[{"embeddable":true,"href":"https:\/\/kommit-bike.de\/fr\/wp-json\/wp\/v2\/users\/1013"}],"replies":[{"embeddable":true,"href":"https:\/\/kommit-bike.de\/fr\/wp-json\/wp\/v2\/comments?post=31091"}],"version-history":[{"count":0,"href":"https:\/\/kommit-bike.de\/fr\/wp-json\/wp\/v2\/pages\/31091\/revisions"}],"up":[{"embeddable":true,"href":"https:\/\/kommit-bike.de\/fr\/wp-json\/wp\/v2\/pages\/13040"}],"wp:attachment":[{"href":"https:\/\/kommit-bike.de\/fr\/wp-json\/wp\/v2\/media?parent=31091"}],"curies":[{"name":"wp","href":"https:\/\/api.w.org\/{rel}","templated":true}]}}