{"id":30472,"date":"2025-07-08T09:23:18","date_gmt":"2025-07-08T07:23:18","guid":{"rendered":"https:\/\/kommit-bike.de\/produkt\/kommit-trailvision-kinder-sportbrille-jr-m-cv\/"},"modified":"2026-02-21T19:48:00","modified_gmt":"2026-02-21T18:48:00","slug":"kommit-trailvision-kinder-sportbrille-jr-m-cv","status":"publish","type":"product","link":"https:\/\/kommit-bike.de\/fr\/produkt\/kommit-trailvision-kinder-sportbrille-jr-m-cv\/","title":{"rendered":"kommit\u00ae T-VISION &#8211; Lunettes de sport pour enfants avec verres transparents (taille M)"},"content":{"rendered":"<h2 data-start=\"332\" data-end=\"391\"><strong data-start=\"335\" data-end=\"389\">kommit\u00ae T-VISION \u2013 Lunettes de sport pour enfants (taille M)<\/strong><\/h2>\n<h3 data-start=\"392\" data-end=\"469\">Les lunettes de sport parfaites pour les enfants actifs \u2013 par soleil, pluie et boue !<\/h3>\n<p data-start=\"287\" data-end=\"496\">Les <strong>T-VISION en taille Medium<\/strong> ont \u00e9t\u00e9 con\u00e7ues pour les enfants actifs en \u00e2ge scolaire. Que ce soit en VTT, \u00e0 v\u00e9lo dans la for\u00eat ou sous la pluie, ces <strong>lunettes de sport avec verres transparents prot\u00e8gent efficacement les yeux des enfants<\/strong>. <\/p>\n<p data-start=\"498\" data-end=\"631\">Contrairement aux verres fonc\u00e9s et r\u00e9fl\u00e9chissants, elles offrent une <strong>vision claire, plus de s\u00e9curit\u00e9 et \u00e9vitent les chutes<\/strong> dues \u00e0 une mauvaise visibilit\u00e9.<\/p>\n<p data-start=\"633\" data-end=\"717\">Robustes, flexibles et agr\u00e9ables \u00e0 porter \u2013 <strong>parfaites pour tous les temps et les sentiers sauvages.<\/strong><\/p>\n<p data-start=\"471\" data-end=\"774\"><strong>Notre solution :<\/strong> Une vision claire, plus de s\u00e9curit\u00e9 et toujours du plaisir \u00e0 faire du v\u00e9lo, m\u00eame dans des conditions difficiles.<\/p>\n<hr data-start=\"977\" data-end=\"980\">\n<h3 data-start=\"982\" data-end=\"1041\"><strong data-start=\"986\" data-end=\"1041\">Avantages des kommit\u00ae T-VISION M en un coup d&#8217;\u0153il :<\/strong><\/h3>\n<ul data-start=\"1043\" data-end=\"2113\">\n<li data-start=\"1043\" data-end=\"1234\">\n<p data-start=\"1045\" data-end=\"1234\">\ud83c\udf27\ufe0f <strong data-start=\"1049\" data-end=\"1088\">Protection efficace contre la pluie et l&#8217;humidit\u00e9<\/strong><br data-start=\"1088\" data-end=\"1091\">Emp\u00eache les \u00e9claboussures de salet\u00e9, l&#8217;eau ou le vent de p\u00e9n\u00e9trer dans les yeux \u2013 id\u00e9al pour le cyclisme tout-terrain ou par mauvais temps.<\/p>\n<\/li>\n<li data-start=\"1236\" data-end=\"1416\">\n<p data-start=\"1238\" data-end=\"1416\">\ud83d\udee1\ufe0f <strong data-start=\"1242\" data-end=\"1275\">Protection oculaire compl\u00e8te pendant le sport<\/strong><br data-start=\"1275\" data-end=\"1278\">La forme continue prot\u00e8ge efficacement contre la poussi\u00e8re, les insectes, la boue et le vent \u2013 pour plus de s\u00e9curit\u00e9 et de plaisir \u00e0 chaque mouvement.<\/p>\n<\/li>\n<li data-start=\"1418\" data-end=\"1579\">\n<p data-start=\"1420\" data-end=\"1579\">\ud83d\udc53 <strong data-start=\"1423\" data-end=\"1455\">Vision claire par tous les temps<\/strong><br data-start=\"1455\" data-end=\"1458\">Avec des verres transparents, le champ de vision reste clair et d\u00e9gag\u00e9, m\u00eame en cas de lumi\u00e8re diffuse ou de conditions humides.<\/p>\n<\/li>\n<li data-start=\"1581\" data-end=\"1721\">\n<p data-start=\"1583\" data-end=\"1721\">\ud83d\udd76\ufe0f <strong data-start=\"1587\" data-end=\"1622\">Protection UV 100 % pour les yeux des enfants<\/strong><br data-start=\"1622\" data-end=\"1625\">Protection contre les rayons UV nocifs \u2013 indispensable au soleil, mais aussi par temps nuageux.<\/p>\n<\/li>\n<li>\u2705 <strong data-start=\"1316\" data-end=\"1370\">Housse de protection pour lunettes avec fonction 2 en 1 incluse :<\/strong> La housse de protection fournie prot\u00e8ge non seulement pendant le transport, mais sert \u00e9galement de <strong data-start=\"1462\" data-end=\"1485\">chiffon de nettoyage en microfibre<\/strong> pour nettoyer les verres en douceur.<\/li>\n<li data-start=\"1723\" data-end=\"1839\">\n<p data-start=\"1725\" data-end=\"1839\">\ud83e\uddd2 <strong data-start=\"1728\" data-end=\"1748\">Taille Medium (M)<\/strong><br data-start=\"1748\" data-end=\"1751\">Optimale pour les enfants \u00e0 partir de 6 ans environ \u2013 tient bien en place sans pincer ni glisser.<\/p>\n<\/li>\n<li data-start=\"1841\" data-end=\"1962\">\n<p data-start=\"1843\" data-end=\"1962\">\ud83c\udf00 <strong data-start=\"1846\" data-end=\"1870\">Flexible et stable<\/strong><br data-start=\"1870\" data-end=\"1873\">Extr\u00eamement flexible, insensible aux chutes \u2013 id\u00e9al pour les explorateurs intr\u00e9pides.<\/p>\n<\/li>\n<li data-start=\"1964\" data-end=\"2113\">\n<p data-start=\"1966\" data-end=\"2113\">\ud83e\udeb6 <strong data-start=\"1969\" data-end=\"2010\">L\u00e9g\u00e8ret\u00e9 et confort optimal<\/strong><br data-start=\"2010\" data-end=\"2013\">\u00c0 peine perceptible \u2013 les lunettes de sport parfaites pour les longues sorties \u00e0 v\u00e9lo, en randonn\u00e9e ou en jouant.<\/p>\n<\/li>\n<\/ul>\n<hr data-start=\"2115\" data-end=\"2118\">\n<h3 data-start=\"2120\" data-end=\"2173\"><strong data-start=\"2124\" data-end=\"2173\">Pour les petits fans de plein air \u2013 par soleil et temp\u00eate<\/strong><\/h3>\n<p data-start=\"2175\" data-end=\"2419\">Les <strong data-start=\"2179\" data-end=\"2225\">lunettes de sport kommit\u00ae T-VISION en taille M<\/strong> sont plus qu&#8217;une simple protection oculaire \u2013 elles sont un compagnon \u00e9l\u00e9gant et fiable pour les enfants qui d\u00e9couvrent leur monde \u00e0 l&#8217;ext\u00e9rieur. Que ce soit par vent, pluie ou soleil : ces lunettes sont de toutes les aventures. <\/p>\n","protected":false},"excerpt":{"rendered":"<p>kommit\u00ae T-VISION \u2013 Lunettes de sport pour enfants (taille M) Les lunettes de sport parfaites pour les enfants actifs \u2013 &#8230; <\/p>\n<p class=\"read-more-container\"><a title=\"kommit\u00ae T-VISION &#8211; Lunettes de sport pour enfants avec verres transparents (taille M)\" class=\"read-more button\" href=\"https:\/\/kommit-bike.de\/fr\/produkt\/kommit-trailvision-kinder-sportbrille-jr-m-cv\/#more-30472\" aria-label=\"En savoir plus sur kommit\u00ae T-VISION &#8211; Lunettes de sport pour enfants avec verres transparents (taille M)\">Lire plus<\/a><\/p>\n","protected":false},"featured_media":29426,"comment_status":"open","ping_status":"closed","template":"","meta":[],"product_brand":[],"product_cat":[153],"product_tag":[162,154,249,156,160,164,158],"class_list":{"0":"post-30472","1":"product","2":"type-product","3":"status-publish","4":"has-post-thumbnail","6":"product_cat-nouveau-kommit-eyewear","7":"product_tag-lunettes-de-sport-outdoor-enfants","8":"product_tag-lunettes-de-sport-pour-enfants","9":"product_tag-lunettes-de-sport-pour-enfants-2","10":"product_tag-lunettes-de-sport-pour-enfants-taille-small","11":"product_tag-lunettes-de-sport-pour-petites-tetes","12":"product_tag-lunettes-pour-enfants-protection-pluie","13":"product_tag-lunettes-pour-enfants-protection-uv","14":"product_shipping_class-livraison-gratuite","15":"resize-featured-image","16":"sales-flash-overlay","17":"woocommerce-text-align-left","18":"woocommerce-image-align-left","19":"do-quantity-buttons","20":"wc-has-gallery","22":"first","23":"instock","24":"taxable","25":"shipping-taxable","26":"purchasable","27":"product-type-simple"},"bundled_by":[],"bundle_stock_status":"instock","bundle_stock_quantity":null,"bundle_virtual":false,"bundle_layout":"","bundle_add_to_cart_form_location":"","bundle_editable_in_cart":false,"bundle_sold_individually_context":"","bundle_item_grouping":"","bundle_min_size":"","bundle_max_size":"","bundle_price":[],"bundled_items":[],"bundle_sell_ids":[],"featured_image_urls_v2":{"full":["https:\/\/kommit-bike.de\/wp-content\/uploads\/2025\/07\/kommit-TRAILVISION-\u2013-Kinder-Sportbrille-Medium-Junge.png",1024,768,false],"thumbnail":["https:\/\/kommit-bike.de\/wp-content\/uploads\/2025\/07\/kommit-TRAILVISION-\u2013-Kinder-Sportbrille-Medium-Junge-450x450.png",450,450,true],"medium":["https:\/\/kommit-bike.de\/wp-content\/uploads\/2025\/07\/kommit-TRAILVISION-\u2013-Kinder-Sportbrille-Medium-Junge-600x450.png",600,450,true],"medium_large":["https:\/\/kommit-bike.de\/wp-content\/uploads\/2025\/07\/kommit-TRAILVISION-\u2013-Kinder-Sportbrille-Medium-Junge-768x576.png",768,576,true],"large":["https:\/\/kommit-bike.de\/wp-content\/uploads\/2025\/07\/kommit-TRAILVISION-\u2013-Kinder-Sportbrille-Medium-Junge-867x650.png",867,650,true],"1536x1536":["https:\/\/kommit-bike.de\/wp-content\/uploads\/2025\/07\/kommit-TRAILVISION-\u2013-Kinder-Sportbrille-Medium-Junge.png",1024,768,false],"2048x2048":["https:\/\/kommit-bike.de\/wp-content\/uploads\/2025\/07\/kommit-TRAILVISION-\u2013-Kinder-Sportbrille-Medium-Junge.png",1024,768,false],"woocommerce_thumbnail":["https:\/\/kommit-bike.de\/wp-content\/uploads\/2025\/07\/kommit-TRAILVISION-\u2013-Kinder-Sportbrille-Medium-Junge-300x300.png",300,300,true],"woocommerce_single":["https:\/\/kommit-bike.de\/wp-content\/uploads\/2025\/07\/kommit-TRAILVISION-\u2013-Kinder-Sportbrille-Medium-Junge-600x450.png",600,450,true],"woocommerce_gallery_thumbnail":["https:\/\/kommit-bike.de\/wp-content\/uploads\/2025\/07\/kommit-TRAILVISION-\u2013-Kinder-Sportbrille-Medium-Junge-100x100.png",100,100,true]},"post_excerpt_stackable_v2":"<p>kommit\u00ae T-VISION \u2013 Lunettes de sport pour enfants (taille M) Les lunettes de sport parfaites pour les enfants actifs \u2013 par soleil, pluie et boue ! Les T-VISION en taille Medium ont \u00e9t\u00e9 con\u00e7ues pour les enfants actifs en \u00e2ge scolaire. Que ce soit en VTT, \u00e0 v\u00e9lo dans la for\u00eat ou sous la pluie, ces lunettes de sport avec verres transparents prot\u00e8gent efficacement les yeux des enfants. Contrairement aux verres fonc\u00e9s et r\u00e9fl\u00e9chissants, elles offrent une vision claire, plus de s\u00e9curit\u00e9 et \u00e9vitent les chutes dues \u00e0 une mauvaise visibilit\u00e9. Robustes, flexibles et agr\u00e9ables \u00e0 porter \u2013 parfaites pour\u2026<\/p>\n","category_list_v2":"","author_info_v2":{"name":"","url":""},"comments_num_v2":"0 commentaire","_links":{"self":[{"href":"https:\/\/kommit-bike.de\/fr\/wp-json\/wp\/v2\/product\/30472","targetHints":{"allow":["GET"]}}],"collection":[{"href":"https:\/\/kommit-bike.de\/fr\/wp-json\/wp\/v2\/product"}],"about":[{"href":"https:\/\/kommit-bike.de\/fr\/wp-json\/wp\/v2\/types\/product"}],"replies":[{"embeddable":true,"href":"https:\/\/kommit-bike.de\/fr\/wp-json\/wp\/v2\/comments?post=30472"}],"wp:featuredmedia":[{"embeddable":true,"href":"https:\/\/kommit-bike.de\/fr\/wp-json\/wp\/v2\/media\/29426"}],"wp:attachment":[{"href":"https:\/\/kommit-bike.de\/fr\/wp-json\/wp\/v2\/media?parent=30472"}],"wp:term":[{"taxonomy":"product_brand","embeddable":true,"href":"https:\/\/kommit-bike.de\/fr\/wp-json\/wp\/v2\/product_brand?post=30472"},{"taxonomy":"product_cat","embeddable":true,"href":"https:\/\/kommit-bike.de\/fr\/wp-json\/wp\/v2\/product_cat?post=30472"},{"taxonomy":"product_tag","embeddable":true,"href":"https:\/\/kommit-bike.de\/fr\/wp-json\/wp\/v2\/product_tag?post=30472"}],"curies":[{"name":"wp","href":"https:\/\/api.w.org\/{rel}","templated":true}]}}