{"id":30479,"date":"2025-07-08T09:11:10","date_gmt":"2025-07-08T07:11:10","guid":{"rendered":"https:\/\/kommit-bike.de\/produkt\/kommit-trailvision-kinder-sportbrille-jr-s-cv\/"},"modified":"2026-02-21T19:48:08","modified_gmt":"2026-02-21T18:48:08","slug":"kommit-trailvision-kinder-sportbrille-jr-s-cv","status":"publish","type":"product","link":"https:\/\/kommit-bike.de\/fr\/produkt\/kommit-trailvision-kinder-sportbrille-jr-s-cv\/","title":{"rendered":"kommit\u00ae T-VISION &#8211; Lunettes de sport pour enfants avec verres transparents (taille S)"},"content":{"rendered":"<h3 data-start=\"149\" data-end=\"231\"><strong data-start=\"153\" data-end=\"231\">kommit\u00ae T-VISION \u2013 Lunettes de sport pour enfants taille Small pour les petits aventuriers<\/strong><\/h3>\n<p data-start=\"233\" data-end=\"297\"><strong data-start=\"233\" data-end=\"297\">Lunettes de sport pour enfants avec une protection optimale par tous les temps gr\u00e2ce \u00e0 des verres transparents<\/strong><\/p>\n<p data-start=\"299\" data-end=\"665\">Les <strong data-start=\"303\" data-end=\"353\">lunettes de sport kommit\u00ae T-VISION (T 4 TRAIL) en taille Small<\/strong> sont sp\u00e9cialement con\u00e7ues pour les jeunes enfants et les petites t\u00eates. Parfaites pour toutes les activit\u00e9s de plein air comme le v\u00e9lo, la randonn\u00e9e ou les jeux en ext\u00e9rieur \u2013 m\u00eame par mauvais temps. Avec ces lunettes pour enfants flexibles et l\u00e9g\u00e8res avec verres transparents, les yeux de ton enfant restent prot\u00e9g\u00e9s de la pluie, de la poussi\u00e8re, de la salet\u00e9 et des rayons UV.  <\/p>\n<h4 data-start=\"667\" data-end=\"749\"><strong data-start=\"672\" data-end=\"749\">Avantages produit des lunettes de sport pour enfants kommit\u00ae T-VISION (taille Small) :<\/strong><\/h4>\n<ul data-start=\"751\" data-end=\"1561\">\n<li data-start=\"751\" data-end=\"885\">\n<p data-start=\"753\" data-end=\"885\">\u2705 <strong data-start=\"755\" data-end=\"794\">Ajustement parfait pour les petites t\u00eates :<\/strong> La taille Small convient id\u00e9alement aux jeunes enfants en \u00e2ge de fr\u00e9quenter la maternelle et assure un maintien s\u00fbr sans serrer<\/p>\n<\/li>\n<li data-start=\"886\" data-end=\"1011\">\n<p data-start=\"888\" data-end=\"1011\">\ud83c\udf27\ufe0f <strong data-start=\"892\" data-end=\"922\">Protection contre la pluie et la boue :<\/strong> Les verres \u00e9tanches et anti-salissures prot\u00e8gent contre les projections de salet\u00e9 et les gouttes de pluie<\/p>\n<\/li>\n<li data-start=\"1012\" data-end=\"1147\">\n<p data-start=\"1014\" data-end=\"1147\">\ud83d\udee1\ufe0f <strong data-start=\"1018\" data-end=\"1048\">Protection oculaire compl\u00e8te :<\/strong> Emp\u00eache la p\u00e9n\u00e9tration de poussi\u00e8re, de vent et d&#8217;insectes lors du cyclisme et des aventures en plein air<\/p>\n<\/li>\n<li data-start=\"1148\" data-end=\"1262\">\n<p data-start=\"1150\" data-end=\"1262\">\ud83d\udd76\ufe0f <strong data-start=\"1154\" data-end=\"1174\">Protection UV 100 % :<\/strong> Prot\u00e8ge les yeux sensibles des enfants contre les rayons UV nocifs, m\u00eame par temps ensoleill\u00e9<\/p>\n<\/li>\n<li data-start=\"1263\" data-end=\"1356\">\n<p data-start=\"1265\" data-end=\"1356\">\ud83d\udc53 <strong data-start=\"1268\" data-end=\"1297\">Verres clairs et r\u00e9sistants aux rayures :<\/strong> Pour une visibilit\u00e9 et une s\u00e9curit\u00e9 maximales lors du sport et des jeux<\/p>\n<\/li>\n<li data-start=\"1357\" data-end=\"1459\">\n<p data-start=\"1359\" data-end=\"1459\">\ud83c\udf00 <strong data-start=\"1362\" data-end=\"1397\">Flexible, robuste et extr\u00eamement pliable :<\/strong> Mat\u00e9riau de haute qualit\u00e9 qui r\u00e9siste m\u00eame aux mouvements brusques<\/p>\n<\/li>\n<li>\u2705 <strong data-start=\"1316\" data-end=\"1370\">Housse de protection pour lunettes avec fonction 2 en 1 incluse :<\/strong> La housse de protection fournie prot\u00e8ge non seulement pendant le transport, mais sert \u00e9galement de <strong data-start=\"1462\" data-end=\"1485\">chiffon de nettoyage en microfibre<\/strong> pour nettoyer les verres en douceur.<\/li>\n<li data-start=\"1460\" data-end=\"1561\">\n<p data-start=\"1462\" data-end=\"1561\">\ud83e\udeb6 <strong data-start=\"1465\" data-end=\"1499\">L\u00e9ger et agr\u00e9able \u00e0 porter :<\/strong> Confort optimal pour un port toute la journ\u00e9e, sans points de pression<\/p>\n<\/li>\n<\/ul>\n<p data-start=\"1563\" data-end=\"1803\">Les <strong data-start=\"1567\" data-end=\"1621\">lunettes de sport pour enfants kommit\u00ae T-VISION taille Small<\/strong> sont le choix id\u00e9al pour les parents qui souhaitent offrir \u00e0 leurs enfants une protection oculaire s\u00fbre et confortable lors des activit\u00e9s de plein air \u2013 des premiers tours de v\u00e9lo aux jeux endiabl\u00e9s dans la for\u00eat.<\/p>\n","protected":false},"excerpt":{"rendered":"<p>kommit\u00ae T-VISION \u2013 Lunettes de sport pour enfants taille Small pour les petits aventuriers Lunettes de sport pour enfants avec &#8230; <\/p>\n<p class=\"read-more-container\"><a title=\"kommit\u00ae T-VISION &#8211; Lunettes de sport pour enfants avec verres transparents (taille S)\" class=\"read-more button\" href=\"https:\/\/kommit-bike.de\/fr\/produkt\/kommit-trailvision-kinder-sportbrille-jr-s-cv\/#more-30479\" aria-label=\"En savoir plus sur kommit\u00ae T-VISION &#8211; Lunettes de sport pour enfants avec verres transparents (taille S)\">Lire plus<\/a><\/p>\n","protected":false},"featured_media":29405,"comment_status":"open","ping_status":"closed","template":"","meta":[],"product_brand":[],"product_cat":[153],"product_tag":[162,154,249,156,160,164,158],"class_list":{"0":"post-30479","1":"product","2":"type-product","3":"status-publish","4":"has-post-thumbnail","6":"product_cat-nouveau-kommit-eyewear","7":"product_tag-lunettes-de-sport-outdoor-enfants","8":"product_tag-lunettes-de-sport-pour-enfants","9":"product_tag-lunettes-de-sport-pour-enfants-2","10":"product_tag-lunettes-de-sport-pour-enfants-taille-small","11":"product_tag-lunettes-de-sport-pour-petites-tetes","12":"product_tag-lunettes-pour-enfants-protection-pluie","13":"product_tag-lunettes-pour-enfants-protection-uv","14":"product_shipping_class-livraison-gratuite","15":"resize-featured-image","16":"sales-flash-overlay","17":"woocommerce-text-align-left","18":"woocommerce-image-align-left","19":"do-quantity-buttons","20":"wc-has-gallery","22":"first","23":"instock","24":"taxable","25":"shipping-taxable","26":"purchasable","27":"product-type-simple"},"bundled_by":[],"bundle_stock_status":"instock","bundle_stock_quantity":null,"bundle_virtual":false,"bundle_layout":"","bundle_add_to_cart_form_location":"","bundle_editable_in_cart":false,"bundle_sold_individually_context":"","bundle_item_grouping":"","bundle_min_size":"","bundle_max_size":"","bundle_price":[],"bundled_items":[],"bundle_sell_ids":[],"featured_image_urls_v2":{"full":["https:\/\/kommit-bike.de\/wp-content\/uploads\/2025\/07\/kommit-TRAILVISION-\u2013-Kinder-Sportbrille-Small-Girl.png",1024,768,false],"thumbnail":["https:\/\/kommit-bike.de\/wp-content\/uploads\/2025\/07\/kommit-TRAILVISION-\u2013-Kinder-Sportbrille-Small-Girl-450x450.png",450,450,true],"medium":["https:\/\/kommit-bike.de\/wp-content\/uploads\/2025\/07\/kommit-TRAILVISION-\u2013-Kinder-Sportbrille-Small-Girl-600x450.png",600,450,true],"medium_large":["https:\/\/kommit-bike.de\/wp-content\/uploads\/2025\/07\/kommit-TRAILVISION-\u2013-Kinder-Sportbrille-Small-Girl-768x576.png",768,576,true],"large":["https:\/\/kommit-bike.de\/wp-content\/uploads\/2025\/07\/kommit-TRAILVISION-\u2013-Kinder-Sportbrille-Small-Girl-867x650.png",867,650,true],"1536x1536":["https:\/\/kommit-bike.de\/wp-content\/uploads\/2025\/07\/kommit-TRAILVISION-\u2013-Kinder-Sportbrille-Small-Girl.png",1024,768,false],"2048x2048":["https:\/\/kommit-bike.de\/wp-content\/uploads\/2025\/07\/kommit-TRAILVISION-\u2013-Kinder-Sportbrille-Small-Girl.png",1024,768,false],"woocommerce_thumbnail":["https:\/\/kommit-bike.de\/wp-content\/uploads\/2025\/07\/kommit-TRAILVISION-\u2013-Kinder-Sportbrille-Small-Girl-300x300.png",300,300,true],"woocommerce_single":["https:\/\/kommit-bike.de\/wp-content\/uploads\/2025\/07\/kommit-TRAILVISION-\u2013-Kinder-Sportbrille-Small-Girl-600x450.png",600,450,true],"woocommerce_gallery_thumbnail":["https:\/\/kommit-bike.de\/wp-content\/uploads\/2025\/07\/kommit-TRAILVISION-\u2013-Kinder-Sportbrille-Small-Girl-100x100.png",100,100,true]},"post_excerpt_stackable_v2":"<p>kommit\u00ae T-VISION \u2013 Lunettes de sport pour enfants taille Small pour les petits aventuriers Lunettes de sport pour enfants avec une protection optimale par tous les temps gr\u00e2ce \u00e0 des verres transparents Les lunettes de sport kommit\u00ae T-VISION (T 4 TRAIL) en taille Small sont sp\u00e9cialement con\u00e7ues pour les jeunes enfants et les petites t\u00eates. Parfaites pour toutes les activit\u00e9s de plein air comme le v\u00e9lo, la randonn\u00e9e ou les jeux en ext\u00e9rieur \u2013 m\u00eame par mauvais temps. Avec ces lunettes pour enfants flexibles et l\u00e9g\u00e8res avec verres transparents, les yeux de ton enfant restent prot\u00e9g\u00e9s de la pluie, de\u2026<\/p>\n","category_list_v2":"","author_info_v2":{"name":"","url":""},"comments_num_v2":"0 commentaire","_links":{"self":[{"href":"https:\/\/kommit-bike.de\/fr\/wp-json\/wp\/v2\/product\/30479","targetHints":{"allow":["GET"]}}],"collection":[{"href":"https:\/\/kommit-bike.de\/fr\/wp-json\/wp\/v2\/product"}],"about":[{"href":"https:\/\/kommit-bike.de\/fr\/wp-json\/wp\/v2\/types\/product"}],"replies":[{"embeddable":true,"href":"https:\/\/kommit-bike.de\/fr\/wp-json\/wp\/v2\/comments?post=30479"}],"wp:featuredmedia":[{"embeddable":true,"href":"https:\/\/kommit-bike.de\/fr\/wp-json\/wp\/v2\/media\/29405"}],"wp:attachment":[{"href":"https:\/\/kommit-bike.de\/fr\/wp-json\/wp\/v2\/media?parent=30479"}],"wp:term":[{"taxonomy":"product_brand","embeddable":true,"href":"https:\/\/kommit-bike.de\/fr\/wp-json\/wp\/v2\/product_brand?post=30479"},{"taxonomy":"product_cat","embeddable":true,"href":"https:\/\/kommit-bike.de\/fr\/wp-json\/wp\/v2\/product_cat?post=30479"},{"taxonomy":"product_tag","embeddable":true,"href":"https:\/\/kommit-bike.de\/fr\/wp-json\/wp\/v2\/product_tag?post=30479"}],"curies":[{"name":"wp","href":"https:\/\/api.w.org\/{rel}","templated":true}]}}