{"id":30573,"date":"2024-06-18T09:31:50","date_gmt":"2024-06-18T07:31:50","guid":{"rendered":"https:\/\/kommit-bike.de\/produkt\/kommit-bike-bungee\/"},"modified":"2026-01-24T20:23:35","modified_gmt":"2026-01-24T19:23:35","slug":"kommit-bike-bungee","status":"publish","type":"product","link":"https:\/\/kommit-bike.de\/fr\/produkt\/kommit-bike-bungee\/","title":{"rendered":"Nouveaut\u00e9 mondiale : kommit\u00ae Bike Bungee"},"content":{"rendered":"<p><strong>VOUS L&#8217;AVEZ LONGUEMENT DEMAND\u00c9 ! C&#8217;EST MAINTENANT LE MOMENT ! <\/strong><\/p>\n<p><span class=\"ui-provider a b c d e f g h i j k l m n o p q r s t u v w x y z ab ac ae af ag ah ai aj ak\" dir=\"ltr\">D\u00e9couvrez l&#8217;adaptateur kommit\u00ae Bike Bungee innovant pour le syst\u00e8me de traction de v\u00e9lo kommit\u00ae Bike prim\u00e9.<\/span><\/p>\n<p>Avec cette nouveaut\u00e9 mondiale d\u00e9velopp\u00e9e en interne et <strong>r\u00e9compens\u00e9e par le Design &amp; Innovation Award<\/strong>, tu apportes encore plus de flexibilit\u00e9 et de plaisir de conduite gr\u00e2ce \u00e0 un effet Bungee dans ton tour \u00e0 v\u00e9lo. Tu vas adorer la manipulation simple et les mat\u00e9riaux de haute qualit\u00e9. Fixe simplement l&#8217;adaptateur au guidon en quelques secondes et accroche la boucle du syst\u00e8me de traction dans le mousqueton.  <\/p>\n<p><strong>CONSEIL&nbsp;:<\/strong> Tout syst\u00e8me de traction dot\u00e9 d&#8217;une boucle peut \u00eatre utilis\u00e9. Essayez-le maintenant et laissez-vous s\u00e9duire ! <\/p>\n<p><!--more--><\/p>\n<h2>Possibilit\u00e9s d\u2019utilisation<\/h2>\n<h2><\/h2>\n<p><iframe loading=\"lazy\" title=\"kommit\u00ae Bike Bungee - Abschleppen mit Bungee-Effekt\" width=\"1200\" height=\"675\" src=\"https:\/\/www.youtube.com\/embed\/qjzR-AAbIkc?feature=oembed\" frameborder=\"0\" allow=\"accelerometer; autoplay; clipboard-write; encrypted-media; gyroscope; picture-in-picture; web-share\" referrerpolicy=\"strict-origin-when-cross-origin\" allowfullscreen><\/iframe><\/p>\n<p><iframe loading=\"lazy\" title=\"kommit\u00ae Bike Bungee - Kinder noch leichter bergauf schleppen\" width=\"1200\" height=\"675\" src=\"https:\/\/www.youtube.com\/embed\/t0uhnoSWYVw?feature=oembed\" frameborder=\"0\" allow=\"accelerometer; autoplay; clipboard-write; encrypted-media; gyroscope; picture-in-picture; web-share\" referrerpolicy=\"strict-origin-when-cross-origin\" allowfullscreen><\/iframe><\/p>\n","protected":false},"excerpt":{"rendered":"<p>VOUS L&#8217;AVEZ LONGUEMENT DEMAND\u00c9 ! C&#8217;EST MAINTENANT LE MOMENT ! D\u00e9couvrez l&#8217;adaptateur kommit\u00ae Bike Bungee innovant pour le syst\u00e8me de &#8230; <\/p>\n<p class=\"read-more-container\"><a title=\"Nouveaut\u00e9 mondiale : kommit\u00ae Bike Bungee\" class=\"read-more button\" href=\"https:\/\/kommit-bike.de\/fr\/produkt\/kommit-bike-bungee\/#more-30573\" aria-label=\"En savoir plus sur Nouveaut\u00e9 mondiale : kommit\u00ae Bike Bungee\">Lire plus<\/a><\/p>\n","protected":false},"featured_media":30185,"comment_status":"open","ping_status":"closed","template":"","meta":[],"product_brand":[],"product_cat":[177],"product_tag":[],"class_list":{"0":"post-30573","1":"product","2":"type-product","3":"status-publish","4":"has-post-thumbnail","6":"product_cat-accessoires-kommit","7":"product_shipping_class-livraison-gratuite","8":"resize-featured-image","9":"sales-flash-overlay","10":"woocommerce-text-align-left","11":"woocommerce-image-align-left","12":"do-quantity-buttons","13":"wc-has-gallery","15":"first","16":"instock","17":"taxable","18":"shipping-taxable","19":"purchasable","20":"product-type-simple"},"bundled_by":[],"bundle_stock_status":"instock","bundle_stock_quantity":null,"bundle_virtual":false,"bundle_layout":"","bundle_add_to_cart_form_location":"","bundle_editable_in_cart":false,"bundle_sold_individually_context":"","bundle_item_grouping":"","bundle_min_size":"","bundle_max_size":"","bundle_price":[],"bundled_items":[],"bundle_sell_ids":[30793,30576,30712],"featured_image_urls_v2":{"full":["https:\/\/kommit-bike.de\/wp-content\/uploads\/2024\/06\/KO-Bungee-2025.png",1000,1000,false],"thumbnail":["https:\/\/kommit-bike.de\/wp-content\/uploads\/2024\/06\/KO-Bungee-2025-450x450.png",450,450,true],"medium":["https:\/\/kommit-bike.de\/wp-content\/uploads\/2024\/06\/KO-Bungee-2025-450x450.png",450,450,true],"medium_large":["https:\/\/kommit-bike.de\/wp-content\/uploads\/2024\/06\/KO-Bungee-2025-768x768.png",768,768,true],"large":["https:\/\/kommit-bike.de\/wp-content\/uploads\/2024\/06\/KO-Bungee-2025-650x650.png",650,650,true],"1536x1536":["https:\/\/kommit-bike.de\/wp-content\/uploads\/2024\/06\/KO-Bungee-2025.png",1000,1000,false],"2048x2048":["https:\/\/kommit-bike.de\/wp-content\/uploads\/2024\/06\/KO-Bungee-2025.png",1000,1000,false],"woocommerce_thumbnail":["https:\/\/kommit-bike.de\/wp-content\/uploads\/2024\/06\/KO-Bungee-2025-300x300.png",300,300,true],"woocommerce_single":["https:\/\/kommit-bike.de\/wp-content\/uploads\/2024\/06\/KO-Bungee-2025-600x600.png",600,600,true],"woocommerce_gallery_thumbnail":["https:\/\/kommit-bike.de\/wp-content\/uploads\/2024\/06\/KO-Bungee-2025-100x100.png",100,100,true]},"post_excerpt_stackable_v2":"<p>VOUS L&#8217;AVEZ LONGUEMENT DEMAND\u00c9 ! C&#8217;EST MAINTENANT LE MOMENT ! D\u00e9couvrez l&#8217;adaptateur kommit\u00ae Bike Bungee innovant pour le syst\u00e8me de traction de v\u00e9lo kommit\u00ae Bike prim\u00e9. Avec cette nouveaut\u00e9 mondiale d\u00e9velopp\u00e9e en interne et r\u00e9compens\u00e9e par le Design &amp; Innovation Award, tu apportes encore plus de flexibilit\u00e9 et de plaisir de conduite gr\u00e2ce \u00e0 un effet Bungee dans ton tour \u00e0 v\u00e9lo. Tu vas adorer la manipulation simple et les mat\u00e9riaux de haute qualit\u00e9. Fixe simplement l&#8217;adaptateur au guidon en quelques secondes et accroche la boucle du syst\u00e8me de traction dans le mousqueton. CONSEIL&nbsp;: Tout syst\u00e8me de traction dot\u00e9 d&#8217;une\u2026<\/p>\n","category_list_v2":"","author_info_v2":{"name":"","url":""},"comments_num_v2":"0 commentaire","_links":{"self":[{"href":"https:\/\/kommit-bike.de\/fr\/wp-json\/wp\/v2\/product\/30573","targetHints":{"allow":["GET"]}}],"collection":[{"href":"https:\/\/kommit-bike.de\/fr\/wp-json\/wp\/v2\/product"}],"about":[{"href":"https:\/\/kommit-bike.de\/fr\/wp-json\/wp\/v2\/types\/product"}],"replies":[{"embeddable":true,"href":"https:\/\/kommit-bike.de\/fr\/wp-json\/wp\/v2\/comments?post=30573"}],"wp:featuredmedia":[{"embeddable":true,"href":"https:\/\/kommit-bike.de\/fr\/wp-json\/wp\/v2\/media\/30185"}],"wp:attachment":[{"href":"https:\/\/kommit-bike.de\/fr\/wp-json\/wp\/v2\/media?parent=30573"}],"wp:term":[{"taxonomy":"product_brand","embeddable":true,"href":"https:\/\/kommit-bike.de\/fr\/wp-json\/wp\/v2\/product_brand?post=30573"},{"taxonomy":"product_cat","embeddable":true,"href":"https:\/\/kommit-bike.de\/fr\/wp-json\/wp\/v2\/product_cat?post=30573"},{"taxonomy":"product_tag","embeddable":true,"href":"https:\/\/kommit-bike.de\/fr\/wp-json\/wp\/v2\/product_tag?post=30573"}],"curies":[{"name":"wp","href":"https:\/\/api.w.org\/{rel}","templated":true}]}}