{"id":30593,"date":"2023-05-09T09:38:33","date_gmt":"2023-05-09T07:38:33","guid":{"rendered":"https:\/\/kommit-bike.de\/produkt\/kommit-outdoor-guertel\/"},"modified":"2026-01-01T14:01:33","modified_gmt":"2026-01-01T13:01:33","slug":"kommit-outdoor-guertel","status":"publish","type":"product","link":"https:\/\/kommit-bike.de\/fr\/produkt\/kommit-outdoor-guertel\/","title":{"rendered":"Ceinture outdoor kommit\u00ae"},"content":{"rendered":"<h2><strong>Montre ton appartenance \u00e0 la communaut\u00e9 <em>kommit\u00ae<\/em> avec la nouvelle ceinture outdoor <em>kommit\u00ae<\/em> au design reconnaissable.  <\/strong><\/h2>\n<p><span data-ccp-props=\"{}\">Avec cette ceinture en nylon styl\u00e9e, tu montres ton amour pour le v\u00e9lo, m\u00eame en dehors des sentiers. Le logo kommit\u00ae unique fait de cette ceinture un accessoire unique, aussi bien sur le sentier qu&#8217;\u00e0 c\u00f4t\u00e9.   <\/span><\/p>\n<h3>Point fort de la ceinture outdoor <strong><em>kommit\u00ae<\/em><\/strong><a href=\"#award\"><br \/>\n<\/a><\/h3>\n<ul>\n<li>fermeture rapide gr\u00e2ce \u00e0 la boucle de haute qualit\u00e9<\/li>\n<li>Logo <em>kommit\u00ae<\/em> dans un orange incomparable<\/li>\n<li>Nylon r\u00e9sistant<\/li>\n<li>Longueur 120 cm<\/li>\n<li>Largeur 4 cm<\/li>\n<li>Poids de seulement 50 grammes<\/li>\n<\/ul>\n","protected":false},"excerpt":{"rendered":"<p>Commande d\u00e8s maintenant la ceinture outdoor kommit\u00ae exclusive ! L&#8217;accessoire parfait pour le syst\u00e8me de traction populaire.  Spoiler : une valeur ajout\u00e9e maximale pour le prochain clip kommit\u00ae&nbsp;! Plus d&#8217;infos en d\u00e9cembre&nbsp;2023&nbsp;!<\/p>\n","protected":false},"featured_media":22124,"comment_status":"open","ping_status":"closed","template":"","meta":[],"product_brand":[],"product_cat":[177],"product_tag":[],"class_list":{"0":"post-30593","1":"product","2":"type-product","3":"status-publish","4":"has-post-thumbnail","6":"product_cat-accessoires-kommit","7":"product_shipping_class-forfait-dexpedition","8":"resize-featured-image","9":"sales-flash-overlay","10":"woocommerce-text-align-left","11":"woocommerce-image-align-left","12":"do-quantity-buttons","13":"wc-has-gallery","15":"first","16":"instock","17":"featured","18":"taxable","19":"shipping-taxable","20":"purchasable","21":"product-type-simple"},"bundled_by":[],"bundle_stock_status":"instock","bundle_stock_quantity":332,"bundle_virtual":false,"bundle_layout":"","bundle_add_to_cart_form_location":"","bundle_editable_in_cart":false,"bundle_sold_individually_context":"","bundle_item_grouping":"","bundle_min_size":"","bundle_max_size":"","bundle_price":[],"bundled_items":[],"bundle_sell_ids":[30793],"featured_image_urls_v2":{"full":["https:\/\/kommit-bike.de\/wp-content\/uploads\/2023\/05\/kommit_BELT_persp-scaled.jpg",2560,1920,false],"thumbnail":["https:\/\/kommit-bike.de\/wp-content\/uploads\/2023\/05\/kommit_BELT_persp-450x450.jpg",450,450,true],"medium":["https:\/\/kommit-bike.de\/wp-content\/uploads\/2023\/05\/kommit_BELT_persp-600x450.jpg",600,450,true],"medium_large":["https:\/\/kommit-bike.de\/wp-content\/uploads\/2023\/05\/kommit_BELT_persp-768x576.jpg",768,576,true],"large":["https:\/\/kommit-bike.de\/wp-content\/uploads\/2023\/05\/kommit_BELT_persp-867x650.jpg",867,650,true],"1536x1536":["https:\/\/kommit-bike.de\/wp-content\/uploads\/2023\/05\/kommit_BELT_persp-1536x1152.jpg",1536,1152,true],"2048x2048":["https:\/\/kommit-bike.de\/wp-content\/uploads\/2023\/05\/kommit_BELT_persp-2048x1536.jpg",2048,1536,true],"woocommerce_thumbnail":["https:\/\/kommit-bike.de\/wp-content\/uploads\/2023\/05\/kommit_BELT_persp-300x300.jpg",300,300,true],"woocommerce_single":["https:\/\/kommit-bike.de\/wp-content\/uploads\/2023\/05\/kommit_BELT_persp-600x450.jpg",600,450,true],"woocommerce_gallery_thumbnail":["https:\/\/kommit-bike.de\/wp-content\/uploads\/2023\/05\/kommit_BELT_persp-100x100.jpg",100,100,true]},"post_excerpt_stackable_v2":"<p>Commande d\u00e8s maintenant la ceinture outdoor kommit\u00ae exclusive ! L&#8217;accessoire parfait pour le syst\u00e8me de traction populaire.  Spoiler : une valeur ajout\u00e9e maximale pour le prochain clip kommit\u00ae&nbsp;! Plus d&#8217;infos en d\u00e9cembre&nbsp;2023&nbsp;!<\/p>\n","category_list_v2":"","author_info_v2":{"name":"","url":""},"comments_num_v2":"0 commentaire","_links":{"self":[{"href":"https:\/\/kommit-bike.de\/fr\/wp-json\/wp\/v2\/product\/30593","targetHints":{"allow":["GET"]}}],"collection":[{"href":"https:\/\/kommit-bike.de\/fr\/wp-json\/wp\/v2\/product"}],"about":[{"href":"https:\/\/kommit-bike.de\/fr\/wp-json\/wp\/v2\/types\/product"}],"replies":[{"embeddable":true,"href":"https:\/\/kommit-bike.de\/fr\/wp-json\/wp\/v2\/comments?post=30593"}],"wp:featuredmedia":[{"embeddable":true,"href":"https:\/\/kommit-bike.de\/fr\/wp-json\/wp\/v2\/media\/22124"}],"wp:attachment":[{"href":"https:\/\/kommit-bike.de\/fr\/wp-json\/wp\/v2\/media?parent=30593"}],"wp:term":[{"taxonomy":"product_brand","embeddable":true,"href":"https:\/\/kommit-bike.de\/fr\/wp-json\/wp\/v2\/product_brand?post=30593"},{"taxonomy":"product_cat","embeddable":true,"href":"https:\/\/kommit-bike.de\/fr\/wp-json\/wp\/v2\/product_cat?post=30593"},{"taxonomy":"product_tag","embeddable":true,"href":"https:\/\/kommit-bike.de\/fr\/wp-json\/wp\/v2\/product_tag?post=30593"}],"curies":[{"name":"wp","href":"https:\/\/api.w.org\/{rel}","templated":true}]}}