{"id":30712,"date":"2023-03-13T16:47:51","date_gmt":"2023-03-13T15:47:51","guid":{"rendered":"https:\/\/kommit-bike.de\/produkt\/kommit-chip-mount-inkl-sp-connect-micro-bike-mount-fuer-woom-bikes\/"},"modified":"2026-01-01T14:01:29","modified_gmt":"2026-01-01T13:01:29","slug":"kommit-chip-mount-inkl-sp-connect-micro-bike-mount-fuer-woom-bikes","status":"publish","type":"product","link":"https:\/\/kommit-bike.de\/fr\/produkt\/kommit-chip-mount-inkl-sp-connect-micro-bike-mount-fuer-woom-bikes\/","title":{"rendered":"kommit\u00ae Bike Mount"},"content":{"rendered":"<p data-pm-slice=\"1 1 []\">Le <strong>Design &amp; Innovation Award<\/strong> prim\u00e9 <strong>kommit\u00ae Bike Mount<\/strong> a \u00e9t\u00e9 d\u00e9velopp\u00e9 en coop\u00e9ration avec <strong>SP-Connect<\/strong>. Il est parfait pour les v\u00e9los sans vis de serrage de potence (par exemple, sur divers mod\u00e8les de v\u00e9los Woom), o\u00f9 la boucle du syst\u00e8me de traction kommit\u00ae Bike est normalement accroch\u00e9e. <\/p>\n<p data-pm-slice=\"1 1 []\">Le support robuste avec une gravure kommit\u00ae de haute qualit\u00e9 ainsi que diff\u00e9rents \u00e9lastiques permettent un montage simple, sans outil et s\u00fbr sur n\u2019importe quel guidon ou potence de v\u00e9lo.<\/p>\n<p data-pm-slice=\"1 1 []\">Le tout joliment assembl\u00e9 dans un nouvel emballage \u2764\ufe0f\u202f!<\/p>\n<h2>Possibilit\u00e9s d\u2019utilisation<\/h2>\n<p><iframe loading=\"lazy\" title=\"kommit\u00ae Bike Mount - F\u00fcr Bikes ohne Vorbauklemmschrauben (z.B. Woom Bikes)\" width=\"1200\" height=\"675\" src=\"https:\/\/www.youtube.com\/embed\/LjdTv7MuFjg?feature=oembed\" frameborder=\"0\" allow=\"accelerometer; autoplay; clipboard-write; encrypted-media; gyroscope; picture-in-picture; web-share\" referrerpolicy=\"strict-origin-when-cross-origin\" allowfullscreen><\/iframe><\/p>\n","protected":false},"excerpt":{"rendered":"<p>Le Design &amp; Innovation Award prim\u00e9 kommit\u00ae Bike Mount a \u00e9t\u00e9 d\u00e9velopp\u00e9 en coop\u00e9ration avec SP-Connect. Il est parfait pour &#8230; <\/p>\n<p class=\"read-more-container\"><a title=\"kommit\u00ae Bike Mount\" class=\"read-more button\" href=\"https:\/\/kommit-bike.de\/fr\/produkt\/kommit-chip-mount-inkl-sp-connect-micro-bike-mount-fuer-woom-bikes\/#more-30712\" aria-label=\"En savoir plus sur kommit\u00ae Bike Mount\">Lire plus<\/a><\/p>\n","protected":false},"featured_media":30178,"comment_status":"open","ping_status":"closed","template":"","meta":[],"product_brand":[],"product_cat":[177],"product_tag":[],"class_list":{"0":"post-30712","1":"product","2":"type-product","3":"status-publish","4":"has-post-thumbnail","6":"product_cat-accessoires-kommit","7":"resize-featured-image","8":"sales-flash-overlay","9":"woocommerce-text-align-left","10":"woocommerce-image-align-left","11":"do-quantity-buttons","12":"wc-has-gallery","14":"first","15":"instock","16":"taxable","17":"shipping-taxable","18":"purchasable","19":"product-type-simple"},"bundled_by":[],"bundle_stock_status":"instock","bundle_stock_quantity":null,"bundle_virtual":false,"bundle_layout":"","bundle_add_to_cart_form_location":"","bundle_editable_in_cart":false,"bundle_sold_individually_context":"","bundle_item_grouping":"","bundle_min_size":"","bundle_max_size":"","bundle_price":[],"bundled_items":[],"bundle_sell_ids":[30793,30573,30576],"featured_image_urls_v2":{"full":["https:\/\/kommit-bike.de\/wp-content\/uploads\/2023\/03\/KO-Mount-2025.png",1000,1000,false],"thumbnail":["https:\/\/kommit-bike.de\/wp-content\/uploads\/2023\/03\/KO-Mount-2025-450x450.png",450,450,true],"medium":["https:\/\/kommit-bike.de\/wp-content\/uploads\/2023\/03\/KO-Mount-2025-450x450.png",450,450,true],"medium_large":["https:\/\/kommit-bike.de\/wp-content\/uploads\/2023\/03\/KO-Mount-2025-768x768.png",768,768,true],"large":["https:\/\/kommit-bike.de\/wp-content\/uploads\/2023\/03\/KO-Mount-2025-650x650.png",650,650,true],"1536x1536":["https:\/\/kommit-bike.de\/wp-content\/uploads\/2023\/03\/KO-Mount-2025.png",1000,1000,false],"2048x2048":["https:\/\/kommit-bike.de\/wp-content\/uploads\/2023\/03\/KO-Mount-2025.png",1000,1000,false],"woocommerce_thumbnail":["https:\/\/kommit-bike.de\/wp-content\/uploads\/2023\/03\/KO-Mount-2025-300x300.png",300,300,true],"woocommerce_single":["https:\/\/kommit-bike.de\/wp-content\/uploads\/2023\/03\/KO-Mount-2025-600x600.png",600,600,true],"woocommerce_gallery_thumbnail":["https:\/\/kommit-bike.de\/wp-content\/uploads\/2023\/03\/KO-Mount-2025-100x100.png",100,100,true]},"post_excerpt_stackable_v2":"<p>Le Design &amp; Innovation Award prim\u00e9 kommit\u00ae Bike Mount a \u00e9t\u00e9 d\u00e9velopp\u00e9 en coop\u00e9ration avec SP-Connect. Il est parfait pour les v\u00e9los sans vis de serrage de potence (par exemple, sur divers mod\u00e8les de v\u00e9los Woom), o\u00f9 la boucle du syst\u00e8me de traction kommit\u00ae Bike est normalement accroch\u00e9e. Le support robuste avec une gravure kommit\u00ae de haute qualit\u00e9 ainsi que diff\u00e9rents \u00e9lastiques permettent un montage simple, sans outil et s\u00fbr sur n\u2019importe quel guidon ou potence de v\u00e9lo. Le tout joliment assembl\u00e9 dans un nouvel emballage \u2764\ufe0f\u202f! Possibilit\u00e9s d\u2019utilisation<\/p>\n","category_list_v2":"","author_info_v2":{"name":"","url":""},"comments_num_v2":"0 commentaire","_links":{"self":[{"href":"https:\/\/kommit-bike.de\/fr\/wp-json\/wp\/v2\/product\/30712","targetHints":{"allow":["GET"]}}],"collection":[{"href":"https:\/\/kommit-bike.de\/fr\/wp-json\/wp\/v2\/product"}],"about":[{"href":"https:\/\/kommit-bike.de\/fr\/wp-json\/wp\/v2\/types\/product"}],"replies":[{"embeddable":true,"href":"https:\/\/kommit-bike.de\/fr\/wp-json\/wp\/v2\/comments?post=30712"}],"wp:featuredmedia":[{"embeddable":true,"href":"https:\/\/kommit-bike.de\/fr\/wp-json\/wp\/v2\/media\/30178"}],"wp:attachment":[{"href":"https:\/\/kommit-bike.de\/fr\/wp-json\/wp\/v2\/media?parent=30712"}],"wp:term":[{"taxonomy":"product_brand","embeddable":true,"href":"https:\/\/kommit-bike.de\/fr\/wp-json\/wp\/v2\/product_brand?post=30712"},{"taxonomy":"product_cat","embeddable":true,"href":"https:\/\/kommit-bike.de\/fr\/wp-json\/wp\/v2\/product_cat?post=30712"},{"taxonomy":"product_tag","embeddable":true,"href":"https:\/\/kommit-bike.de\/fr\/wp-json\/wp\/v2\/product_tag?post=30712"}],"curies":[{"name":"wp","href":"https:\/\/api.w.org\/{rel}","templated":true}]}}