{"id":30793,"date":"2020-11-25T10:36:36","date_gmt":"2020-11-25T09:36:36","guid":{"rendered":"https:\/\/kommit-bike.de\/produkt\/kommit-dein-zugsystem-fuer-mehr-fahrspass\/"},"modified":"2026-04-01T15:40:02","modified_gmt":"2026-04-01T13:40:02","slug":"kommit-dein-zugsystem-fuer-mehr-fahrspass","status":"publish","type":"product","link":"https:\/\/kommit-bike.de\/fr\/produkt\/kommit-dein-zugsystem-fuer-mehr-fahrspass\/","title":{"rendered":"Syst\u00e8me de traction pour v\u00e9lo kommit\u00ae"},"content":{"rendered":"&#13;\n<h2 class=\"wp-block-heading\" id=\"kommit\" data-block-type=\"core\">kommit\u00ae &#8211; Votre syst\u00e8me de traction pour v\u00e9los, pour partager le plaisir en pleine nature\u00a0!<\/h2>&#13;\n&#13;\n<p><strong>\u00ab\u00a0Votre syst\u00e8me de traction pour v\u00e9lo, con\u00e7u pour tous et partout\u00a0: que vous soyez en excursion avec des enfants ou des adultes\u00a0! \u00bb<\/strong> Qui ne s&#8217;est jamais retrouv\u00e9 dans cette situation\u00a0? T\u00f4t ou tard, les enfants ou le partenaire manquent de force pendant une excursion. Mais un d\u00e9faut technique peut \u00e9galement mettre fin pr\u00e9matur\u00e9ment \u00e0 la sortie. C&#8217;est pr\u00e9cis\u00e9ment l\u00e0 qu&#8217;intervient le syst\u00e8me de traction pour v\u00e9lo de kommit\u00ae, con\u00e7u et d\u00e9velopp\u00e9 en Bavi\u00e8re.   <\/p>&#13;\n&#13;\n<p>Laissez-vous s\u00e9duire par ce <strong>produit haut de gamme, une solution efficace \u00e0 vos probl\u00e8mes \u00e0 v\u00e9lo, lors de randonn\u00e9es \u00e0 ski, de promenades, de jogging et de nombreuses autres aventures en plein air<\/strong>. Gr\u00e2ce \u00e0 sa forte force de traction de 120 kg (id\u00e9ale \u00e9galement pour les adultes), le syst\u00e8me de traction pour v\u00e9lo kommit\u00ae vous offre la possibilit\u00e9 de prolonger l&#8217;excursion de plusieurs kilom\u00e8tres de mani\u00e8re ludique ou de ramener vos accompagnateurs en toute s\u00e9curit\u00e9. <\/p>&#13;\n<h2 data-start=\"3095\" data-end=\"3121\">Merci \u00e0 vous &#8211; Durablement pour 59,95 \u20ac<\/h2>&#13;\n<p data-start=\"3123\" data-end=\"3268\">Gr\u00e2ce \u00e0 l&#8217;am\u00e9lioration continue de nos processus, nous baissons <strong>\u00e0 partir du 01\/01\/2026<\/strong> durablement le prix du <strong>syst\u00e8me de traction pour v\u00e9los kommit\u00ae<\/strong> \u00e0 59,95 \u20ac.<\/p>&#13;\n<ul>&#13;\n<li data-start=\"3270\" data-end=\"3363\">Ohne Abstriche.<\/li>&#13;\n<li data-start=\"3270\" data-end=\"3363\">Ohne Kompromisse.<\/li>&#13;\n<li data-start=\"3270\" data-end=\"3363\">Mit der gleichen Qualit\u00e4t, Sicherheit und Leidenschaft.<\/li>&#13;\n<\/ul>&#13;\n<p data-start=\"3365\" data-end=\"3430\">Cette d\u00e9cision est notre fa\u00e7on de remercier la #kommitfamily.<\/p>&#13;\n<p data-start=\"3365\" data-end=\"3430\">\u00a0<\/p>&#13;\n<h2>Point fort du syst\u00e8me de traction pour v\u00e9lo <em>kommit<\/em><sup>\u00ae<\/sup><\/h2>\n<p><img loading=\"lazy\" decoding=\"async\" class=\"alignnone wp-image-28047 size-medium\" src=\"https:\/\/kommit-bike.de\/wp-content\/uploads\/2025\/01\/2025-kommit-Awards-850x250.png\" alt=\"\" width=\"850\" height=\"250\" srcset=\"https:\/\/kommit-bike.de\/wp-content\/uploads\/2025\/01\/2025-kommit-Awards-850x250.png 850w, https:\/\/kommit-bike.de\/wp-content\/uploads\/2025\/01\/2025-kommit-Awards-1200x353.png 1200w, https:\/\/kommit-bike.de\/wp-content\/uploads\/2025\/01\/2025-kommit-Awards-768x226.png 768w, https:\/\/kommit-bike.de\/wp-content\/uploads\/2025\/01\/2025-kommit-Awards-600x176.png 600w, https:\/\/kommit-bike.de\/wp-content\/uploads\/2025\/01\/2025-kommit-Awards.png 1360w\" sizes=\"auto, (max-width: 850px) 100vw, 850px\" \/><\/p>\n<ul>\n<li>D\u00e9velopp\u00e9, con\u00e7u et assembl\u00e9 en Bavi\u00e8re\/Allemagne<\/li>\n<li>Montage sans outil sur la selle ou la potence<\/li>\n<li>Fixation facile gr\u00e2ce \u00e0 une sangle longue et inclin\u00e9e<\/li>\n<li>Petit et compact, rang\u00e9 sous la selle<\/li>\n<li>Corde en nylon r\u00e9sistante issue de la technique de parachute<\/li>\n<li>Longueur 2&nbsp;m\u00e8tres<\/li>\n<li>Poids de seulement 138&nbsp;grammes<\/li>\n<li>Mousqueton de haute qualit\u00e9 pour \u00eatre \u00e9quip\u00e9 pour <strong>toutes les situations de remorquage<\/strong><\/li>\n<li><strong> NOUVEAU&nbsp;: Gr\u00e2ce \u00e0 des am\u00e9liorations continues de la qualit\u00e9, nous avons fait tester \u00e0 nouveau la force de traction par un institut de contr\u00f4le allemand renomm\u00e9. La force de traction a \u00e9t\u00e9 augment\u00e9e et est maintenant de 120&nbsp;kg&nbsp;! <\/strong><\/li>\n<\/ul>\n<h2>Autres avantages du syst\u00e8me de traction pour v\u00e9lo <em>kommit<\/em><sup>\u00ae<\/sup><\/h2>\n<ul>\n<li>Peut \u00eatre utilis\u00e9 comme aide au remorquage en cas d\u2019urgence, par exemple en cas de d\u00e9faut<\/li>\n<li>Id\u00e9al \u00e9galement pour les adultes, car force de traction \u00e9lev\u00e9e<\/li>\n<li>Est \u00e9galement volontiers utilis\u00e9 par les cyclistes \u00e9lectriques<\/li>\n<li>Parfait pour emmener des amis sur la montagne<\/li>\n<li>Syst\u00e8me de c\u00e2ble \u00e0 enroulement automatique uniforme et rapide<\/li>\n<li>Logo r\u00e9fl\u00e9chissant pour une visibilit\u00e9 optimis\u00e9e<\/li>\n<li>Boucle de remorquage caoutchout\u00e9e pour prot\u00e9ger le c\u00e2ble<\/li>\n<li>Le c\u00e2ble de traction reste en permanence sous tension, de sorte qu\u2019aucune collision avec les pi\u00e8ces du v\u00e9lo ne peut se produire<\/li>\n<\/ul>\n<p><!--more--><\/p>\n<h2>Domaines d\u2019application<\/h2>\n<p><iframe loading=\"lazy\" title=\"kommit\u00ae Bike Zugsystem - Abschleppen bergauf bei einem Defekt\" width=\"1200\" height=\"675\" src=\"https:\/\/www.youtube.com\/embed\/BZ5hSvhxJS0?feature=oembed\" frameborder=\"0\" allow=\"accelerometer; autoplay; clipboard-write; encrypted-media; gyroscope; picture-in-picture; web-share\" referrerpolicy=\"strict-origin-when-cross-origin\" allowfullscreen><\/iframe><\/p>\n<p><iframe loading=\"lazy\" title=\"kommit\u00ae Bike Zugsystem mit Kindern w\u00e4hrend der Fahrt einh\u00e4ngen\" width=\"1200\" height=\"675\" src=\"https:\/\/www.youtube.com\/embed\/rTRvyFpaqz4?feature=oembed\" frameborder=\"0\" allow=\"accelerometer; autoplay; clipboard-write; encrypted-media; gyroscope; picture-in-picture; web-share\" referrerpolicy=\"strict-origin-when-cross-origin\" allowfullscreen><\/iframe><\/p>\n<p><iframe loading=\"lazy\" title=\"kommit\u00ae Bike Zugsystem f\u00fcr alle und \u00fcberall \u2013 egal ob man mit Kindern oder Erwachsenen auf Tour ist!\" width=\"1200\" height=\"675\" src=\"https:\/\/www.youtube.com\/embed\/Onotofxj9v8?feature=oembed\" frameborder=\"0\" allow=\"accelerometer; autoplay; clipboard-write; encrypted-media; gyroscope; picture-in-picture; web-share\" referrerpolicy=\"strict-origin-when-cross-origin\" allowfullscreen><\/iframe><\/p>\n<p><iframe loading=\"lazy\" title=\"kommit\u00ae Bike Zugsystem - Bei Defekt bergab schleppen\" width=\"1200\" height=\"675\" src=\"https:\/\/www.youtube.com\/embed\/FrBroyuJQaI?feature=oembed\" frameborder=\"0\" allow=\"accelerometer; autoplay; clipboard-write; encrypted-media; gyroscope; picture-in-picture; web-share\" referrerpolicy=\"strict-origin-when-cross-origin\" allowfullscreen><\/iframe><\/p>\n<hr>\n<h2>Mode d&#8217;emploi<\/h2>\n<p><a href=\"https:\/\/kommit-bike.de\/wp-content\/uploads\/2023\/02\/kommit_Bedienungsanleitung_2023_DE-EN-FR.pdf\" target=\"_blank\" rel=\"noopener\">Ouvrir le mode d\u2019emploi en ligne (PDF)<\/a><\/p>\n<hr>\n<p>&nbsp;<\/p>\n","protected":false},"excerpt":{"rendered":"<p>Votre syst\u00e8me de traction kommit, con\u00e7u en Allemagne, pour votre prochaine sortie \u00e0 v\u00e9lo avec les enfants ou toute la famille.<\/p>\n","protected":false},"featured_media":30220,"comment_status":"open","ping_status":"closed","template":"","meta":[],"product_brand":[],"product_cat":[223],"product_tag":[],"class_list":{"0":"post-30793","1":"product","2":"type-product","3":"status-publish","4":"has-post-thumbnail","6":"product_cat-systeme-de-traction-kommit","7":"product_shipping_class-livraison-gratuite","8":"resize-featured-image","9":"sales-flash-overlay","10":"woocommerce-text-align-left","11":"woocommerce-image-align-left","12":"do-quantity-buttons","14":"first","15":"instock","16":"featured","17":"taxable","18":"shipping-taxable","19":"purchasable","20":"product-type-simple"},"bundled_by":[],"bundle_stock_status":"instock","bundle_stock_quantity":null,"bundle_virtual":false,"bundle_layout":"","bundle_add_to_cart_form_location":"","bundle_editable_in_cart":false,"bundle_sold_individually_context":"","bundle_item_grouping":"","bundle_min_size":"","bundle_max_size":"","bundle_price":[],"bundled_items":[],"bundle_sell_ids":[30573,30576,30712],"featured_image_urls_v2":{"full":["https:\/\/kommit-bike.de\/wp-content\/uploads\/2020\/11\/kommit-Towing-System-2025-award.png",2048,2048,false],"thumbnail":["https:\/\/kommit-bike.de\/wp-content\/uploads\/2020\/11\/kommit-Towing-System-2025-award-450x450.png",450,450,true],"medium":["https:\/\/kommit-bike.de\/wp-content\/uploads\/2020\/11\/kommit-Towing-System-2025-award-450x450.png",450,450,true],"medium_large":["https:\/\/kommit-bike.de\/wp-content\/uploads\/2020\/11\/kommit-Towing-System-2025-award-768x768.png",768,768,true],"large":["https:\/\/kommit-bike.de\/wp-content\/uploads\/2020\/11\/kommit-Towing-System-2025-award-650x650.png",650,650,true],"1536x1536":["https:\/\/kommit-bike.de\/wp-content\/uploads\/2020\/11\/kommit-Towing-System-2025-award-1536x1536.png",1536,1536,true],"2048x2048":["https:\/\/kommit-bike.de\/wp-content\/uploads\/2020\/11\/kommit-Towing-System-2025-award.png",2048,2048,false],"woocommerce_thumbnail":["https:\/\/kommit-bike.de\/wp-content\/uploads\/2020\/11\/kommit-Towing-System-2025-award-300x300.png",300,300,true],"woocommerce_single":["https:\/\/kommit-bike.de\/wp-content\/uploads\/2020\/11\/kommit-Towing-System-2025-award-600x600.png",600,600,true],"woocommerce_gallery_thumbnail":["https:\/\/kommit-bike.de\/wp-content\/uploads\/2020\/11\/kommit-Towing-System-2025-award-100x100.png",100,100,true]},"post_excerpt_stackable_v2":"<p>Votre syst\u00e8me de traction kommit, con\u00e7u en Allemagne, pour votre prochaine sortie \u00e0 v\u00e9lo avec les enfants ou toute la famille.<\/p>\n","category_list_v2":"","author_info_v2":{"name":"","url":""},"comments_num_v2":"0 commentaire","_links":{"self":[{"href":"https:\/\/kommit-bike.de\/fr\/wp-json\/wp\/v2\/product\/30793","targetHints":{"allow":["GET"]}}],"collection":[{"href":"https:\/\/kommit-bike.de\/fr\/wp-json\/wp\/v2\/product"}],"about":[{"href":"https:\/\/kommit-bike.de\/fr\/wp-json\/wp\/v2\/types\/product"}],"replies":[{"embeddable":true,"href":"https:\/\/kommit-bike.de\/fr\/wp-json\/wp\/v2\/comments?post=30793"}],"wp:featuredmedia":[{"embeddable":true,"href":"https:\/\/kommit-bike.de\/fr\/wp-json\/wp\/v2\/media\/30220"}],"wp:attachment":[{"href":"https:\/\/kommit-bike.de\/fr\/wp-json\/wp\/v2\/media?parent=30793"}],"wp:term":[{"taxonomy":"product_brand","embeddable":true,"href":"https:\/\/kommit-bike.de\/fr\/wp-json\/wp\/v2\/product_brand?post=30793"},{"taxonomy":"product_cat","embeddable":true,"href":"https:\/\/kommit-bike.de\/fr\/wp-json\/wp\/v2\/product_cat?post=30793"},{"taxonomy":"product_tag","embeddable":true,"href":"https:\/\/kommit-bike.de\/fr\/wp-json\/wp\/v2\/product_tag?post=30793"}],"curies":[{"name":"wp","href":"https:\/\/api.w.org\/{rel}","templated":true}]}}