{"id":31537,"date":"2025-11-26T20:50:57","date_gmt":"2025-11-26T19:50:57","guid":{"rendered":"https:\/\/kommit-bike.de\/zahlungsweisen\/"},"modified":"2025-11-26T20:51:02","modified_gmt":"2025-11-26T19:51:02","slug":"zahlungsweisen","status":"publish","type":"page","link":"https:\/\/kommit-bike.de\/it\/shop\/zahlungsweisen\/","title":{"rendered":"Modalit\u00e0 di pagamento"},"content":{"rendered":"\n<p>Offriamo le seguenti modalit\u00e0 di pagamento. Scegliete semplicemente la modalit\u00e0 di pagamento ottimale per voi. Le spese di spedizione dipendono in parte dalla modalit\u00e0 di pagamento scelta. I prezzi indicati nelle rispettive offerte sono prezzi finali. Essi comprendono tutti i componenti del prezzo, comprese le eventuali imposte come l&#8217;IVA. Solo in caso di consegna transfrontaliera possono essere dovute ulteriori imposte (ad esempio, in caso di acquisto intracomunitario) e\/o tasse (ad esempio, dazi doganali), ma non al venditore, bens\u00ec alle autorit\u00e0 doganali o fiscali competenti in loco. Le spese di spedizione e di consegna non sono incluse nel prezzo di acquisto, sono consultabili alla pagina &#8220;Spese di spedizione&#8221;, sono indicate separatamente durante il processo di ordinazione e devono essere sostenute da voi in aggiunta.      <\/p>\n\n<h3 class=\"wp-block-heading\" data-block-type=\"core\"><em>Stripe Giropay<\/em><\/h3>\n\n<p>Bonifico tramite il fornitore di servizi Stripe effettuando il login sulla pagina della vostra banca.<\/p>\n\n<h3 class=\"wp-block-heading\" data-block-type=\"core\"><em>Stripe Klarna<\/em><\/h3>\n\n<p>Bonifico tramite il fornitore di servizi Stripe effettuando il login sulla pagina della vostra banca.<\/p>\n\n<h3 class=\"wp-block-heading\" data-block-type=\"core\"><em>Stripe Carta di credito<\/em><\/h3>\n\n<p>Pagate facilmente con carta di credito tramite il fornitore di servizi di pagamento Stripe.<\/p>\n\n<h3 class=\"wp-block-heading\" data-block-type=\"core\"><em>Apple Pay<\/em><\/h3>\n\n<p>Paga facilmente con Apple Pay tramite il fornitore di servizi di pagamento Stripe.<\/p>\n\n<h3 class=\"wp-block-heading\" data-block-type=\"core\"><em>PayPal<\/em><\/h3>\n\n<p>Paga ancora pi\u00f9 velocemente e in modo sicuro con il tuo conto PayPal. <\/p>\n","protected":false},"excerpt":{"rendered":"<p>Offriamo le seguenti modalit\u00e0 di pagamento. Scegliete semplicemente la modalit\u00e0 di pagamento ottimale per voi. Le spese di spedizione dipendono &#8230; <\/p>\n<p class=\"read-more-container\"><a title=\"Modalit\u00e0 di pagamento\" class=\"read-more button\" href=\"https:\/\/kommit-bike.de\/it\/shop\/zahlungsweisen\/#more-31537\" aria-label=\"Per saperne di pi\u00f9 su Modalit\u00e0 di pagamento\">Leggi tutto<\/a><\/p>\n","protected":false},"author":1013,"featured_media":0,"parent":31548,"menu_order":5,"comment_status":"closed","ping_status":"closed","template":"","meta":{"footnotes":""},"class_list":["post-31537","page","type-page","status-publish"],"featured_image_urls_v2":{"full":"","thumbnail":"","medium":"","medium_large":"","large":"","1536x1536":"","2048x2048":"","woocommerce_thumbnail":"","woocommerce_single":"","woocommerce_gallery_thumbnail":""},"post_excerpt_stackable_v2":"<p>Offriamo le seguenti modalit\u00e0 di pagamento. Scegliete semplicemente la modalit\u00e0 di pagamento ottimale per voi. Le spese di spedizione dipendono in parte dalla modalit\u00e0 di pagamento scelta. I prezzi indicati nelle rispettive offerte sono prezzi finali. Essi comprendono tutti i componenti del prezzo, comprese le eventuali imposte come l&#8217;IVA. Solo in caso di consegna transfrontaliera possono essere dovute ulteriori imposte (ad esempio, in caso di acquisto intracomunitario) e\/o tasse (ad esempio, dazi doganali), ma non al venditore, bens\u00ec alle autorit\u00e0 doganali o fiscali competenti in loco. Le spese di spedizione e di consegna non sono incluse nel prezzo di acquisto,&hellip;<\/p>\n","category_list_v2":"","author_info_v2":{"name":"Kursawe Sebastian","url":"https:\/\/kommit-bike.de\/it\/author\/sebastian\/"},"comments_num_v2":"0 comments","_links":{"self":[{"href":"https:\/\/kommit-bike.de\/it\/wp-json\/wp\/v2\/pages\/31537","targetHints":{"allow":["GET"]}}],"collection":[{"href":"https:\/\/kommit-bike.de\/it\/wp-json\/wp\/v2\/pages"}],"about":[{"href":"https:\/\/kommit-bike.de\/it\/wp-json\/wp\/v2\/types\/page"}],"author":[{"embeddable":true,"href":"https:\/\/kommit-bike.de\/it\/wp-json\/wp\/v2\/users\/1013"}],"replies":[{"embeddable":true,"href":"https:\/\/kommit-bike.de\/it\/wp-json\/wp\/v2\/comments?post=31537"}],"version-history":[{"count":0,"href":"https:\/\/kommit-bike.de\/it\/wp-json\/wp\/v2\/pages\/31537\/revisions"}],"up":[{"embeddable":true,"href":"https:\/\/kommit-bike.de\/it\/wp-json\/wp\/v2\/pages\/31548"}],"wp:attachment":[{"href":"https:\/\/kommit-bike.de\/it\/wp-json\/wp\/v2\/media?parent=31537"}],"curies":[{"name":"wp","href":"https:\/\/api.w.org\/{rel}","templated":true}]}}