{"id":31856,"date":"2025-11-26T20:58:07","date_gmt":"2025-11-26T19:58:07","guid":{"rendered":"https:\/\/kommit-bike.de\/gewinn\/"},"modified":"2025-11-26T20:58:08","modified_gmt":"2025-11-26T19:58:08","slug":"gewinn","status":"publish","type":"page","link":"https:\/\/kommit-bike.de\/it\/gewinn\/","title":{"rendered":"Condizioni di partecipazione al concorso a premi"},"content":{"rendered":"\n<p><\/p>\n\n<h3 class=\"wp-block-heading\" data-block-type=\"core\">1. Organizzatore<\/h3>\n\n<p>L&#8217;organizzatore del concorso a premi \u00e8:<br\/>kommit Outdoor GmbH<br\/>Uhlbergstra\u00dfe 54, 91757 Treuchtlingen, Germania<\/p>\n\n<p>Tel.: +49 (0) 9142 9454880<br\/>Email: <a href=\"mailto:office@kommit-outdoor.com\">office@kommit-outdoor.com<\/a><\/p>\n\n<h3 class=\"wp-block-heading\" data-block-type=\"core\">2. Diritto di partecipazione<\/h3>\n\n<p>Sono ammesse a partecipare tutte le persone fisiche residenti in <strong>Europa<\/strong> che abbiano compiuto almeno <strong>18 anni<\/strong> al momento della partecipazione.<br\/>I dipendenti di kommit Outdoor GmbH e i loro familiari sono esclusi dalla partecipazione.<\/p>\n\n<h3 class=\"wp-block-heading\" data-block-type=\"core\">3. Partecipazione<\/h3>\n\n<p>La partecipazione al concorso avviene tramite <strong>la compilazione di un modulo<\/strong>.<br\/>Le partecipazioni multiple saranno <strong>conteggiate una sola volta<\/strong>.<\/p>\n\n<h3 class=\"wp-block-heading\" data-block-type=\"core\">4. Premio, notifica e trasmissione<\/h3>\n\n<p>In palio: <strong>Weekend al Trailpark di Treuchtlingen per 2 persone.<\/strong><br\/>I vincitori saranno avvisati <strong>tramite e-mail<\/strong>.<br\/>Il premio non \u00e8 trasferibile, non \u00e8 convertibile e non pu\u00f2 essere pagato in contanti.<\/p>\n\n<h3 class=\"wp-block-heading\" data-block-type=\"core\">5. Periodo di validit\u00e0<\/h3>\n\n<p>Il concorso a premi inizia mercoled\u00ec 25 giugno e termina domenica 29 giugno 2025 alle 23:59.<br\/>L&#8217;estrazione avverr\u00e0 al pi\u00f9 tardi <strong>7 giorni<\/strong> dopo la chiusura del concorso.<\/p>\n\n<h3 class=\"wp-block-heading\" data-block-type=\"core\">6. Protezione dei dati<\/h3>\n\n<p>Nell&#8217;ambito del concorso a premi, i dati personali saranno utilizzati esclusivamente per l&#8217;esecuzione e lo svolgimento dello stesso.<br\/>Ulteriori informazioni su: <a href=\"https:\/\/kommit-bike.de\/datenschutz\/\">https:\/\/kommit-bike.de\/datenschutz\/<\/a><\/p>\n\n<h3 class=\"wp-block-heading\" data-block-type=\"core\">7. Esclusione di responsabilit\u00e0 \/ Riserva di modifica<\/h3>\n\n<p>L&#8217;organizzatore si riserva il diritto di terminare anticipatamente il concorso a premi per motivi importanti o di modificare le condizioni di partecipazione.<\/p>\n\n<h3 class=\"wp-block-heading\" data-block-type=\"core\">8. Ricorso legale<\/h3>\n\n<p>Il ricorso legale \u00e8 escluso.<\/p>\n\n<h3 class=\"wp-block-heading\" data-block-type=\"core\">9. Diritto applicabile<\/h3>\n\n<p>Si applica il diritto della <strong>[ad es. Repubblica Federale di Germania]<\/strong>.<\/p>\n","protected":false},"excerpt":{"rendered":"<p>1. Organizzatore L&#8217;organizzatore del concorso a premi \u00e8:kommit Outdoor GmbHUhlbergstra\u00dfe 54, 91757 Treuchtlingen, Germania Tel.: +49 (0) 9142 9454880Email: office@kommit-outdoor.com &#8230; <\/p>\n<p class=\"read-more-container\"><a title=\"Condizioni di partecipazione al concorso a premi\" class=\"read-more button\" href=\"https:\/\/kommit-bike.de\/it\/gewinn\/#more-31856\" aria-label=\"Per saperne di pi\u00f9 su Condizioni di partecipazione al concorso a premi\">Leggi tutto<\/a><\/p>\n","protected":false},"author":2,"featured_media":0,"parent":0,"menu_order":0,"comment_status":"closed","ping_status":"closed","template":"","meta":{"footnotes":""},"class_list":["post-31856","page","type-page","status-publish"],"featured_image_urls_v2":{"full":"","thumbnail":"","medium":"","medium_large":"","large":"","1536x1536":"","2048x2048":"","woocommerce_thumbnail":"","woocommerce_single":"","woocommerce_gallery_thumbnail":""},"post_excerpt_stackable_v2":"<p>1. Organizzatore L&#8217;organizzatore del concorso a premi \u00e8:kommit Outdoor GmbHUhlbergstra\u00dfe 54, 91757 Treuchtlingen, Germania Tel.: +49 (0) 9142 9454880Email: office@kommit-outdoor.com 2. Diritto di partecipazione Sono ammesse a partecipare tutte le persone fisiche residenti in Europa che abbiano compiuto almeno 18 anni al momento della partecipazione.I dipendenti di kommit Outdoor GmbH e i loro familiari sono esclusi dalla partecipazione. 3. Partecipazione La partecipazione al concorso avviene tramite la compilazione di un modulo.Le partecipazioni multiple saranno conteggiate una sola volta. 4. Premio, notifica e trasmissione In palio: Weekend al Trailpark di Treuchtlingen per 2 persone.I vincitori saranno avvisati tramite e-mail.Il premio non&hellip;<\/p>\n","category_list_v2":"","author_info_v2":{"name":"Rieger Andy","url":"https:\/\/kommit-bike.de\/it\/author\/andy\/"},"comments_num_v2":"0 comments","_links":{"self":[{"href":"https:\/\/kommit-bike.de\/it\/wp-json\/wp\/v2\/pages\/31856","targetHints":{"allow":["GET"]}}],"collection":[{"href":"https:\/\/kommit-bike.de\/it\/wp-json\/wp\/v2\/pages"}],"about":[{"href":"https:\/\/kommit-bike.de\/it\/wp-json\/wp\/v2\/types\/page"}],"author":[{"embeddable":true,"href":"https:\/\/kommit-bike.de\/it\/wp-json\/wp\/v2\/users\/2"}],"replies":[{"embeddable":true,"href":"https:\/\/kommit-bike.de\/it\/wp-json\/wp\/v2\/comments?post=31856"}],"version-history":[{"count":0,"href":"https:\/\/kommit-bike.de\/it\/wp-json\/wp\/v2\/pages\/31856\/revisions"}],"wp:attachment":[{"href":"https:\/\/kommit-bike.de\/it\/wp-json\/wp\/v2\/media?parent=31856"}],"curies":[{"name":"wp","href":"https:\/\/api.w.org\/{rel}","templated":true}]}}