{"id":31865,"date":"2025-11-26T20:58:42","date_gmt":"2025-11-26T19:58:42","guid":{"rendered":"https:\/\/kommit-bike.de\/community\/"},"modified":"2025-11-26T20:58:43","modified_gmt":"2025-11-26T19:58:43","slug":"community","status":"publish","type":"page","link":"https:\/\/kommit-bike.de\/it\/community\/","title":{"rendered":"kommit\u00ae Community: Centri di prova, Hotel, Associazioni, Scuole di bici"},"content":{"rendered":"\n<div class=\"alignfull wp-block-ugb-header ugb-header stackable-header-image ugb-4b8e7e9 ugb-header ugb-header--v3 ugb-header--design-basic ugb-main-block\"><style>.ugb-4b8e7e9 .ugb-header__item{background-color:#000000 !important;background-image:url(https:\/\/kommit-bike.de\/wp-content\/uploads\/2023\/08\/Kommit_Fotos_Samerberg_Family_MTB-8851.jpg);background-position:top center}.ugb-4b8e7e9 .ugb-header__item:before{background-color:#000000 !important;opacity:0}@media screen and (min-width:768px){.ugb-4b8e7e9.ugb-header{margin-top:-210px !important}.ugb-4b8e7e9 > .ugb-inner-block > .ugb-block-content > *{min-height:697px}}@media screen and (min-width:768px) and (max-width:1025px){.ugb-4b8e7e9.ugb-header{margin-top:-40px !important}.ugb-4b8e7e9 > .ugb-inner-block > .ugb-block-content > *{min-height:650px}}@media screen and (max-width:768px){.ugb-4b8e7e9.ugb-header{margin-top:-30px !important}.ugb-4b8e7e9 > .ugb-inner-block > .ugb-block-content > *{min-height:150px}}<\/style><style>!important}.ugb-4b8e7e9.ugb-header .ugb-header__buttons &amp;gt !important;div:nth-child(1) .ugb-button{z-index:-1 !important;visibility:block !important}<\/style><div class=\"ugb-inner-block\"><div class=\"ugb-block-content\"><div class=\"ugb-header__item ugb--shadow-0 ugb--has-background-overlay\"><div class=\"ugb-content-wrapper\"><\/div><\/div><\/div><\/div><\/div>\n\n<div class=\"alignfull wp-block-ugb-container ugb-container ugb-801c07a ugb-container--v2 ugb-container--design-basic ugb-main-block\"><style>.ugb-801c07a-wrapper.ugb-container__wrapper{background-color:var(--accent) !important}.ugb-801c07a-wrapper.ugb-container__wrapper:before{background-color:var(--accent) !important}.ugb-801c07a h1,.ugb-801c07a h2,.ugb-801c07a h3,.ugb-801c07a h4,.ugb-801c07a h5,.ugb-801c07a h6{color:var(--base-3)}.ugb-801c07a p,.ugb-801c07a li,.ugb-801c07a label,.ugb-801c07a table{color:#FFF}.ugb-801c07a-content-wrapper > h1,.ugb-801c07a-content-wrapper > h2,.ugb-801c07a-content-wrapper > h3,.ugb-801c07a-content-wrapper > h4,.ugb-801c07a-content-wrapper > h5,.ugb-801c07a-content-wrapper > h6{color:var(--base-3)}.ugb-801c07a-content-wrapper > p,.ugb-801c07a-content-wrapper > ol li,.ugb-801c07a-content-wrapper > ul li{color:#FFF}.ugb-801c07a.ugb-container{z-index:1 !important}@media screen and (min-width:768px){.ugb-801c07a.ugb-container{margin-top:-330px !important;margin-bottom:0px !important;padding-top:30px !important;padding-right:30px !important;padding-bottom:0px !important;padding-left:30px !important}}@media screen and (max-width:768px){.ugb-801c07a.ugb-container{margin-top:-35px !important}}.ugb-801c07a a,.ugb-801c07a a:visited,.ugb-801c07a a:focus{color:#FFF}<\/style><div class=\"ugb-inner-block\"><div class=\"ugb-block-content\"><div class=\"ugb-container__wrapper ugb-801c07a-wrapper ugb--shadow-0 ugb--restrict-content-width\"><div class=\"ugb-container__side\"><div class=\"ugb-container__content-wrapper ugb-801c07a-content-wrapper ugb-content-wrapper\">\n<h2 class=\"wp-block-heading\" id=\"kommit\" data-block-type=\"core\"><em>kommit<\/em><sup>\u00ae<\/sup> Community: Centri di prova, Hotel, Associazioni, Scuole di bici, Ambasciatori<\/h2>\n\n\n\n<p>Noi di<em> kommit<sup>\u00ae<\/sup><\/em> desideriamo rendere l&#8217;accesso al ciclismo il pi\u00f9 facile possibile attraverso i nostri prodotti. Per questo motivo ci sentiamo in dovere di supportare la comunit\u00e0 ciclistica attraverso le nostre diverse opportunit\u00e0. <\/p>\n\n\n\n<ul class=\"wp-block-list\" data-block-type=\"core\">\n<li data-block-type=\"core\"><em><strong>kommit<\/strong><\/em><sup>\u00ae<\/sup> Centri di prova in negozi, trail park, bike park, scuole di bici o hotel<\/li>\n\n\n\n<li data-block-type=\"core\">Supporto ad associazioni locali in vari modi<\/li>\n\n\n\n<li data-block-type=\"core\"><strong><em>kommit<\/em><\/strong><sup>\u00ae<\/sup> Programma Ambasciatori<\/li>\n\n\n\n<li data-block-type=\"core\">Scambio di valore con la comunit\u00e0 ciclistica<\/li>\n<\/ul>\n\n\n\n<p>Consideriamo tutto questo essenziale e ascoltiamo la nostra community. Perch\u00e9 alla fine \u00e8 un dare e avere. <\/p>\n\n\n\n<p><a href=\"#kontakt\">Interessato a una collaborazione? Contattaci pure. <\/a><\/p>\n\n\n\n<div class=\"aligncenter wp-block-ugb-button ugb-button-wrapper ugb-b9e91d7 ugb-main-block\"><style>.ugb-b9e91d7 .ugb-block-content{justify-content:flex-start !important}.ugb-b9e91d7 .ugb-button1{background-color:var(--base-3);padding-right:15px;padding-left:15px;border-radius:0px !important}.ugb-b9e91d7 .ugb-button1 .ugb-button--inner,.ugb-b9e91d7 .ugb-button1 svg:not(.ugb-custom-icon){color:#222222 !important}.ugb-b9e91d7 .ugb-button1:before{border-radius:0px !important}.ugb-b9e91d7 .ugb-button1.ugb-button--has-icon.ugb-button--has-icon svg{width:30px;height:30px}.ugb-b9e91d7 .ugb-button2{background-color:var(--base-3);border-radius:0px !important}.ugb-b9e91d7 .ugb-button2 .ugb-button--inner,.ugb-b9e91d7 .ugb-button2 svg:not(.ugb-custom-icon){color:#222222 !important}.ugb-b9e91d7 .ugb-button2:before{border-radius:0px !important}.ugb-b9e91d7 .ugb-button2.ugb-button--has-icon.ugb-button--has-icon svg{width:30px;height:30px}.ugb-b9e91d7 .ugb-inner-block{text-align:left}<\/style><div class=\"ugb-inner-block\"><div class=\"ugb-block-content\"><div class=\"ugb-button-container\"><a class=\"ugb-button1 ugb-button ugb-button--size-medium ugb-button--has-icon\" href=\"#testcenter\" rel=\"\" title=\"\"><div class=\"ugb-icon-inner-svg\"><svg aria-hidden=\"true\" focusable=\"false\" data-prefix=\"fas\" data-icon=\"door-open\" class=\"svg-inline--fa fa-door-open fa-w-20\" role=\"img\" xmlns=\"http:\/\/www.w3.org\/2000\/svg\" viewbox=\"0 0 640 512\"><path fill=\"currentColor\" d=\"M624 448h-80V113.45C544 86.19 522.47 64 496 64H384v64h96v384h144c8.84 0 16-7.16 16-16v-32c0-8.84-7.16-16-16-16zM312.24 1.01l-192 49.74C105.99 54.44 96 67.7 96 82.92V448H16c-8.84 0-16 7.16-16 16v32c0 8.84 7.16 16 16 16h336V33.18c0-21.58-19.56-37.41-39.76-32.17zM264 288c-13.25 0-24-14.33-24-32s10.75-32 24-32 24 14.33 24 32-10.75 32-24 32z\"><\/path><\/svg><\/div><span class=\"ugb-button--inner\">Centri di prova<\/span><\/a><\/div><div class=\"ugb-button-container\"><a class=\"ugb-button2 ugb-button ugb-button--size-medium ugb-button--has-icon\" href=\"#ambassadoren\" rel=\"\" title=\"\"><div class=\"ugb-icon-inner-svg\"><svg aria-hidden=\"true\" focusable=\"false\" data-prefix=\"far\" data-icon=\"users\" class=\"svg-inline--fa fa-users fa-w-20\" role=\"img\" xmlns=\"http:\/\/www.w3.org\/2000\/svg\" viewbox=\"0 0 640 512\"><path fill=\"currentColor\" d=\"M544 224c44.2 0 80-35.8 80-80s-35.8-80-80-80-80 35.8-80 80 35.8 80 80 80zm0-112c17.6 0 32 14.4 32 32s-14.4 32-32 32-32-14.4-32-32 14.4-32 32-32zM96 224c44.2 0 80-35.8 80-80s-35.8-80-80-80-80 35.8-80 80 35.8 80 80 80zm0-112c17.6 0 32 14.4 32 32s-14.4 32-32 32-32-14.4-32-32 14.4-32 32-32zm396.4 210.9c-27.5-40.8-80.7-56-127.8-41.7-14.2 4.3-29.1 6.7-44.7 6.7s-30.5-2.4-44.7-6.7c-47.1-14.3-100.3.8-127.8 41.7-12.4 18.4-19.6 40.5-19.6 64.3V432c0 26.5 21.5 48 48 48h288c26.5 0 48-21.5 48-48v-44.8c.2-23.8-7-45.9-19.4-64.3zM464 432H176v-44.8c0-36.4 29.2-66.2 65.4-67.2 25.5 10.6 51.9 16 78.6 16 26.7 0 53.1-5.4 78.6-16 36.2 1 65.4 30.7 65.4 67.2V432zm92-176h-24c-17.3 0-33.4 5.3-46.8 14.3 13.4 10.1 25.2 22.2 34.4 36.2 3.9-1.4 8-2.5 12.3-2.5h24c19.8 0 36 16.2 36 36 0 13.2 10.8 24 24 24s24-10.8 24-24c.1-46.3-37.6-84-83.9-84zm-236 0c61.9 0 112-50.1 112-112S381.9 32 320 32 208 82.1 208 144s50.1 112 112 112zm0-176c35.3 0 64 28.7 64 64s-28.7 64-64 64-64-28.7-64-64 28.7-64 64-64zM154.8 270.3c-13.4-9-29.5-14.3-46.8-14.3H84c-46.3 0-84 37.7-84 84 0 13.2 10.8 24 24 24s24-10.8 24-24c0-19.8 16.2-36 36-36h24c4.4 0 8.5 1.1 12.3 2.5 9.3-14 21.1-26.1 34.5-36.2z\"><\/path><\/svg><\/div><span class=\"ugb-button--inner\">Ambasciatori<\/span><\/a><\/div><\/div><\/div><\/div>\n<\/div><\/div><\/div><\/div><\/div><\/div>\n\n<div class=\"alignfull wp-block-ugb-container ugb-container ugb-6cd4fff ugb-container--v2 ugb-container--design-basic ugb-main-block\"><style>.ugb-6cd4fff h1,.ugb-6cd4fff h2,.ugb-6cd4fff h3,.ugb-6cd4fff h4,.ugb-6cd4fff h5,.ugb-6cd4fff h6{color:var(--contrast)}.ugb-6cd4fff p,.ugb-6cd4fff li,.ugb-6cd4fff label,.ugb-6cd4fff table{color:var(--contrast)}.ugb-6cd4fff a:hover,.ugb-6cd4fff a:hover:visited{color:var(--accent-dark)}.ugb-6cd4fff-content-wrapper > h1,.ugb-6cd4fff-content-wrapper > h2,.ugb-6cd4fff-content-wrapper > h3,.ugb-6cd4fff-content-wrapper > h4,.ugb-6cd4fff-content-wrapper > h5,.ugb-6cd4fff-content-wrapper > h6{color:var(--contrast)}.ugb-6cd4fff-content-wrapper > p,.ugb-6cd4fff-content-wrapper > ol li,.ugb-6cd4fff-content-wrapper > ul li{color:var(--contrast)}.ugb-6cd4fff .ugb-inner-block{text-align:left}.ugb-6cd4fff.ugb-container{z-index:1 !important}@media screen and (min-width:768px){.ugb-6cd4fff.ugb-container{padding-right:30px !important;padding-left:30px !important}}@media screen and (max-width:768px){.ugb-6cd4fff.ugb-container{margin-top:0px !important;margin-bottom:0px !important}}.ugb-6cd4fff a,.ugb-6cd4fff a:visited,.ugb-6cd4fff a:focus{color:var(--contrast)}<\/style><div class=\"ugb-inner-block\"><div class=\"ugb-block-content\"><div class=\"ugb-container__wrapper ugb-6cd4fff-wrapper ugb--shadow-0 ugb--restrict-content-width\"><div class=\"ugb-container__side\"><div class=\"ugb-container__content-wrapper ugb-6cd4fff-content-wrapper ugb-content-wrapper\">\n<h2 class=\"wp-block-heading\" data-block-type=\"core\"><em>kommit<sup>\u00ae<\/sup><\/em> Centri di prova<\/h2>\n\n\n\n<script src=\"https:\/\/static.elfsight.com\/platform\/platform.js\" data-use-service-core=\"\" defer=\"defer\"><\/script>\n<div class=\"elfsight-app-d3431b5e-da71-4ab0-b142-783121e8d50a\" data-elfsight-app-lazy=\"\"><\/div>\n<\/div><\/div><\/div><\/div><\/div><\/div>\n\n<div class=\"alignfull wp-block-ugb-container ugb-container ugb-265780c ugb-container--v2 ugb-container--design-basic ugb-main-block\"><style>.ugb-265780c-wrapper.ugb-container__wrapper{background-color:var(--accent) !important}.ugb-265780c-wrapper.ugb-container__wrapper:before{background-color:var(--accent) !important}.ugb-265780c h1,.ugb-265780c h2,.ugb-265780c h3,.ugb-265780c h4,.ugb-265780c h5,.ugb-265780c h6{color:var(--base-3)}.ugb-265780c p,.ugb-265780c li,.ugb-265780c label,.ugb-265780c table{color:#FFF}.ugb-265780c-content-wrapper > h1,.ugb-265780c-content-wrapper > h2,.ugb-265780c-content-wrapper > h3,.ugb-265780c-content-wrapper > h4,.ugb-265780c-content-wrapper > h5,.ugb-265780c-content-wrapper > h6{color:var(--base-3)}.ugb-265780c-content-wrapper > p,.ugb-265780c-content-wrapper > ol li,.ugb-265780c-content-wrapper > ul li{color:#FFF}.ugb-265780c .ugb-inner-block{text-align:left}.ugb-265780c.ugb-container{z-index:1 !important}@media screen and (min-width:768px){.ugb-265780c.ugb-container{margin-bottom:0px !important;padding-top:0px !important;padding-right:30px !important;padding-bottom:0px !important;padding-left:30px !important}}@media screen and (max-width:768px){.ugb-265780c.ugb-container{margin-top:-35px !important}}.ugb-265780c a,.ugb-265780c a:visited,.ugb-265780c a:focus{color:#FFF}<\/style><div class=\"ugb-inner-block\"><div class=\"ugb-block-content\"><div class=\"ugb-container__wrapper ugb-265780c-wrapper ugb--shadow-0 ugb--restrict-content-width\"><div class=\"ugb-container__side\"><div class=\"ugb-container__content-wrapper ugb-265780c-content-wrapper ugb-content-wrapper\">\n<div class=\"aligncenter wp-block-ugb-team-member ugb-team-member ugb-878067e ugb-team-member--v3 ugb-team-member--design-basic ugb-team-member--columns-2 ugb-main-block\" id=\"ambassadoren\"><style>.ugb-878067e .ugb-img{-webkit-mask-image:url('data:image\/svg+xml;base64,PHN2ZyB4bWxucz0iaHR0cDovL3d3dy53My5vcmcvMjAwMC9zdmciIHZpZXdCb3g9IjAgMCAxMDAgMTAwIj48Y2lyY2xlIGN4PSI1MCIgY3k9IjUwIiByPSI1MCI+PC9jaXJjbGU+PC9zdmc+');mask-image:url('data:image\/svg+xml;base64,PHN2ZyB4bWxucz0iaHR0cDovL3d3dy53My5vcmcvMjAwMC9zdmciIHZpZXdCb3g9IjAgMCAxMDAgMTAwIj48Y2lyY2xlIGN4PSI1MCIgY3k9IjUwIiByPSI1MCI+PC9jaXJjbGU+PC9zdmc+')}.ugb-878067e .ugb-team-member__position{font-size:17px !important}.ugb-878067e .ugb-block-description{font-size:20px !important}@media screen and (min-width:768px){.ugb-878067e .ugb-img{width:200px;height:auto !important}}@media screen and (min-width:1025px){.ugb-878067e .ugb-team-member__image{width:200px !important}}<\/style><div class=\"ugb-inner-block\"><h2 class=\"ugb-block-title ugb-block-title--with-subtitle\"><em>kommit<\/em><sup>\u00ae<\/sup> Ambasciatori<\/h2><p class=\"ugb-block-description\">Gli<em> kommit\u00ae<\/em> Ambasciatori sono amici e compagni di viaggio della scena ciclistica. O semplicemente persone che condividono la nostra visione e guardano al futuro con idee innovative e sostenibili. Siamo orgogliosi di avervi con noi!  <br\/><a href=\"#kontakt\">Vuoi anche tu far parte del nostro <em><em>kommit<\/em><sup>\u00ae<\/sup><\/em> Programma Ambasciatori? Contattaci pure. <\/a><\/p><div class=\"ugb-block-content\"><div class=\"ugb-team-member__item ugb-team-member__item1\"><div class=\"ugb-team-member__image\"><img loading=\"lazy\" decoding=\"async\" width=\"502\" height=\"650\" class=\"ugb-img wp-image-19022 ugb-img--shape\" src=\"https:\/\/kommit-bike.de\/wp-content\/uploads\/2023\/02\/dimb_ft_stromberg0627b_2-502x650.jpg\" alt=\"Manfred Stromberg\" title=\"\" srcset=\"https:\/\/kommit-bike.de\/wp-content\/uploads\/2023\/02\/dimb_ft_stromberg0627b_2-502x650.jpg 502w, https:\/\/kommit-bike.de\/wp-content\/uploads\/2023\/02\/dimb_ft_stromberg0627b_2-348x450.jpg 348w, https:\/\/kommit-bike.de\/wp-content\/uploads\/2023\/02\/dimb_ft_stromberg0627b_2-768x994.jpg 768w, https:\/\/kommit-bike.de\/wp-content\/uploads\/2023\/02\/dimb_ft_stromberg0627b_2-1187x1536.jpg 1187w, https:\/\/kommit-bike.de\/wp-content\/uploads\/2023\/02\/dimb_ft_stromberg0627b_2-1583x2048.jpg 1583w, https:\/\/kommit-bike.de\/wp-content\/uploads\/2023\/02\/dimb_ft_stromberg0627b_2-600x776.jpg 600w, https:\/\/kommit-bike.de\/wp-content\/uploads\/2023\/02\/dimb_ft_stromberg0627b_2-scaled.jpg 1978w\" sizes=\"auto, (max-width: 502px) 100vw, 502px\" \/><\/div><div class=\"ugb-team-member__content\"><div class=\"ugb-team-member__title\"><h4 class=\"ugb-team-member__name\"><span style=\"color: var(--contrast);\" class=\"stk-highlight\">Manfred Stromberg<\/span><\/h4><p class=\"ugb-team-member__position\"><span style=\"color: var(--contrast-2);\" class=\"stk-highlight\">Adoro il<em> kommit<sup>\u00ae<\/sup><\/em><sup> <\/sup>Sistema: sempre con te, letteralmente facilissimo da usare. Il mio bambino di 6 anni prende la corda, la appende all&#8217;attacco manubrio e si sale. Quando siamo in cima, la fa semplicemente scivolare di nuovo sotto la mia sella. Cos\u00ec pratico per i percorsi quotidiani o per le avventure nel bosco!   <\/span><br\/><span style=\"color: var(--contrast-2);\" class=\"stk-highlight\"><br\/><\/span><a rel=\"noreferrer noopener\" href=\"http:\/\/www.bikeride.de\" target=\"_blank\"><span style=\"color: var(--accent-dark);\" class=\"stk-highlight\">www.bikeride.de<\/span><\/a><\/p><\/div><\/div><\/div><div class=\"ugb-team-member__item ugb-team-member__item2\"><div class=\"ugb-team-member__image\"><img loading=\"lazy\" decoding=\"async\" width=\"536\" height=\"650\" class=\"ugb-img wp-image-13140 ugb-img--shape\" src=\"https:\/\/kommit-bike.de\/wp-content\/uploads\/2021\/10\/andy_team-profilbild_11.10-536x650.jpg\" alt=\"Andy Rieger\" title=\"\" srcset=\"https:\/\/kommit-bike.de\/wp-content\/uploads\/2021\/10\/andy_team-profilbild_11.10-536x650.jpg 536w, https:\/\/kommit-bike.de\/wp-content\/uploads\/2021\/10\/andy_team-profilbild_11.10-371x450.jpg 371w, https:\/\/kommit-bike.de\/wp-content\/uploads\/2021\/10\/andy_team-profilbild_11.10-600x727.jpg 600w, https:\/\/kommit-bike.de\/wp-content\/uploads\/2021\/10\/andy_team-profilbild_11.10.jpg 603w\" sizes=\"auto, (max-width: 536px) 100vw, 536px\" \/><\/div><div class=\"ugb-team-member__content\"><div class=\"ugb-team-member__title\"><h4 class=\"ugb-team-member__name\"><span style=\"color: var(--contrast);\" class=\"stk-highlight\">Andy Rieger<\/span><\/h4><p class=\"ugb-team-member__position\"><span class=\"stk-highlight\"><span style=\"color: var(--contrast-2);\">Fin dal primo giorno sono stato convinto dal<\/span><em style=\"color: var(--contrast-2);\"> kommit<sup>\u00ae<\/sup><\/em><span style=\"color: var(--contrast-2);\"> convinto. Fortunatamente, anni prima della pubblicazione, ho avuto la possibilit\u00e0 di  <\/span><em style=\"color: var(--contrast-2);\">kommit<\/em><sup><span style=\"color: var(--contrast-2);\">\u00ae<\/span><\/sup><\/span> <span style=\"color: var(--contrast-2);\" class=\"stk-highlight\">testare a fondo, dato che l&#8217;inventore era mio fratello Robert. Le mie due figlie sono ancora felici quando il <em>kommit<sup>\u00ae<\/sup><\/em> viene utilizzato. Soprattutto in salita \ud83d\ude09    <\/span><br\/><br\/><a rel=\"noreferrer noopener\" href=\"http:\/\/www.andy-rieger.de\" target=\"_blank\"><span style=\"color: var(--accent-dark);\" class=\"stk-highlight\">www.andy-rieger.de<\/span><\/a><\/p><\/div><\/div><\/div><\/div><\/div><\/div>\n\n\n\n<div style=\"height:50px\" aria-hidden=\"true\" class=\"wp-block-spacer\" data-block-type=\"core\"><\/div>\n\n\n\n<div class=\"aligncenter wp-block-ugb-team-member ugb-team-member ugb-888c342 ugb-team-member--v3 ugb-team-member--design-basic ugb-team-member--columns-2 ugb-main-block\" id=\"ambassadoren\"><style>.ugb-888c342 .ugb-img{-webkit-mask-image:url('data:image\/svg+xml;base64,PHN2ZyB4bWxucz0iaHR0cDovL3d3dy53My5vcmcvMjAwMC9zdmciIHZpZXdCb3g9IjAgMCAxMDAgMTAwIj48Y2lyY2xlIGN4PSI1MCIgY3k9IjUwIiByPSI1MCI+PC9jaXJjbGU+PC9zdmc+');mask-image:url('data:image\/svg+xml;base64,PHN2ZyB4bWxucz0iaHR0cDovL3d3dy53My5vcmcvMjAwMC9zdmciIHZpZXdCb3g9IjAgMCAxMDAgMTAwIj48Y2lyY2xlIGN4PSI1MCIgY3k9IjUwIiByPSI1MCI+PC9jaXJjbGU+PC9zdmc+')}.ugb-888c342 .ugb-team-member__name{color:var(--contrast) !important}.ugb-888c342 .ugb-team-member__position{color:var(--contrast) !important;font-size:17px !important}@media screen and (min-width:768px){.ugb-888c342 .ugb-img{width:200px;height:auto !important}}@media screen and (min-width:1025px){.ugb-888c342 .ugb-team-member__image{width:200px !important}}<\/style><div class=\"ugb-inner-block\"><div class=\"ugb-block-content\"><div class=\"ugb-team-member__item ugb-team-member__item1\"><div class=\"ugb-team-member__image\"><img loading=\"lazy\" decoding=\"async\" width=\"640\" height=\"427\" class=\"ugb-img wp-image-20911 ugb-img--shape\" src=\"https:\/\/kommit-bike.de\/wp-content\/uploads\/2023\/03\/BUCKETRIDE-2.jpeg\" alt=\"Claudi und Roman \" title=\"\" srcset=\"https:\/\/kommit-bike.de\/wp-content\/uploads\/2023\/03\/BUCKETRIDE-2.jpeg 640w, https:\/\/kommit-bike.de\/wp-content\/uploads\/2023\/03\/BUCKETRIDE-2-600x400.jpeg 600w\" sizes=\"auto, (max-width: 640px) 100vw, 640px\" \/><\/div><div class=\"ugb-team-member__content\"><div class=\"ugb-team-member__title\"><h4 class=\"ugb-team-member__name\"><span style=\"color: var(--contrast);\" class=\"stk-highlight\">Claudi e Roman<\/span> <\/h4><p class=\"ugb-team-member__position\"><span style=\"color: var(--contrast-2);\" class=\"stk-highlight\">Il <em>kommit<sup>\u00ae<\/sup><\/em> ha ormai un posto fisso nel nostro zaino da guida. In caso di guasti, emergenze o se qualcuno del gruppo perde improvvisamente le forze, abbiamo trovato nel <em>kommit<sup>\u00ae<\/sup><\/em> lo strumento perfetto per risolvere i problemi durante i nostri viaggi e campi. <\/span><br\/><a rel=\"noreferrer noopener\" href=\"http:\/\/www.bucketride.de\" target=\"_blank\"><span style=\"color: var(--accent-dark);\" class=\"stk-highlight\"><br\/><span style=\"color: var(--accent-dark);\" class=\"stk-highlight\"><\/span>www.bucketride.de<\/span><\/a><\/p><\/div><\/div><\/div><div class=\"ugb-team-member__item ugb-team-member__item2\"><div class=\"ugb-team-member__image\"><img loading=\"lazy\" decoding=\"async\" width=\"976\" height=\"650\" class=\"ugb-img wp-image-23520 ugb-img--shape\" src=\"https:\/\/kommit-bike.de\/wp-content\/uploads\/2023\/08\/1180023_20230331433-976x650.jpg\" alt=\"Hahn &amp; Bullen Enduro Team&#xA0;\" title=\"\" srcset=\"https:\/\/kommit-bike.de\/wp-content\/uploads\/2023\/08\/1180023_20230331433-976x650.jpg 976w, https:\/\/kommit-bike.de\/wp-content\/uploads\/2023\/08\/1180023_20230331433-676x450.jpg 676w, https:\/\/kommit-bike.de\/wp-content\/uploads\/2023\/08\/1180023_20230331433-768x512.jpg 768w, https:\/\/kommit-bike.de\/wp-content\/uploads\/2023\/08\/1180023_20230331433-600x400.jpg 600w, https:\/\/kommit-bike.de\/wp-content\/uploads\/2023\/08\/1180023_20230331433.jpg 1536w\" sizes=\"auto, (max-width: 976px) 100vw, 976px\" \/><\/div><div class=\"ugb-team-member__content\"><div class=\"ugb-team-member__title\"><h4 class=\"ugb-team-member__name\">Hahn &amp; Bullen Enduro Team  <\/h4><p class=\"ugb-team-member__position\">Noi di<span style=\"color: var(--accent-dark);\" class=\"stk-highlight\"> <\/span><span style=\"\" class=\"stk-highlight\">@hundb_enduro_team <\/span>abbiamo trovato nel sistema di traino <span style=\"color: var(--contrast-2);\" class=\"stk-highlight\"><em>kommit<sup>\u00ae<\/sup><\/em><\/span> un tuttofare compatto e salvaspazio che trova applicazione nelle situazioni pi\u00f9 diverse. Sia ai festival di bici, come #bestabschlepperintown o semplicemente come supporto in salita per compensare le differenze di condizione fisica tra i ciclisti \u2013 abbiamo sempre un <span style=\"color: var(--contrast-2);\" class=\"stk-highlight\"><em>kommit<sup>\u00ae<\/sup><\/em><\/span> pronto e siamo cos\u00ec perfettamente equipaggiati. <br\/><br\/><a rel=\"noreferrer noopener\" href=\"https:\/\/lnk.bio\/hundb_enduro_team\" target=\"_blank\"><span style=\"color: var(--accent-dark);\" class=\"stk-highlight\">https:\/\/lnk.bio\/hundb_enduro_team<\/span><\/a><\/p><\/div><\/div><\/div><\/div><\/div><\/div>\n<\/div><\/div><\/div><\/div><\/div><\/div>\n","protected":false},"excerpt":{"rendered":"<p>kommit\u00ae Community: Centri di prova, Hotel, Associazioni, Scuole di bici, Ambasciatori Noi di kommit\u00ae desideriamo rendere l&#8217;accesso al ciclismo il &#8230; <\/p>\n<p class=\"read-more-container\"><a title=\"kommit\u00ae Community: Centri di prova, Hotel, Associazioni, Scuole di bici\" class=\"read-more button\" href=\"https:\/\/kommit-bike.de\/it\/community\/#more-31865\" aria-label=\"Per saperne di pi\u00f9 su kommit\u00ae Community: Centri di prova, Hotel, Associazioni, Scuole di bici\">Leggi tutto<\/a><\/p>\n","protected":false},"author":2,"featured_media":31904,"parent":0,"menu_order":2,"comment_status":"closed","ping_status":"closed","template":"","meta":{"footnotes":""},"class_list":{"0":"post-31865","1":"page","2":"type-page","3":"status-publish","4":"has-post-thumbnail","6":"resize-featured-image"},"featured_image_urls_v2":{"full":["https:\/\/kommit-bike.de\/wp-content\/uploads\/2023\/08\/Kommit_Fotos_Samerberg_Family_MTB-8851.jpg",1600,1067,false],"thumbnail":["https:\/\/kommit-bike.de\/wp-content\/uploads\/2023\/08\/Kommit_Fotos_Samerberg_Family_MTB-8851-450x450.jpg",450,450,true],"medium":["https:\/\/kommit-bike.de\/wp-content\/uploads\/2023\/08\/Kommit_Fotos_Samerberg_Family_MTB-8851-675x450.jpg",675,450,true],"medium_large":["https:\/\/kommit-bike.de\/wp-content\/uploads\/2023\/08\/Kommit_Fotos_Samerberg_Family_MTB-8851-768x512.jpg",768,512,true],"large":["https:\/\/kommit-bike.de\/wp-content\/uploads\/2023\/08\/Kommit_Fotos_Samerberg_Family_MTB-8851-975x650.jpg",975,650,true],"1536x1536":["https:\/\/kommit-bike.de\/wp-content\/uploads\/2023\/08\/Kommit_Fotos_Samerberg_Family_MTB-8851-1536x1024.jpg",1536,1024,true],"2048x2048":["https:\/\/kommit-bike.de\/wp-content\/uploads\/2023\/08\/Kommit_Fotos_Samerberg_Family_MTB-8851.jpg",1600,1067,false],"woocommerce_thumbnail":["https:\/\/kommit-bike.de\/wp-content\/uploads\/2023\/08\/Kommit_Fotos_Samerberg_Family_MTB-8851-300x300.jpg",300,300,true],"woocommerce_single":["https:\/\/kommit-bike.de\/wp-content\/uploads\/2023\/08\/Kommit_Fotos_Samerberg_Family_MTB-8851-600x400.jpg",600,400,true],"woocommerce_gallery_thumbnail":["https:\/\/kommit-bike.de\/wp-content\/uploads\/2023\/08\/Kommit_Fotos_Samerberg_Family_MTB-8851-100x100.jpg",100,100,true]},"post_excerpt_stackable_v2":"<p>kommit\u00ae Community: Centri di prova, Hotel, Associazioni, Scuole di bici, Ambasciatori Noi di kommit\u00ae desideriamo rendere l&#8217;accesso al ciclismo il pi\u00f9 facile possibile attraverso i nostri prodotti. Per questo motivo ci sentiamo in dovere di supportare la comunit\u00e0 ciclistica attraverso le nostre diverse opportunit\u00e0. kommit\u00ae Centri di prova in negozi, trail park, bike park, scuole di bici o hotel Supporto ad associazioni locali in vari modi kommit\u00ae Programma Ambasciatori Scambio di valore con la comunit\u00e0 ciclistica Consideriamo tutto questo essenziale e ascoltiamo la nostra community. Perch\u00e9 alla fine \u00e8 un dare e avere. Interessato a una collaborazione? Contattaci pure. Centri&hellip;<\/p>\n","category_list_v2":"","author_info_v2":{"name":"Rieger Andy","url":"https:\/\/kommit-bike.de\/it\/author\/andy\/"},"comments_num_v2":"0 comments","_links":{"self":[{"href":"https:\/\/kommit-bike.de\/it\/wp-json\/wp\/v2\/pages\/31865","targetHints":{"allow":["GET"]}}],"collection":[{"href":"https:\/\/kommit-bike.de\/it\/wp-json\/wp\/v2\/pages"}],"about":[{"href":"https:\/\/kommit-bike.de\/it\/wp-json\/wp\/v2\/types\/page"}],"author":[{"embeddable":true,"href":"https:\/\/kommit-bike.de\/it\/wp-json\/wp\/v2\/users\/2"}],"replies":[{"embeddable":true,"href":"https:\/\/kommit-bike.de\/it\/wp-json\/wp\/v2\/comments?post=31865"}],"version-history":[{"count":0,"href":"https:\/\/kommit-bike.de\/it\/wp-json\/wp\/v2\/pages\/31865\/revisions"}],"wp:featuredmedia":[{"embeddable":true,"href":"https:\/\/kommit-bike.de\/it\/wp-json\/wp\/v2\/media\/31904"}],"wp:attachment":[{"href":"https:\/\/kommit-bike.de\/it\/wp-json\/wp\/v2\/media?parent=31865"}],"curies":[{"name":"wp","href":"https:\/\/api.w.org\/{rel}","templated":true}]}}