{"id":32014,"date":"2025-11-26T21:00:40","date_gmt":"2025-11-26T20:00:40","guid":{"rendered":"https:\/\/kommit-bike.de\/haendlerverzeichnis\/"},"modified":"2026-02-13T15:48:38","modified_gmt":"2026-02-13T14:48:38","slug":"haendlerverzeichnis","status":"publish","type":"page","link":"https:\/\/kommit-bike.de\/it\/haendlerverzeichnis\/","title":{"rendered":"Rivenditori e Distributori"},"content":{"rendered":"\n<p>Qui trovi l&#8217;elenco dei rivenditori di <em>kommit\u00ae<\/em> e i distributori nazionali per i clienti aziendali.<\/p>\n\n<div class=\"wp-block-ugb-icon ugb-icon ugb-52cd3ac ugb-icon--v2 ugb-icon--design-basic ugb-main-block\"><style>.ugb-52cd3ac{justify-content:flex-start !important}.ugb-52cd3ac .ugb-icon__icon .ugb-icon-inner-svg,.ugb-52cd3ac .ugb-icon__icon .ugb-icon-inner-svg svg{width:30px !important;height:30px !important}.ugb-52cd3ac .ugb-icon__icon .ugb-icon-inner-svg{color:var(--base-3) !important;transform:rotate(0deg) !important}.ugb-52cd3ac .ugb-icon__icon{margin-bottom:-5px !important}.ugb-52cd3ac .ugb-icon__icon .ugb-icon__design-wrapper{border-radius:0% !important;padding:11px !important;background:var(--contrast) !important}.ugb-52cd3ac .ugb-inner-block{text-align:left}@media screen and (min-width:768px){.ugb-52cd3ac.ugb-icon{margin-left:0px !important}}@media screen and (max-width:768px){.ugb-52cd3ac.ugb-icon{margin-left:-18px !important}}.ugb-52cd3ac .ugb-icon__icon .ugb-icon-inner-svg,.ugb-52cd3ac .ugb-icon__icon .ugb-icon-inner-svg svg *{color:var(--base-3) !important;fill:var(--base-3) !important}<\/style><div class=\"ugb-inner-block\"><div class=\"ugb-block-content\"><div class=\"ugb-icon__content-wrapper\"><div class=\"ugb-icon__item ugb-icon__item1\"><div class=\"ugb-icon__icon\" rel=\"\"><div class=\"ugb-icon__design-wrapper ugb-icon__design-shaped\"><div class=\"ugb-icon-inner-svg\"><svg xmlns=\"http:\/\/www.w3.org\/2000\/svg\" viewbox=\"0 0 640 512\"><path d=\"M635.7 176.1l-91.4-160C538.6 6.2 528 0 516.5 0h-393C112 0 101.4 6.2 95.7 16.1l-91.4 160C-7.9 197.5 7.4 224 32 224h32v252.8c0 19.4 14.3 35.2 32 35.2h256c17.7 0 32-15.8 32-35.2V224h144v272c0 8.8 7.2 16 16 16h16c8.8 0 16-7.2 16-16V224h32c24.6 0 39.9-26.5 27.7-47.9zM336 464H112v-95.8h224V464zm0-143.8H112V224h224v96.2zM59.6 176l73.1-128h374.5l73.1 128H59.6z\"><\/path><\/svg><\/div><\/div><\/div><\/div><\/div><\/div><\/div><\/div>\n\n<script src=\"https:\/\/static.elfsight.com\/platform\/platform.js\" data-use-service-core=\"\" defer=\"defer\"><\/script>\n<div class=\"elfsight-app-d766b34a-b32c-4958-9954-980fdb639278\" data-elfsight-app-lazy=\"\"><\/div>\n\n<div class=\"wp-block-ugb-icon ugb-icon ugb-1564d25 ugb-icon--v2 ugb-icon--design-basic ugb-main-block\"><style>.ugb-1564d25{justify-content:flex-start !important}.ugb-1564d25 .ugb-icon__icon .ugb-icon-inner-svg,.ugb-1564d25 .ugb-icon__icon .ugb-icon-inner-svg svg{width:30px !important;height:30px !important}.ugb-1564d25 .ugb-icon__icon .ugb-icon-inner-svg{color:var(--base-3) !important;transform:rotate(0deg) !important}.ugb-1564d25 .ugb-icon__icon{margin-bottom:-5px !important}.ugb-1564d25 .ugb-icon__icon .ugb-icon__design-wrapper{border-radius:0% !important;padding:11px !important;background:var(--contrast) !important}.ugb-1564d25 .ugb-inner-block{text-align:left}@media screen and (min-width:768px){.ugb-1564d25.ugb-icon{margin-left:0px !important}}@media screen and (max-width:768px){.ugb-1564d25.ugb-icon{margin-left:-18px !important}}.ugb-1564d25 .ugb-icon__icon .ugb-icon-inner-svg,.ugb-1564d25 .ugb-icon__icon .ugb-icon-inner-svg svg *{color:var(--base-3) !important;fill:var(--base-3) !important}<\/style><div class=\"ugb-inner-block\"><div class=\"ugb-block-content\"><div class=\"ugb-icon__content-wrapper\"><div class=\"ugb-icon__item ugb-icon__item1\"><div class=\"ugb-icon__icon\" rel=\"\"><div class=\"ugb-icon__design-wrapper ugb-icon__design-shaped\"><div class=\"ugb-icon-inner-svg\"><svg aria-hidden=\"true\" focusable=\"false\" data-prefix=\"fal\" data-icon=\"globe-europe\" class=\"svg-inline--fa fa-globe-europe fa-w-16\" role=\"img\" xmlns=\"http:\/\/www.w3.org\/2000\/svg\" viewbox=\"0 0 496 512\"><path fill=\"currentColor\" d=\"M184 119.2c0-7-5.7-12.7-12.7-12.7h-.1c-3.4 0-6.6 1.3-8.9 3.7l-28.5 28.5c-2.4 2.4-3.7 5.6-3.7 8.9v.1c0 7 5.7 12.7 12.7 12.7h18c3.4 0 6.6-1.3 8.9-3.7l10.5-10.5c2.4-2.4 3.7-5.6 3.7-8.9v-18.1zM248 8C111 8 0 119 0 256s111 248 248 248 248-111 248-248S385 8 248 8zm48 458.4V432c0-26.5-21.5-48-48-48h-20.2c-3.9 0-13.1-3.1-16.2-5.4l-22.2-16.7c-3.4-2.5-5.4-6.6-5.4-10.8v-23.9c0-4.7 2.5-9.1 6.5-11.6l42.9-25.7c2.1-1.3 4.5-1.9 6.9-1.9h31.2c3.2 0 6.3 1.2 8.8 3.2l52.2 44.8h30.2l17.3 17.3c9.5 9.5 22.1 14.7 35.5 14.7h16.8c-29.9 49.1-78.7 85.3-136.3 98.4zM448.5 336h-32.9c-4.8 0-9.5-1.9-12.9-5.3l-17.3-17.3c-6-6-14.1-9.4-22.6-9.4h-18.3l-43.2-37.1c-8.2-7.1-18.7-10.9-29.6-10.9h-31.2c-8.2 0-16.3 2.2-23.4 6.5l-42.9 25.7c-13.7 8.2-22.1 23-22.1 39v23.9c0 14.3 6.7 27.8 18.2 36.4l22.2 16.7c8.6 6.5 24.6 11.8 35.4 11.8h20.2c8.8 0 16 7.2 16 16v39.2c-5.3.4-10.6.8-16 .8-119.1 0-216-96.9-216-216 0-118.9 96.5-215.6 215.3-216L232 51.1c-10.2 7.7-16 19.2-16 31.4v23.2c0 6.4 3.1 17 5.9 22.3-.8 2.1-21.1 15-24.6 18.5-8.6 8.6-13.3 20-13.3 32.1V195c0 25 20.4 45.4 45.4 45.4h25.3c11 0 21.2-3.9 29.2-10.6 3.9 1.4 8.2 2.1 12.6 2.1h13.4c25.6 0 32.2-20.2 36.1-21.5 5.1 9.1 13.5 16.2 23.5 19.5-4.3 14.2-.9 30.3 10.1 41.6l18.2 19.1c8.7 8.9 20.6 13.9 32.7 13.9h27.7c-2.4 10.8-5.7 21.3-9.7 31.5zm-17.8-63.6c-3.6 0-7.1-1.5-9.6-4L402.6 249a9.93 9.93 0 0 1 .1-14c12.6-12.6 10.5-8.6 10.5-17.8 0-2.5-1-4.9-2.8-6.7l-7.9-7.9c-1.8-1.8-4.2-2.8-6.7-2.8h-13.4c-8.5 0-12.6-10.3-6.7-16.2l7.9-7.3c1.8-1.8 4.2-2.8 6.7-2.8h8.3c5.2 0 9.5-4.2 9.5-9.5v-10.2c0-5.2-4.2-9.5-9.5-9.5h-28.2c-7.4 0-13.4 6-13.4 13.4v5.6c0 5.8-3.7 10.9-9.2 12.7l-26.5 8.8c-4.3 1.4-4.6 5-4.6 8.2 0 3.7-3 6.7-6.7 6.7h-13.4c-3.7 0-6.7-3-6.7-6.7 0-8.4-12.5-8.6-15.3-3-9 12.4-11.5 18.2-19.9 18.2h-25.3c-7.4 0-13.4-6-13.4-13.4v-16.4c0-3.6 1.4-7 3.9-9.5 19.5-14 29.6-17.6 29.6-31.5 0-2.9 1.8-5.5 4.6-6.4l33.6-11.2c1.4-.5 2.7-1.2 3.7-2.3L313.9 95c5-5 3.5-14.9-6.7-14.9h-17.4L276.4 99v6.7c0 3.7-3 6.7-6.7 6.7h-15c-3.7 0-6.7-3-6.7-6.7V82.5c0-2.1 1-4.1 2.7-5.4l44-31.9C391.4 66.7 464 153 464 256c0 5.5-.4 11-.8 16.4h-32.5z\"><\/path><\/svg><\/div><\/div><\/div><\/div><\/div><\/div><\/div><\/div>\n\n<div class=\"wp-block-ugb-accordion ugb-accordion ugb-3fdd186 ugb-accordion--v2 ugb-accordion--design-basic ugb-main-block\" aria-expanded=\"false\"><style>.ugb-3fdd186 .ugb-accordion__heading{flex-direction:row-reverse;border-radius:0px !important;background-color:#000000 !important;padding-top:40px !important;padding-right:40px !important;padding-bottom:40px !important;padding-left:40px !important}.ugb-3fdd186 .ugb-accordion__heading:before{background-color:#000000 !important}.ugb-3fdd186 .ugb-accordion__title{color:#ffffff}.ugb-3fdd186 .ugb-accordion__arrow{fill:var(--base-3)}.ugb-3fdd186.ugb-accordion{opacity:1 !important}<\/style><div class=\"ugb-inner-block\"><div class=\"ugb-block-content\"><div class=\"ugb-accordion__item\"><div class=\"ugb-accordion__heading ugb--shadow-0\" role=\"button\" tabindex=\"0\"><h4 class=\"ugb-accordion__title\"><strong><span style=\"color: var(--base-3);\" class=\"stk-highlight\">Distributori in tutto il mondo<\/span><\/strong><\/h4><svg xmlns=\"http:\/\/www.w3.org\/2000\/svg\" viewBox=\"0 0 20 20\" class=\"ugb-accordion__arrow\" width=\"20\" height=\"20\"><path d=\"M16.7 3.3L10 10 3.3 3.4 0 6.7l10 10v-.1l10-9.9z\"><\/path><\/svg><\/div><div class=\"ugb-accordion__content\" role=\"region\"><div class=\"ugb-accordion__content-inner\">\n<p><\/p>\n\n\n\n<p class=\"has-base-3-color has-text-color\">H<\/p>\n\n\n\n<p class=\"has-base-3-color has-text-color\"><strong><span style=\"color: var(--contrast);\" class=\"stk-highlight\">Sede, distribuzione internazionale, stampa:<\/span><\/strong><br\/><span style=\"color: var(--contrast);\" class=\"stk-highlight\">kommit Outdoor GmbH, Uhlbergstrasse 54, 91757 Treuchtlingen, <a href=\"mailto:office@kommit-outdoor.com\">office@kommit-outdoor.com<\/a>,<\/span> <a href=\"http:\/\/www.kommit-outdoor.com\">www.kommit-outdoor.com<\/a><br\/><strong><span style=\"color: var(--contrast);\" class=\"stk-highlight\"><br\/>Australia:<\/span><\/strong><br\/><span style=\"color: var(--contrast);\" class=\"stk-highlight\">BikeSportz Imports PTY Ltd., 23c\/23d Industrial Dr, Braeside VIC 3195, Australia, <a href=\"mailto:sales@bikesportz.com.au\">sales@bikesportz.com.au<\/a>, <a href=\"http:\/\/www.bikesportz.com.au\/\" target=\"_blank\" rel=\"noreferrer noopener\">www.bikesportz.com.au<\/a><\/span><\/p>\n\n\n\n<p><strong>Bulgaria:<br\/><\/strong>IntesA Ltd., 1 \u041aukush str., 1309 Sofia, Bulgaria, +359 2 821 14 25 , <a href=\"mailto:info@intesa.bg\">info@intesa.bg<\/a>, <a href=\"https:\/\/intesa.bg\/\">www.intesa.bg<\/a><\/p>\n\n\n\n<p class=\"has-base-3-color has-text-color\"><strong><span style=\"color: var(--contrast);\" class=\"stk-highlight\">Germania:<\/span><\/strong><br\/><span style=\"color: var(--contrast);\" class=\"stk-highlight\">kommit Outdoor GmbH, Uhlbergstrasse 54, 91757 Treuchtlingen, <a href=\"mailto:office@kommit-outdoor.com\">office@kommit-outdoor.com<\/a>,<\/span> <a href=\"http:\/\/www.kommit-outdoor.com\">www.kommit-outdoor.com<\/a><\/p>\n\n\n\n<p><strong>Francia:<\/strong><br\/>WeOutside Distribution, 13 rue du Clos d&#8217;en Haut, 78700 Conflans-Sainte-Honorine, France, +33 0626 198082, <a href=\"fax:contact@weoutside.fr\">contact@weoutside.fr<\/a>, <a href=\"http:\/\/www.weoutside.fr\" target=\"_blank\" rel=\"noreferrer noopener\">www.weoutside.fr<\/a><\/p>\n\n\n\n<p><strong>Canada: <br\/><\/strong>Miles Wide Industries, 2645 N. Cole Rd, Suite C, Boise, ID 83704, <a href=\"mailto:info@miles-wide.com\">info@miles-wide.com<\/a>, <a href=\"http:\/\/www.@miles-wide.com\" target=\"_blank\" rel=\"noreferrer noopener\">www.miles-wide.com<\/a><\/p>\n\n\n\n<p><strong>Croazia: <br\/><\/strong>Origos Group, Ing. Luk\u00e1\u0161 Losonszk\u00fd, Produktov\u00fd mana\u017e\u00e9r \/ Product Manager, +421 905 314 243, <a href=\"mailto:lukas.losonszky@origos.sk\">lukas.losonszky@origos.sk<\/a>, <a href=\"http:\/\/www.origos.eu\/\" target=\"_blank\" rel=\"noreferrer noopener\"><em>www.origos.eu<\/em><\/a> <\/p>\n\n\n\n<p class=\"has-base-3-color has-text-color\"><strong><span style=\"color: var(--contrast);\" class=\"stk-highlight\">Nuova Zelanda:<\/span><\/strong><br\/><span style=\"color: var(--contrast);\" class=\"stk-highlight\">BikeSportz Imports PTY Ltd., 23c\/23d Industrial Dr, Braeside VIC 3195, Australia, <a href=\"mailto:sales@bikesportz.com.au\">sales@bikesportz.com.au<\/a>, <a href=\"http:\/\/www.bikesportz.com.au\/\" target=\"_blank\" rel=\"noreferrer noopener\">www.bikesportz.com.au<\/a><\/span><\/p>\n\n\n\n<p><strong>Paesi Bassi:<br\/><\/strong>BusyBee Bike Products B.V., Korte Huifakkerstraat 22, 4815 PS Breda, +31 76 231 37 48, <a href=\"mailto:sales@busybee.nl\" target=\"_blank\" rel=\"noreferrer noopener\">sales@busybee.nl<\/a>, <a href=\"https:\/\/www.busybee.nl\" target=\"_blank\" rel=\"noreferrer noopener\">www.busybee.nl<\/a><\/p>\n\n\n\n<p class=\"has-base-3-color has-text-color\"><strong><span style=\"color: var(--contrast);\" class=\"stk-highlight\">Austria:<\/span><\/strong><br\/><span style=\"color: var(--contrast);\" class=\"stk-highlight\">kommit Outdoor GmbH, Uhlbergstrasse 54, 91757 Treuchtlingen, <a href=\"mailto:office@kommit-outdoor.com\">office@kommit-outdoor.com<\/a>,<\/span> <a href=\"http:\/\/www.kommit-outdoor.com\">www.kommit-outdoor.com<\/a><\/p>\n\n\n\n<p><strong>Polonia:<br\/><\/strong>IMPROOF FILIP MUSZ, Filip Musz, Kraszewskiego 180C, 33380 Krynica-Zdroj, Polonia, <a href=\"mailto:sklep@szosamtb.pl\">sklep@szosamtb.pl<\/a>, <a href=\"http:\/\/www.szosamtb.pl\" data-type=\"link\" data-id=\"www.szosamtb.pl\">www.szosamtb.pl<\/a><\/p>\n\n\n\n<p><strong>Romania: <br\/><\/strong>Origos Group, Ing. Luk\u00e1\u0161 Losonszk\u00fd, Produktov\u00fd mana\u017e\u00e9r \/ Product Manager, +421 905 314 243, <a href=\"mailto:lukas.losonszky@origos.sk\">lukas.losonszky@origos.sk<\/a>, <a href=\"http:\/\/www.origos.eu\/\" target=\"_blank\" rel=\"noreferrer noopener\"><em>www.origos.eu<\/em><\/a> <\/p>\n\n\n\n<p><strong>Svizzera:<\/strong><br\/>Vitelli Velobedarf AG, Dornacherstrasse 101, 4053 Basel, +41 61 361 70 70, <a href=\"http:\/\/url\/\" target=\"_blank\" rel=\"noreferrer noopener\">info@vitelli.ch<\/a>, <a href=\"http:\/\/www.vitelli.ch\/\" target=\"_blank\" rel=\"noreferrer noopener\">www.vitelli.ch<\/a><\/p>\n\n\n\n<p><strong>Slovenia: <br\/><\/strong>Origos Group, Ing. Luk\u00e1\u0161 Losonszk\u00fd, Produktov\u00fd mana\u017e\u00e9r \/ Product Manager, +421 905 314 243, <a href=\"mailto:lukas.losonszky@origos.sk\">lukas.losonszky@origos.sk<\/a>, <a href=\"http:\/\/www.origos.eu\/\" target=\"_blank\" rel=\"noreferrer noopener\"><em>www.origos.eu<\/em><\/a> <\/p>\n\n\n\n<p><strong>Slovacchia: <br\/><\/strong>Origos Group, Ing. Luk\u00e1\u0161 Losonszk\u00fd, Produktov\u00fd mana\u017e\u00e9r \/ Product Manager, +421 905 314 243, <a href=\"mailto:lukas.losonszky@origos.sk\">lukas.losonszky@origos.sk<\/a>, <a href=\"http:\/\/www.origos.eu\/\" target=\"_blank\" rel=\"noreferrer noopener\"><em>www.origos.eu<\/em><\/a> <\/p>\n\n\n\n<p><strong>Ungheria: <br\/><\/strong>Origos Group, Ing. Luk\u00e1\u0161 Losonszk\u00fd, Produktov\u00fd mana\u017e\u00e9r \/ Product Manager, +421 905 314 243, <a href=\"mailto:lukas.losonszky@origos.sk\">lukas.losonszky@origos.sk<\/a>, <a href=\"http:\/\/www.origos.eu\/\" target=\"_blank\" rel=\"noreferrer noopener\"><em>www.origos.eu<\/em><\/a> <\/p>\n\n\n\n<p><strong>USA: <br\/><\/strong>Miles Wide Industries, 2645 N. Cole Rd, Suite C, Boise, ID 83704, <a href=\"mailto:info@miles-wide.com\">info@miles-wide.com<\/a>, <a href=\"http:\/\/www.@miles-wide.com\" target=\"_blank\" rel=\"noreferrer noopener\">www.miles-wide.com<\/a><\/p>\n\n\n\n<p><strong>Repubblica Ceca:<br\/><\/strong>Forever Faster s.r.o, Marek Petrovic, Meziricska 2313, 756 61 Roznov pod Radhostem, <a rel=\"noreferrer noopener\" href=\"mailto:info@bikeaction.cz\" target=\"_blank\">info@bikeaction.cz<\/a>, <a href=\"http:\/\/www.bikeaction.cz\">www.bikeaction.cz<\/a><\/p>\n\n\n\n<p><strong>Italia:<br\/><\/strong><a href=\"https:\/\/kommit-bike.de\/it\/kontakt\/\" data-type=\"page\" data-id=\"13050\">Inviaci la tua richiesta per diventare un distributore kommit\u00ae!<\/a><\/p>\n\n\n\n<p><strong>Norvegia:<\/strong><br\/><a href=\"office@kommit-outdoor.com\" data-type=\"link\" data-id=\"andy.rieger@kommit-outdoor.com\">Inviaci la tua richiesta per diventare un distributore kommit\u00ae!<\/a><\/p>\n\n\n\n<p><strong>Portogallo:<\/strong><br\/><a href=\"office@kommit-outdoor.com\" data-type=\"link\" data-id=\"andy.rieger@kommit-outdoor.com\">Inviaci la tua richiesta per diventare un distributore kommit\u00ae!<\/a><\/p>\n\n\n\n<p><strong>Spagna:<\/strong><br\/><a href=\"office@kommit-outdoor.com\" data-type=\"link\" data-id=\"andy.rieger@kommit-outdoor.com\">Inviaci la tua richiesta per diventare un distributore kommit\u00ae!<\/a><\/p>\n\n\n\n<p><strong>Regno Unito:<br\/><\/strong><a href=\"office@kommit-outdoor.com\" data-type=\"link\" data-id=\"andy.rieger@kommit-outdoor.com\">Inviaci la tua richiesta per diventare un distributore kommit\u00ae!<\/a><\/p>\n\n\n\n<p><strong>Il tuo paese:<\/strong><br\/><a href=\"office@kommit-outdoor.com\" data-type=\"link\" data-id=\"andy.rieger@kommit-outdoor.com\">Inviaci la tua richiesta per diventare un distributore kommit\u00ae!<\/a><\/p>\n\n\n\n<p><\/p>\n\n\n\n<p class=\"has-base-3-color has-text-color\"><strong><span style=\"color: var(--contrast);\" class=\"stk-highlight\"><br\/><\/span><\/strong><\/p>\n<\/div><\/div><\/div><\/div><\/div><\/div>\n\n<div style=\"height:30px\" aria-hidden=\"true\" class=\"wp-block-spacer\" data-block-type=\"core\"><\/div>\n\n<div class=\"alignfull wp-block-ugb-container ugb-container home-contact ugb-2642ddb ugb-container--v2 ugb-container--design-basic ugb-main-block\"><style>.ugb-2642ddb-wrapper.ugb-container__wrapper{background-color:var(--accent) !important}.ugb-2642ddb-wrapper.ugb-container__wrapper:before{background-color:var(--accent) !important}.ugb-2642ddb h1,.ugb-2642ddb h2,.ugb-2642ddb h3,.ugb-2642ddb h4,.ugb-2642ddb h5,.ugb-2642ddb h6{color:var(--base-3)}.ugb-2642ddb p,.ugb-2642ddb li,.ugb-2642ddb label,.ugb-2642ddb table{color:var(--base-3)}.ugb-2642ddb a:hover,.ugb-2642ddb a:hover:visited{color:var(--base-3)}.ugb-2642ddb-content-wrapper > h1,.ugb-2642ddb-content-wrapper > h2,.ugb-2642ddb-content-wrapper > h3,.ugb-2642ddb-content-wrapper > h4,.ugb-2642ddb-content-wrapper > h5,.ugb-2642ddb-content-wrapper > h6{color:var(--base-3)}.ugb-2642ddb-content-wrapper > p,.ugb-2642ddb-content-wrapper > ol li,.ugb-2642ddb-content-wrapper > ul li{color:var(--base-3)}.ugb-2642ddb.ugb-container{z-index:1 !important}@media screen and (min-width:768px){.ugb-2642ddb.ugb-container{margin-top:0px !important;margin-bottom:0px !important;padding-right:35px !important;padding-bottom:0px !important;padding-left:35px !important}}@media screen and (max-width:768px){.ugb-2642ddb.ugb-container{margin-top:0px !important;margin-bottom:0px !important}}.ugb-2642ddb a,.ugb-2642ddb a:visited,.ugb-2642ddb a:focus{color:var(--base-3)}<\/style><div class=\"ugb-inner-block\"><div class=\"ugb-block-content\"><div class=\"ugb-container__wrapper ugb-2642ddb-wrapper ugb--shadow-0 ugb--restrict-content-width\"><div class=\"ugb-container__side\"><div class=\"ugb-container__content-wrapper ugb-2642ddb-content-wrapper ugb-content-wrapper\">\n<h2 class=\"wp-block-heading\" data-block-type=\"core\">Registrazione come rivenditore<\/h2>\n\n\n\n<p>Accedi al tuo account o crea comodamente un account rivenditore online. Per l&#8217;ordine B2B del tuo <em>kommit <\/em>e di altri prodotti, \u00e8 richiesto un account rivenditore. Clicca qui per registrarti:  <\/p>\n\n\n\n<div class=\"wp-block-ugb-button ugb-button-wrapper ugb-327c1e4 ugb-main-block\"><style>.ugb-327c1e4 .ugb-block-content{justify-content:flex-start !important}.ugb-327c1e4 .ugb-button1{background-color:var(--contrast);padding-top:12px;padding-bottom:12px;border-radius:0px !important}.ugb-327c1e4 .ugb-button1 .ugb-button--inner,.ugb-327c1e4 .ugb-button1 svg:not(.ugb-custom-icon){color:var(--base-3) !important}.ugb-327c1e4 .ugb-button1:before{border-radius:0px !important}.ugb-327c1e4 .ugb-button2 .ugb-button--inner{color:var(--contrast) !important}.ugb-327c1e4 .ugb-button2{border-color:var(--contrast) !important;border-radius:0px !important}.ugb-327c1e4 .ugb-button2:hover{border-color:var(--contrast) !important;background-color:var(--contrast) !important;opacity:1}.ugb-327c1e4 .ugb-button2:hover .ugb-button--inner{color:var(--base-3) !important}.ugb-327c1e4 .ugb-button2.ugb-button--has-icon.ugb-button--has-icon svg:not(.ugb-custom-icon){color:var(--contrast)}.ugb-327c1e4 .ugb-button2.ugb-button--has-icon.ugb-button--has-icon:hover svg:not(.ugb-custom-icon){color:var(--base-3) !important}.ugb-327c1e4 .ugb-button2:before{content:\"\";background-image:linear-gradient(90deg,var(--contrast),var(--contrast));border-radius:0px !important}.ugb-327c1e4 .ugb-inner-block{text-align:left}<\/style><div class=\"ugb-inner-block\"><div class=\"ugb-block-content\"><div class=\"ugb-button-container\"><a class=\"ugb-button1 ugb-button ugb-button--size-medium ugb-button--has-icon ugb-button--icon-position-right\" href=\"https:\/\/kommit-bike.de\/mein-konto\/\" rel=\"\" title=\"\"><div class=\"ugb-icon-inner-svg\"><svg xmlns=\"http:\/\/www.w3.org\/2000\/svg\" viewbox=\"0 0 192 512\"><path d=\"M187.8 264.5L41 412.5c-4.7 4.7-12.3 4.7-17 0L4.2 392.7c-4.7-4.7-4.7-12.3 0-17L122.7 256 4.2 136.3c-4.7-4.7-4.7-12.3 0-17L24 99.5c4.7-4.7 12.3-4.7 17 0l146.8 148c4.7 4.7 4.7 12.3 0 17z\"><\/path><\/svg><\/div><span class=\"ugb-button--inner\">Registrazione come rivenditore<\/span><\/a><\/div><div class=\"ugb-button-container\"><a class=\"ugb-button2 ugb-button ugb-button--size-medium ugb-button--ghost-to-normal-effect ugb-button--design-ghost ugb-button--has-icon ugb-button--icon-position-right\" href=\"https:\/\/kommit-bike.de\/mein-konto\/\" rel=\"\" title=\"\"><div class=\"ugb-icon-inner-svg\"><svg xmlns=\"http:\/\/www.w3.org\/2000\/svg\" viewbox=\"0 0 192 512\"><path d=\"M187.8 264.5L41 412.5c-4.7 4.7-12.3 4.7-17 0L4.2 392.7c-4.7-4.7-4.7-12.3 0-17L122.7 256 4.2 136.3c-4.7-4.7-4.7-12.3 0-17L24 99.5c4.7-4.7 12.3-4.7 17 0l146.8 148c4.7 4.7 4.7 12.3 0 17z\"><\/path><\/svg><\/div><span class=\"ugb-button--inner\">Il tuo account<\/span><\/a><\/div><\/div><\/div><\/div>\n<\/div><\/div><\/div><\/div><\/div><\/div>\n\n<div class=\"alignfull wp-block-ugb-container ugb-container ugb-eb45f68 ugb-container--v2 ugb-container--design-basic ugb-main-block\"><style>.ugb-eb45f68-wrapper > .ugb-container__side{padding-top:35px !important;padding-bottom:35px !important}.ugb-eb45f68-wrapper.ugb-container__wrapper{padding-top:0 !important;padding-bottom:0 !important;background-color:var(--base) !important}.ugb-eb45f68-wrapper.ugb-container__wrapper:before{background-color:var(--base) !important}.ugb-eb45f68 h1,.ugb-eb45f68 h2,.ugb-eb45f68 h3,.ugb-eb45f68 h4,.ugb-eb45f68 h5,.ugb-eb45f68 h6{color:#141937}.ugb-eb45f68 p,.ugb-eb45f68 li,.ugb-eb45f68 label,.ugb-eb45f68 table{color:#141937}.ugb-eb45f68 a:hover,.ugb-eb45f68 a:hover:visited{color:#141937}.ugb-eb45f68-content-wrapper > h1,.ugb-eb45f68-content-wrapper > h2,.ugb-eb45f68-content-wrapper > h3,.ugb-eb45f68-content-wrapper > h4,.ugb-eb45f68-content-wrapper > h5,.ugb-eb45f68-content-wrapper > h6{color:#141937}.ugb-eb45f68-content-wrapper > p,.ugb-eb45f68-content-wrapper > ol li,.ugb-eb45f68-content-wrapper > ul li{color:#141937}.ugb-eb45f68.ugb-container{z-index:1 !important}@media screen and (min-width:768px){.ugb-eb45f68.ugb-container{margin-bottom:-25px !important;padding-right:35px !important;padding-bottom:0px !important;padding-left:35px !important}}@media screen and (min-width:768px) and (max-width:1025px){.ugb-eb45f68.ugb-container{margin-bottom:-30px !important}}@media screen and (max-width:768px){.ugb-eb45f68.ugb-container{margin-top:-20px !important;margin-bottom:-20px !important}}.ugb-eb45f68 a,.ugb-eb45f68 a:visited,.ugb-eb45f68 a:focus{color:#141937}<\/style><div class=\"ugb-inner-block\"><div class=\"ugb-block-content\"><div class=\"ugb-container__wrapper ugb-eb45f68-wrapper ugb--shadow-0 ugb--restrict-content-width\"><div class=\"ugb-container__side\"><div class=\"ugb-container__content-wrapper ugb-eb45f68-content-wrapper ugb-content-wrapper\">\n<h2 class=\"wp-block-heading\" id=\"kontakt\" data-block-type=\"core\">Richieste rivenditori<\/h2>\n\n\n\n<p>Partner di distribuzione: <br\/><strong>RideTime GmbH, Uhlbergstra\u00dfe 54, 91757 Treuchtlingen<\/strong><\/p>\n\n\n\n<p>Telefono:<br\/><br\/><strong><a href=\"tel:004991429454880\" data-type=\"tel\" data-id=\"tel:004991429454880\">+49 (0) 9142 9454880<\/a><\/strong><\/p>\n\n\n\n<p>Email:<\/p>\n\n\n\n<strong><a href=\"mai&#108;&#116;o&#58;of&#102;&#105;ce&#64;ko&#109;&#109;it-o&#117;&#116;do&#111;r.c&#111;&#109;\">&#111;&#102;&#102;&#105;&#99;&#101;&#64;&#107;o&#109;&#109;it&#45;&#111;&#117;&#116;&#100;&#111;&#111;r&#46;c&#111;m<\/a><\/strong>\n\n\n\n<div style=\"height:20px\" aria-hidden=\"true\" class=\"wp-block-spacer\" data-block-type=\"core\"><\/div>\n<\/div><\/div><\/div><\/div><\/div><\/div>\n","protected":false},"excerpt":{"rendered":"<p>Qui trovi l&#8217;elenco dei rivenditori di kommit\u00ae e i distributori nazionali per i clienti aziendali. H Sede, distribuzione internazionale, stampa:kommit &#8230; <\/p>\n<p class=\"read-more-container\"><a title=\"Rivenditori e Distributori\" class=\"read-more button\" href=\"https:\/\/kommit-bike.de\/it\/haendlerverzeichnis\/#more-32014\" aria-label=\"Per saperne di pi\u00f9 su Rivenditori e Distributori\">Leggi tutto<\/a><\/p>\n","protected":false},"author":1013,"featured_media":31774,"parent":0,"menu_order":31,"comment_status":"closed","ping_status":"closed","template":"","meta":{"footnotes":""},"class_list":{"0":"post-32014","1":"page","2":"type-page","3":"status-publish","4":"has-post-thumbnail","6":"resize-featured-image"},"featured_image_urls_v2":{"full":["https:\/\/kommit-bike.de\/wp-content\/uploads\/2025\/10\/kommit-Bike-Towingsystem-2025-2.png",2048,2048,false],"thumbnail":["https:\/\/kommit-bike.de\/wp-content\/uploads\/2025\/10\/kommit-Bike-Towingsystem-2025-2-450x450.png",450,450,true],"medium":["https:\/\/kommit-bike.de\/wp-content\/uploads\/2025\/10\/kommit-Bike-Towingsystem-2025-2-450x450.png",450,450,true],"medium_large":["https:\/\/kommit-bike.de\/wp-content\/uploads\/2025\/10\/kommit-Bike-Towingsystem-2025-2-768x768.png",768,768,true],"large":["https:\/\/kommit-bike.de\/wp-content\/uploads\/2025\/10\/kommit-Bike-Towingsystem-2025-2-650x650.png",650,650,true],"1536x1536":["https:\/\/kommit-bike.de\/wp-content\/uploads\/2025\/10\/kommit-Bike-Towingsystem-2025-2-1536x1536.png",1536,1536,true],"2048x2048":["https:\/\/kommit-bike.de\/wp-content\/uploads\/2025\/10\/kommit-Bike-Towingsystem-2025-2.png",2048,2048,false],"woocommerce_thumbnail":["https:\/\/kommit-bike.de\/wp-content\/uploads\/2025\/10\/kommit-Bike-Towingsystem-2025-2-300x300.png",300,300,true],"woocommerce_single":["https:\/\/kommit-bike.de\/wp-content\/uploads\/2025\/10\/kommit-Bike-Towingsystem-2025-2-600x600.png",600,600,true],"woocommerce_gallery_thumbnail":["https:\/\/kommit-bike.de\/wp-content\/uploads\/2025\/10\/kommit-Bike-Towingsystem-2025-2-100x100.png",100,100,true]},"post_excerpt_stackable_v2":"<p>Qui trovi l&#8217;elenco dei rivenditori di kommit\u00ae e i distributori nazionali per i clienti aziendali. Distributori in tutto il mondo H Sede, distribuzione internazionale, stampa:kommit Outdoor GmbH, Uhlbergstrasse 54, 91757 Treuchtlingen, office@kommit-outdoor.com, www.kommit-outdoor.comAustralia:BikeSportz Imports PTY Ltd., 23c\/23d Industrial Dr, Braeside VIC 3195, Australia, sales@bikesportz.com.au, www.bikesportz.com.au Bulgaria:IntesA Ltd., 1 \u041aukush str., 1309 Sofia, Bulgaria, +359 2 821 14 25 , info@intesa.bg, www.intesa.bg Germania:kommit Outdoor GmbH, Uhlbergstrasse 54, 91757 Treuchtlingen, office@kommit-outdoor.com, www.kommit-outdoor.com Francia:WeOutside Distribution, 13 rue du Clos d&#8217;en Haut, 78700 Conflans-Sainte-Honorine, France, +33 0626 198082, contact@weoutside.fr, www.weoutside.fr Canada: Miles Wide Industries, 2645 N. Cole Rd, Suite C, Boise, ID 83704, info@miles-wide.com,&hellip;<\/p>\n","category_list_v2":"","author_info_v2":{"name":"Kursawe Sebastian","url":"https:\/\/kommit-bike.de\/it\/author\/sebastian\/"},"comments_num_v2":"0 comments","_links":{"self":[{"href":"https:\/\/kommit-bike.de\/it\/wp-json\/wp\/v2\/pages\/32014","targetHints":{"allow":["GET"]}}],"collection":[{"href":"https:\/\/kommit-bike.de\/it\/wp-json\/wp\/v2\/pages"}],"about":[{"href":"https:\/\/kommit-bike.de\/it\/wp-json\/wp\/v2\/types\/page"}],"author":[{"embeddable":true,"href":"https:\/\/kommit-bike.de\/it\/wp-json\/wp\/v2\/users\/1013"}],"replies":[{"embeddable":true,"href":"https:\/\/kommit-bike.de\/it\/wp-json\/wp\/v2\/comments?post=32014"}],"version-history":[{"count":0,"href":"https:\/\/kommit-bike.de\/it\/wp-json\/wp\/v2\/pages\/32014\/revisions"}],"wp:featuredmedia":[{"embeddable":true,"href":"https:\/\/kommit-bike.de\/it\/wp-json\/wp\/v2\/media\/31774"}],"wp:attachment":[{"href":"https:\/\/kommit-bike.de\/it\/wp-json\/wp\/v2\/media?parent=32014"}],"curies":[{"name":"wp","href":"https:\/\/api.w.org\/{rel}","templated":true}]}}